{"id":21712,"date":"2025-10-24T04:08:48","date_gmt":"2025-10-24T07:08:48","guid":{"rendered":"https:\/\/risemode.com\/?page_id=21712"},"modified":"2026-02-12T20:23:58","modified_gmt":"2026-02-12T23:23:58","slug":"wc-frost-360mm-argb-rainbow","status":"publish","type":"page","link":"https:\/\/risemode.com\/es\/wc-frost-360mm-argb-rainbow\/","title":{"rendered":"Frost 360mm ARGB Rainbow"},"content":{"rendered":"<div data-elementor-type=\"wp-page\" data-elementor-id=\"21712\" class=\"elementor elementor-21712\" data-elementor-post-type=\"page\">\n\t\t\t\t\t\t\t\t\t<section class=\"elementor-section elementor-top-section elementor-element elementor-element-2705ebe0 elementor-section-boxed elementor-section-height-default elementor-section-height-default\" data-id=\"2705ebe0\" data-element_type=\"section\">\n\t\t\t\t\t\t<div class=\"elementor-container elementor-column-gap-default\">\n\t\t\t\t\t<div class=\"elementor-column elementor-col-100 elementor-top-column elementor-element elementor-element-72ae9e91\" data-id=\"72ae9e91\" data-element_type=\"column\">\n\t\t\t<div class=\"elementor-widget-wrap elementor-element-populated\">\n\t\t\t\t\t\t\t\t<div class=\"elementor-element elementor-element-a3b9eb8 elementor-widget elementor-widget-heading\" data-id=\"a3b9eb8\" data-element_type=\"widget\" data-widget_type=\"heading.default\">\n\t\t\t\t<div class=\"elementor-widget-container\">\n\t\t\t<h2 class=\"elementor-heading-title elementor-size-xxl\">Comprar<\/h2>\t\t<\/div>\n\t\t\t\t<\/div>\n\t\t\t\t\t<\/div>\n\t\t<\/div>\n\t\t\t\t\t\t\t<\/div>\n\t\t<\/section>\n\t\t<div class=\"elementor-element elementor-element-679902e0 e-con-full e-flex e-con\" data-id=\"679902e0\" data-element_type=\"container\" data-settings=\"{&quot;content_width&quot;:&quot;full&quot;}\">\n\t\t<div class=\"elementor-element elementor-element-6795ce7d e-con-full e-flex e-con\" data-id=\"6795ce7d\" data-element_type=\"container\" data-settings=\"{&quot;content_width&quot;:&quot;full&quot;,&quot;background_background&quot;:&quot;classic&quot;}\">\n\t\t\t\t<div class=\"elementor-element elementor-element-291bdf3c elementor-widget elementor-widget-image\" data-id=\"291bdf3c\" data-element_type=\"widget\" data-widget_type=\"image.default\">\n\t\t\t\t<div class=\"elementor-widget-container\">\n\t\t\t\t\t\t\t\t\t\t\t\t\t\t\t\t<a href=\"https:\/\/www.amazon.com\/s?i=merchant-items&#038;me=A2Z190E8OU3Q34&#038;marketplaceID=ATVPDKIKX0DER&#038;qid=1682472974&#038;ref=sr_pg_2\" target=\"_blank\">\n\t\t\t\t\t\t\t<img decoding=\"async\" src=\"https:\/\/risemode.com\/wp-content\/uploads\/2024\/04\/rise_usa-1.svg\" title=\"rise_usa 1\" alt=\"rise_usa 1\" loading=\"lazy\" \/>\t\t\t\t\t\t\t\t<\/a>\n\t\t\t\t\t\t\t\t\t\t\t\t\t\t\t<\/div>\n\t\t\t\t<\/div>\n\t\t\t\t<div class=\"elementor-element elementor-element-620bb9d elementor-widget elementor-widget-heading\" data-id=\"620bb9d\" data-element_type=\"widget\" data-widget_type=\"heading.default\">\n\t\t\t\t<div class=\"elementor-widget-container\">\n\t\t\t<h2 class=\"elementor-heading-title elementor-size-default\"><a href=\"https:\/\/www.amazon.com\/s?i=merchant-items&#038;me=A2Z190E8OU3Q34&#038;marketplaceID=ATVPDKIKX0DER&#038;qid=1682472974&#038;ref=sr_pg_2\" target=\"_blank\">RISE USA<\/a><\/h2>\t\t<\/div>\n\t\t\t\t<\/div>\n\t\t\t\t<\/div>\n\t\t<div class=\"elementor-element elementor-element-6cecbd6e e-con-full e-flex e-con\" data-id=\"6cecbd6e\" data-element_type=\"container\" data-settings=\"{&quot;content_width&quot;:&quot;full&quot;,&quot;background_background&quot;:&quot;classic&quot;}\">\n\t\t\t\t<div class=\"elementor-element elementor-element-74124f38 elementor-widget elementor-widget-image\" data-id=\"74124f38\" data-element_type=\"widget\" data-widget_type=\"image.default\">\n\t\t\t\t<div class=\"elementor-widget-container\">\n\t\t\t\t\t\t\t\t\t\t\t\t\t\t\t\t<a href=\"https:\/\/www.lojarisemode.com.br\" target=\"_blank\">\n\t\t\t\t\t\t\t<img decoding=\"async\" src=\"https:\/\/risemode.com\/wp-content\/uploads\/elementor\/thumbs\/fav-logo-rise-white-quj9d0fz7f9az59v94cpbblv5hbr6ug0j2w8hhrwj8.png\" title=\"fav-logo-rise-white\" alt=\"fav-logo-rise-white\" loading=\"lazy\" \/>\t\t\t\t\t\t\t\t<\/a>\n\t\t\t\t\t\t\t\t\t\t\t\t\t\t\t<\/div>\n\t\t\t\t<\/div>\n\t\t\t\t<div class=\"elementor-element elementor-element-566d8347 elementor-widget elementor-widget-heading\" data-id=\"566d8347\" data-element_type=\"widget\" data-widget_type=\"heading.default\">\n\t\t\t\t<div class=\"elementor-widget-container\">\n\t\t\t<h2 class=\"elementor-heading-title elementor-size-default\"><a href=\"https:\/\/www.lojarisemode.com.br\" target=\"_blank\">RISE STORE<\/a><\/h2>\t\t<\/div>\n\t\t\t\t<\/div>\n\t\t\t\t<\/div>\n\t\t<div class=\"elementor-element elementor-element-6a9db355 e-con-full e-flex e-con\" data-id=\"6a9db355\" data-element_type=\"container\" data-settings=\"{&quot;content_width&quot;:&quot;full&quot;,&quot;background_background&quot;:&quot;classic&quot;}\">\n\t\t\t\t<div class=\"elementor-element elementor-element-36c1640f elementor-widget elementor-widget-image\" data-id=\"36c1640f\" data-element_type=\"widget\" data-widget_type=\"image.default\">\n\t\t\t\t<div class=\"elementor-widget-container\">\n\t\t\t\t\t\t\t\t\t\t\t\t\t\t\t\t<a href=\"https:\/\/tidd.ly\/4e55nXF\" target=\"_blank\">\n\t\t\t\t\t\t\t<img decoding=\"async\" src=\"https:\/\/risemode.com\/wp-content\/uploads\/2024\/04\/kabum-1.svg\" title=\"kabum 1\" alt=\"kabum 1\" loading=\"lazy\" \/>\t\t\t\t\t\t\t\t<\/a>\n\t\t\t\t\t\t\t\t\t\t\t\t\t\t\t<\/div>\n\t\t\t\t<\/div>\n\t\t\t\t<div class=\"elementor-element elementor-element-682da77a elementor-widget elementor-widget-heading\" data-id=\"682da77a\" data-element_type=\"widget\" data-widget_type=\"heading.default\">\n\t\t\t\t<div class=\"elementor-widget-container\">\n\t\t\t<h2 class=\"elementor-heading-title elementor-size-default\"><a href=\"https:\/\/tidd.ly\/4e55nXF\" target=\"_blank\"><span translate=\"no\">Kabum<\/span><\/a><\/h2>\t\t<\/div>\n\t\t\t\t<\/div>\n\t\t\t\t<\/div>\n\t\t<div class=\"elementor-element elementor-element-5087f88b e-con-full e-flex e-con\" data-id=\"5087f88b\" data-element_type=\"container\" data-settings=\"{&quot;content_width&quot;:&quot;full&quot;,&quot;background_background&quot;:&quot;classic&quot;}\">\n\t\t\t\t<div class=\"elementor-element elementor-element-61edea9a elementor-widget elementor-widget-image\" data-id=\"61edea9a\" data-element_type=\"widget\" data-widget_type=\"image.default\">\n\t\t\t\t<div class=\"elementor-widget-container\">\n\t\t\t\t\t\t\t\t\t\t\t\t\t\t\t\t<a href=\"https:\/\/www.gigantec.com.br\/parceria-rise-mode\" target=\"_blank\">\n\t\t\t\t\t\t\t<img decoding=\"async\" src=\"https:\/\/risemode.com\/wp-content\/uploads\/elementor\/thumbs\/gigantec-logo-ripdug8w3a4uzl2domklxu7p031tbdl8bzfvrd9j78.png\" title=\"gigantec-logo\" alt=\"gigantec-logo\" loading=\"lazy\" \/>\t\t\t\t\t\t\t\t<\/a>\n\t\t\t\t\t\t\t\t\t\t\t\t\t\t\t<\/div>\n\t\t\t\t<\/div>\n\t\t\t\t<div class=\"elementor-element elementor-element-4df91bbe elementor-widget elementor-widget-heading\" data-id=\"4df91bbe\" data-element_type=\"widget\" data-widget_type=\"heading.default\">\n\t\t\t\t<div class=\"elementor-widget-container\">\n\t\t\t<h2 class=\"elementor-heading-title elementor-size-default\"><a href=\"https:\/\/www.gigantec.com.br\/parceria-rise-mode\" target=\"_blank\"><span translate=\"no\">GIGANTEC<\/span><\/a><\/h2>\t\t<\/div>\n\t\t\t\t<\/div>\n\t\t\t\t<\/div>\n\t\t\t\t<\/div>\n\t\t\t\t<section class=\"elementor-section elementor-top-section elementor-element elementor-element-477f42c9 elementor-section-boxed elementor-section-height-default elementor-section-height-default\" data-id=\"477f42c9\" data-element_type=\"section\">\n\t\t\t\t\t\t<div class=\"elementor-container elementor-column-gap-default\">\n\t\t\t\t\t<div class=\"elementor-column elementor-col-100 elementor-top-column elementor-element elementor-element-1e0b472e\" data-id=\"1e0b472e\" data-element_type=\"column\">\n\t\t\t<div class=\"elementor-widget-wrap elementor-element-populated\">\n\t\t\t\t\t\t\t\t<div class=\"elementor-element elementor-element-32ceb2fb elementor--h-position-center elementor--v-position-middle elementor-arrows-position-inside elementor-pagination-position-inside elementor-widget elementor-widget-slides\" data-id=\"32ceb2fb\" data-element_type=\"widget\" data-settings=\"{&quot;navigation&quot;:&quot;both&quot;,&quot;autoplay&quot;:&quot;yes&quot;,&quot;pause_on_hover&quot;:&quot;yes&quot;,&quot;pause_on_interaction&quot;:&quot;yes&quot;,&quot;autoplay_speed&quot;:5000,&quot;infinite&quot;:&quot;yes&quot;,&quot;transition&quot;:&quot;slide&quot;,&quot;transition_speed&quot;:500}\" data-widget_type=\"slides.default\">\n\t\t\t\t<div class=\"elementor-widget-container\">\n\t\t\t\t\t<div class=\"elementor-swiper\">\n\t\t\t<div class=\"elementor-slides-wrapper elementor-main-swiper swiper\" dir=\"ltr\" data-animation=\"fadeInUp\">\n\t\t\t\t<div class=\"swiper-wrapper elementor-slides\">\n\t\t\t\t\t\t\t\t\t\t<div class=\"elementor-repeater-item-9aeec2f swiper-slide\"><div class=\"swiper-slide-bg\" role=\"img\"><\/div><div class=\"swiper-slide-inner\" ><div class=\"swiper-slide-contents\"><\/div><\/div><\/div><div class=\"elementor-repeater-item-bd47b2f swiper-slide\"><div class=\"swiper-slide-bg\" role=\"img\"><\/div><div class=\"swiper-slide-inner\" ><div class=\"swiper-slide-contents\"><\/div><\/div><\/div><div class=\"elementor-repeater-item-e12e30a swiper-slide\"><div class=\"swiper-slide-bg\" role=\"img\"><\/div><div class=\"swiper-slide-inner\" ><div class=\"swiper-slide-contents\"><\/div><\/div><\/div><div class=\"elementor-repeater-item-e2dc4f9 swiper-slide\"><div class=\"swiper-slide-bg\" role=\"img\"><\/div><div class=\"swiper-slide-inner\" ><div class=\"swiper-slide-contents\"><\/div><\/div><\/div><div class=\"elementor-repeater-item-68eebd2 swiper-slide\"><div class=\"swiper-slide-bg\" role=\"img\"><\/div><div class=\"swiper-slide-inner\" ><div class=\"swiper-slide-contents\"><\/div><\/div><\/div><div class=\"elementor-repeater-item-859b0d1 swiper-slide\"><div class=\"swiper-slide-bg\" role=\"img\"><\/div><div class=\"swiper-slide-inner\" ><div class=\"swiper-slide-contents\"><\/div><\/div><\/div><div class=\"elementor-repeater-item-cbb6e79 swiper-slide\"><div class=\"swiper-slide-bg\" role=\"img\"><\/div><div class=\"swiper-slide-inner\" ><div class=\"swiper-slide-contents\"><\/div><\/div><\/div><div class=\"elementor-repeater-item-8bcfdf8 swiper-slide\"><div class=\"swiper-slide-bg\" role=\"img\"><\/div><div class=\"swiper-slide-inner\" ><div class=\"swiper-slide-contents\"><\/div><\/div><\/div>\t\t\t\t<\/div>\n\t\t\t\t\t\t\t\t\t\t\t\t\t\t\t<div class=\"swiper-pagination\"><\/div>\n\t\t\t\t\t\t\t\t\t\t\t\t\t\t\t\t<div class=\"elementor-swiper-button elementor-swiper-button-prev\" role=\"button\" tabindex=\"0\">\n\t\t\t\t\t\t\t<i aria-hidden=\"true\" class=\"eicon-chevron-left\"><\/i>\t\t\t\t\t\t\t<span class=\"elementor-screen-only\">Previous slide<\/span>\n\t\t\t\t\t\t<\/div>\n\t\t\t\t\t\t<div class=\"elementor-swiper-button elementor-swiper-button-next\" role=\"button\" tabindex=\"0\">\n\t\t\t\t\t\t\t<i aria-hidden=\"true\" class=\"eicon-chevron-right\"><\/i>\t\t\t\t\t\t\t<span class=\"elementor-screen-only\">Next slide<\/span>\n\t\t\t\t\t\t<\/div>\n\t\t\t\t\t\t\t\t\t\t\t\t<\/div>\n\t\t<\/div>\n\t\t\t\t<\/div>\n\t\t\t\t<\/div>\n\t\t\t\t\t<\/div>\n\t\t<\/div>\n\t\t\t\t\t\t\t<\/div>\n\t\t<\/section>\n\t\t\t\t<section class=\"elementor-section elementor-top-section elementor-element elementor-element-318a2d1 elementor-section-boxed elementor-section-height-default elementor-section-height-default\" data-id=\"318a2d1\" data-element_type=\"section\">\n\t\t\t\t\t\t<div class=\"elementor-container elementor-column-gap-default\">\n\t\t\t\t\t<div class=\"elementor-column elementor-col-100 elementor-top-column elementor-element elementor-element-56729ccf\" data-id=\"56729ccf\" data-element_type=\"column\">\n\t\t\t<div class=\"elementor-widget-wrap elementor-element-populated\">\n\t\t\t\t\t\t\t\t<div class=\"elementor-element elementor-element-425fbf54 elementor-widget elementor-widget-heading\" data-id=\"425fbf54\" data-element_type=\"widget\" data-widget_type=\"heading.default\">\n\t\t\t\t<div class=\"elementor-widget-container\">\n\t\t\t<h1 class=\"elementor-heading-title elementor-size-xxl\"><span translate=\"no\"> Frost 360mm ARGB Rainbow<\/span><\/h1>\t\t<\/div>\n\t\t\t\t<\/div>\n\t\t\t\t\t<\/div>\n\t\t<\/div>\n\t\t\t\t\t\t\t<\/div>\n\t\t<\/section>\n\t\t\t\t<section class=\"elementor-section elementor-top-section elementor-element elementor-element-36103a56 elementor-section-boxed elementor-section-height-default elementor-section-height-default\" data-id=\"36103a56\" data-element_type=\"section\">\n\t\t\t\t\t\t<div class=\"elementor-container elementor-column-gap-default\">\n\t\t\t\t\t<div class=\"elementor-column elementor-col-100 elementor-top-column elementor-element elementor-element-18d66212\" data-id=\"18d66212\" data-element_type=\"column\">\n\t\t\t<div class=\"elementor-widget-wrap elementor-element-populated\">\n\t\t\t\t\t\t\t\t<div class=\"elementor-element elementor-element-6e488e7a elementor-widget elementor-widget-text-editor\" data-id=\"6e488e7a\" data-element_type=\"widget\" data-widget_type=\"text-editor.default\">\n\t\t\t\t<div class=\"elementor-widget-container\">\n\t\t\t\t\t\t\t<h6 class=\"sr-only\">Dito pelo ChatGPT:<\/h6>\n<div class=\"text-base my-auto mx-auto pb-10 [--thread-content-margin:--spacing(4)] thread-sm:[--thread-content-margin:--spacing(6)] thread-lg:[--thread-content-margin:--spacing(16)] px-(--thread-content-margin)\">\n<div class=\"[--thread-content-max-width:40rem] thread-lg:[--thread-content-max-width:48rem] mx-auto max-w-(--thread-content-max-width) flex-1 group\/turn-messages focus-visible:outline-hidden relative flex w-full min-w-0 flex-col agent-turn\" tabindex=\"-1\">\n<div class=\"flex max-w-full flex-col grow\">\n<div class=\"min-h-8 text-message relative flex w-full flex-col items-end gap-2 text-start break-words whitespace-normal [.text-message+&amp;]:mt-1\" dir=\"auto\" data-message-author-role=\"assistant\" data-message-id=\"b703c547-18ba-4223-b708-42b0f62ea024\" data-message-model-slug=\"gpt-5-instant\">\n<div class=\"flex w-full flex-col gap-1 empty:hidden first:pt-[1px]\">\n<div class=\"markdown prose dark:prose-invert w-full break-words dark markdown-new-styling\">\n<p data-start=\"0\" data-end=\"574\" data-is-last-node=\"\" data-is-only-node=\"\">TDP: 270W<br data-start=\"9\" data-end=\"12\">Part Number: RM-WCF-04-RBW<br><span style=\"letter-spacing: 0.3px;\">Socket: Intel \u2013 LGA1156 \/ 1155 \/ 1151 \/ 1150 \/ 1366 \/ 2011 \/ 1200 \/ 1700<br><\/span><span style=\"letter-spacing: 0.3px;\">AMD Socket \u2013 FM2+ \/ FM1 \/ AM3+ \/ AM3 \/ AM2 \/ AM4 \/ AM5<br><\/span><span style=\"letter-spacing: 0.3px;\">Tamanho do Fan: 120 x 120 x 25mm (3x)<br><\/span><span style=\"letter-spacing: 0.3px;\">LEDs: ARGB RAINBOW<br><\/span><span style=\"letter-spacing: 0.3px;\">(Os Leds da Bomba e das fans n\u00e3o \u00e9 poss\u00edvel alterar as cores)<br><\/span><span style=\"letter-spacing: 0.3px;\">Fan Speed: 800-1800 \u00b1 10% RPM<br><\/span><span style=\"letter-spacing: 0.3px;\">Tipo de Rolamento: Rolamento Hidr\u00e1ulico<br><\/span><span style=\"letter-spacing: 0.3px;\">Voltagem: 12V<br><\/span><span style=\"letter-spacing: 0.3px;\">Ru\u00eddo do Fan: 23 dB(A)<br><\/span><span style=\"letter-spacing: 0.3px;\">Fluxo de ar: 68,1 CFM (MAX)<br><\/span><span style=\"letter-spacing: 0.3px;\">Press\u00e3o est\u00e1tica:1.68 mmH2O max<br><\/span><span style=\"letter-spacing: 0.3px;\">Vida \u00fatil do Fan: 80,000 hours<br><\/span><span style=\"letter-spacing: 0.3px;\">** Os LEDs s\u00e3o do tipo ARGB Rainbow e n\u00e3o possuem conectores para controle de LED, o que significa que n\u00e3o \u00e9 poss\u00edvel alterar as cores.<\/span><\/p><p data-start=\"0\" data-end=\"11\"><span style=\"letter-spacing: 0.3px;\">Conte\u00fado da Embalagem:<\/span><\/p>\n<p data-start=\"0\" data-end=\"11\"><span style=\"letter-spacing: 0.3px;\">3x Fans Frost ARGB Rainbow 120mm<br><\/span><span style=\"letter-spacing: 0.3px;\">1x Radiador Completo Branco 360mm<br><\/span><span style=\"letter-spacing: 0.3px;\">1x Pasta T\u00e9rmica<br><\/span><span style=\"letter-spacing: 0.3px;\">1x Pack Parafusos<br><\/span><span style=\"letter-spacing: 0.3px;\">1x Suporte Socket AMD<br><\/span><span style=\"letter-spacing: 0.3px;\">2x Suporte Socket Intel<\/span><\/p>\n<\/div>\n<\/div>\n<\/div>\n<\/div>\n<\/div>\n<\/div>\t\t\t\t\t\t<\/div>\n\t\t\t\t<\/div>\n\t\t\t\t\t<\/div>\n\t\t<\/div>\n\t\t\t\t\t\t\t<\/div>\n\t\t<\/section>\n\t\t\t\t\t\t\t<\/div>","protected":false},"excerpt":{"rendered":"<p>BUY RISE USA RISE STORE Kabum GIGANTEC Previous slide Next slide Frost 360mm ARGB Rainbow Dito pelo ChatGPT: TDP: 270WPart Number: RM-WCF-04-RBWSocket: Intel \u2013 LGA1156 \/ 1155 \/ 1151 \/ 1150 \/ 1366 \/ 2011 \/ 1200 \/ 1700AMD Socket \u2013 FM2+ \/ FM1 \/ AM3+ \/ AM3 \/ AM2 \/ AM4 \/ AM5Tamanho do [&hellip;]<\/p>","protected":false},"author":1,"featured_media":21642,"parent":0,"menu_order":0,"comment_status":"closed","ping_status":"closed","template":"","meta":{"footnotes":""},"yoast_head":"<!-- This site is optimized with the Yoast SEO plugin v23.2 - https:\/\/yoast.com\/wordpress\/plugins\/seo\/ -->\n<title>Frost 360mm ARGB Rainbow - Rise Mode - Industry<\/title>\n<meta name=\"description\" content=\"Frost 360mm ARGB Rainbow\" \/>\n<meta name=\"robots\" content=\"index, follow, max-snippet:-1, max-image-preview:large, max-video-preview:-1\" \/>\n<link rel=\"canonical\" href=\"https:\/\/risemode.com\/es\/wc-frost-360mm-argb-rainbow\/\" \/>\n<meta property=\"og:locale\" content=\"es_ES\" \/>\n<meta property=\"og:type\" content=\"article\" \/>\n<meta property=\"og:title\" content=\"Frost 360mm ARGB Rainbow - Rise Mode - Industry\" \/>\n<meta property=\"og:description\" content=\"Frost 360mm ARGB Rainbow\" \/>\n<meta property=\"og:url\" content=\"https:\/\/risemode.com\/es\/wc-frost-360mm-argb-rainbow\/\" \/>\n<meta property=\"og:site_name\" content=\"Rise Mode - Industry\" \/>\n<meta property=\"article:publisher\" content=\"https:\/\/www.facebook.com\/risemode.com.br\" \/>\n<meta property=\"article:modified_time\" content=\"2026-02-12T23:23:58+00:00\" \/>\n<meta property=\"og:image\" content=\"https:\/\/risemode.com\/wp-content\/uploads\/2025\/10\/wc_white_360mm_new.png\" \/>\n\t<meta property=\"og:image:width\" content=\"1080\" \/>\n\t<meta property=\"og:image:height\" content=\"1080\" \/>\n\t<meta property=\"og:image:type\" content=\"image\/png\" \/>\n<meta name=\"twitter:card\" content=\"summary_large_image\" \/>\n<meta name=\"twitter:site\" content=\"@risemode\" \/>\n<meta name=\"twitter:label1\" content=\"Tiempo de lectura\" \/>\n\t<meta name=\"twitter:data1\" content=\"2 minutos\" \/>\n<script type=\"application\/ld+json\" class=\"yoast-schema-graph\">{\"@context\":\"https:\/\/schema.org\",\"@graph\":[{\"@type\":\"WebPage\",\"@id\":\"https:\/\/risemode.com\/wc-frost-360mm-argb-rainbow\/\",\"url\":\"https:\/\/risemode.com\/wc-frost-360mm-argb-rainbow\/\",\"name\":\"Frost 360mm ARGB Rainbow - Rise Mode - Industry\",\"isPartOf\":{\"@id\":\"https:\/\/risemode.com\/#website\"},\"primaryImageOfPage\":{\"@id\":\"https:\/\/risemode.com\/wc-frost-360mm-argb-rainbow\/#primaryimage\"},\"image\":{\"@id\":\"https:\/\/risemode.com\/wc-frost-360mm-argb-rainbow\/#primaryimage\"},\"thumbnailUrl\":\"https:\/\/risemode.com\/wp-content\/uploads\/2025\/10\/wc_white_360mm_new.png\",\"datePublished\":\"2025-10-24T07:08:48+00:00\",\"dateModified\":\"2026-02-12T23:23:58+00:00\",\"description\":\"Frost 360mm ARGB Rainbow\",\"breadcrumb\":{\"@id\":\"https:\/\/risemode.com\/wc-frost-360mm-argb-rainbow\/#breadcrumb\"},\"inLanguage\":\"es\",\"potentialAction\":[{\"@type\":\"ReadAction\",\"target\":[\"https:\/\/risemode.com\/wc-frost-360mm-argb-rainbow\/\"]}]},{\"@type\":\"ImageObject\",\"inLanguage\":\"es\",\"@id\":\"https:\/\/risemode.com\/wc-frost-360mm-argb-rainbow\/#primaryimage\",\"url\":\"https:\/\/risemode.com\/wp-content\/uploads\/2025\/10\/wc_white_360mm_new.png\",\"contentUrl\":\"https:\/\/risemode.com\/wp-content\/uploads\/2025\/10\/wc_white_360mm_new.png\",\"width\":1080,\"height\":1080},{\"@type\":\"BreadcrumbList\",\"@id\":\"https:\/\/risemode.com\/wc-frost-360mm-argb-rainbow\/#breadcrumb\",\"itemListElement\":[{\"@type\":\"ListItem\",\"position\":1,\"name\":\"In\u00edcio\",\"item\":\"https:\/\/risemode.com\/\"},{\"@type\":\"ListItem\",\"position\":2,\"name\":\"Frost 360mm ARGB Rainbow\"}]},{\"@type\":\"WebSite\",\"@id\":\"https:\/\/risemode.com\/#website\",\"url\":\"https:\/\/risemode.com\/\",\"name\":\"Rise Mode - Industry\",\"description\":\"Computer Parts\",\"publisher\":{\"@id\":\"https:\/\/risemode.com\/#organization\"},\"potentialAction\":[{\"@type\":\"SearchAction\",\"target\":{\"@type\":\"EntryPoint\",\"urlTemplate\":\"https:\/\/risemode.com\/?s={search_term_string}\"},\"query-input\":\"required name=search_term_string\"}],\"inLanguage\":\"es\"},{\"@type\":\"Organization\",\"@id\":\"https:\/\/risemode.com\/#organization\",\"name\":\"Rise Mode - Industry\",\"url\":\"https:\/\/risemode.com\/\",\"logo\":{\"@type\":\"ImageObject\",\"inLanguage\":\"es\",\"@id\":\"https:\/\/risemode.com\/#\/schema\/logo\/image\/\",\"url\":\"https:\/\/risemode.com\/wp-content\/uploads\/2023\/11\/LOGO-RISE-AZUL.png\",\"contentUrl\":\"https:\/\/risemode.com\/wp-content\/uploads\/2023\/11\/LOGO-RISE-AZUL.png\",\"width\":2160,\"height\":2160,\"caption\":\"Rise Mode - Industry\"},\"image\":{\"@id\":\"https:\/\/risemode.com\/#\/schema\/logo\/image\/\"},\"sameAs\":[\"https:\/\/www.facebook.com\/risemode.com.br\",\"https:\/\/x.com\/risemode\",\"https:\/\/www.instagram.com\/rise.mode\/\",\"https:\/\/www.youtube.com\/risemode\"]}]}<\/script>\n<!-- \/ Yoast SEO plugin. -->","yoast_head_json":{"title":"Frost 360mm ARGB Rainbow - Rise Mode - Industry","description":"Frost 360mm ARGB Rainbow","robots":{"index":"index","follow":"follow","max-snippet":"max-snippet:-1","max-image-preview":"max-image-preview:large","max-video-preview":"max-video-preview:-1"},"canonical":"https:\/\/risemode.com\/es\/wc-frost-360mm-argb-rainbow\/","og_locale":"es_ES","og_type":"article","og_title":"Frost 360mm ARGB Rainbow - Rise Mode - Industry","og_description":"Frost 360mm ARGB Rainbow","og_url":"https:\/\/risemode.com\/es\/wc-frost-360mm-argb-rainbow\/","og_site_name":"Rise Mode - Industry","article_publisher":"https:\/\/www.facebook.com\/risemode.com.br","article_modified_time":"2026-02-12T23:23:58+00:00","og_image":[{"width":1080,"height":1080,"url":"https:\/\/risemode.com\/wp-content\/uploads\/2025\/10\/wc_white_360mm_new.png","type":"image\/png"}],"twitter_card":"summary_large_image","twitter_site":"@risemode","twitter_misc":{"Tiempo de lectura":"2 minutos"},"schema":{"@context":"https:\/\/schema.org","@graph":[{"@type":"WebPage","@id":"https:\/\/risemode.com\/wc-frost-360mm-argb-rainbow\/","url":"https:\/\/risemode.com\/wc-frost-360mm-argb-rainbow\/","name":"Frost 360mm ARGB Rainbow - Rise Mode - Industry","isPartOf":{"@id":"https:\/\/risemode.com\/#website"},"primaryImageOfPage":{"@id":"https:\/\/risemode.com\/wc-frost-360mm-argb-rainbow\/#primaryimage"},"image":{"@id":"https:\/\/risemode.com\/wc-frost-360mm-argb-rainbow\/#primaryimage"},"thumbnailUrl":"https:\/\/risemode.com\/wp-content\/uploads\/2025\/10\/wc_white_360mm_new.png","datePublished":"2025-10-24T07:08:48+00:00","dateModified":"2026-02-12T23:23:58+00:00","description":"Frost 360mm ARGB Rainbow","breadcrumb":{"@id":"https:\/\/risemode.com\/wc-frost-360mm-argb-rainbow\/#breadcrumb"},"inLanguage":"es","potentialAction":[{"@type":"ReadAction","target":["https:\/\/risemode.com\/wc-frost-360mm-argb-rainbow\/"]}]},{"@type":"ImageObject","inLanguage":"es","@id":"https:\/\/risemode.com\/wc-frost-360mm-argb-rainbow\/#primaryimage","url":"https:\/\/risemode.com\/wp-content\/uploads\/2025\/10\/wc_white_360mm_new.png","contentUrl":"https:\/\/risemode.com\/wp-content\/uploads\/2025\/10\/wc_white_360mm_new.png","width":1080,"height":1080},{"@type":"BreadcrumbList","@id":"https:\/\/risemode.com\/wc-frost-360mm-argb-rainbow\/#breadcrumb","itemListElement":[{"@type":"ListItem","position":1,"name":"In\u00edcio","item":"https:\/\/risemode.com\/"},{"@type":"ListItem","position":2,"name":"Frost 360mm ARGB Rainbow"}]},{"@type":"WebSite","@id":"https:\/\/risemode.com\/#website","url":"https:\/\/risemode.com\/","name":"Rise Mode - Industry","description":"Computer Parts","publisher":{"@id":"https:\/\/risemode.com\/#organization"},"potentialAction":[{"@type":"SearchAction","target":{"@type":"EntryPoint","urlTemplate":"https:\/\/risemode.com\/?s={search_term_string}"},"query-input":"required name=search_term_string"}],"inLanguage":"es"},{"@type":"Organization","@id":"https:\/\/risemode.com\/#organization","name":"Rise Mode - Industry","url":"https:\/\/risemode.com\/","logo":{"@type":"ImageObject","inLanguage":"es","@id":"https:\/\/risemode.com\/#\/schema\/logo\/image\/","url":"https:\/\/risemode.com\/wp-content\/uploads\/2023\/11\/LOGO-RISE-AZUL.png","contentUrl":"https:\/\/risemode.com\/wp-content\/uploads\/2023\/11\/LOGO-RISE-AZUL.png","width":2160,"height":2160,"caption":"Rise Mode - Industry"},"image":{"@id":"https:\/\/risemode.com\/#\/schema\/logo\/image\/"},"sameAs":["https:\/\/www.facebook.com\/risemode.com.br","https:\/\/x.com\/risemode","https:\/\/www.instagram.com\/rise.mode\/","https:\/\/www.youtube.com\/risemode"]}]}},"jetpack_sharing_enabled":true,"_links":{"self":[{"href":"https:\/\/risemode.com\/es\/wp-json\/wp\/v2\/pages\/21712"}],"collection":[{"href":"https:\/\/risemode.com\/es\/wp-json\/wp\/v2\/pages"}],"about":[{"href":"https:\/\/risemode.com\/es\/wp-json\/wp\/v2\/types\/page"}],"author":[{"embeddable":true,"href":"https:\/\/risemode.com\/es\/wp-json\/wp\/v2\/users\/1"}],"replies":[{"embeddable":true,"href":"https:\/\/risemode.com\/es\/wp-json\/wp\/v2\/comments?post=21712"}],"version-history":[{"count":22,"href":"https:\/\/risemode.com\/es\/wp-json\/wp\/v2\/pages\/21712\/revisions"}],"predecessor-version":[{"id":23500,"href":"https:\/\/risemode.com\/es\/wp-json\/wp\/v2\/pages\/21712\/revisions\/23500"}],"wp:featuredmedia":[{"embeddable":true,"href":"https:\/\/risemode.com\/es\/wp-json\/wp\/v2\/media\/21642"}],"wp:attachment":[{"href":"https:\/\/risemode.com\/es\/wp-json\/wp\/v2\/media?parent=21712"}],"curies":[{"name":"wp","href":"https:\/\/api.w.org\/{rel}","templated":true}]}}