{"id":620,"date":"2024-04-05T20:00:12","date_gmt":"2024-04-05T20:00:12","guid":{"rendered":"https:\/\/risemode.com?page_id=620"},"modified":"2025-10-16T09:40:28","modified_gmt":"2025-10-16T12:40:28","slug":"galaxy-motherboard-120-5v","status":"publish","type":"page","link":"https:\/\/risemode.com\/es\/galaxy-motherboard-120-5v\/","title":{"rendered":"fan_Galaxy_Motherboard_ARGB_5V_120mm"},"content":{"rendered":"<div data-elementor-type=\"wp-page\" data-elementor-id=\"620\" class=\"elementor elementor-620\" data-elementor-post-type=\"page\">\n\t\t\t\t\t\t\t\t\t<section class=\"elementor-section elementor-top-section elementor-element elementor-element-1f6c944f elementor-section-boxed elementor-section-height-default elementor-section-height-default\" data-id=\"1f6c944f\" data-element_type=\"section\">\n\t\t\t\t\t\t<div class=\"elementor-container elementor-column-gap-default\">\n\t\t\t\t\t<div class=\"elementor-column elementor-col-100 elementor-top-column elementor-element elementor-element-40302f6a\" data-id=\"40302f6a\" data-element_type=\"column\">\n\t\t\t<div class=\"elementor-widget-wrap elementor-element-populated\">\n\t\t\t\t\t\t\t\t<div class=\"elementor-element elementor-element-720b71b8 elementor-widget elementor-widget-heading\" data-id=\"720b71b8\" data-element_type=\"widget\" data-widget_type=\"heading.default\">\n\t\t\t\t<div class=\"elementor-widget-container\">\n\t\t\t<h2 class=\"elementor-heading-title elementor-size-xxl\">Comprar<\/h2>\t\t<\/div>\n\t\t\t\t<\/div>\n\t\t\t\t\t<\/div>\n\t\t<\/div>\n\t\t\t\t\t\t\t<\/div>\n\t\t<\/section>\n\t\t<div class=\"elementor-element elementor-element-57bc177 e-con-full e-flex e-con\" data-id=\"57bc177\" data-element_type=\"container\" data-settings=\"{&quot;content_width&quot;:&quot;full&quot;}\">\n\t\t<div class=\"elementor-element elementor-element-3985319e e-con-full e-flex e-con\" data-id=\"3985319e\" data-element_type=\"container\" data-settings=\"{&quot;content_width&quot;:&quot;full&quot;,&quot;background_background&quot;:&quot;classic&quot;}\">\n\t\t\t\t<div class=\"elementor-element elementor-element-716248fb elementor-widget elementor-widget-image\" data-id=\"716248fb\" data-element_type=\"widget\" data-widget_type=\"image.default\">\n\t\t\t\t<div class=\"elementor-widget-container\">\n\t\t\t\t\t\t\t\t\t\t\t\t\t\t\t\t<a href=\"https:\/\/www.amazon.com\/s?i=merchant-items&#038;me=A2Z190E8OU3Q34&#038;marketplaceID=ATVPDKIKX0DER&#038;qid=1682472974&#038;ref=sr_pg_2\" target=\"_blank\">\n\t\t\t\t\t\t\t<img decoding=\"async\" src=\"https:\/\/risemode.com\/wp-content\/uploads\/2024\/04\/rise_usa-1.svg\" title=\"rise_usa 1\" alt=\"rise_usa 1\" loading=\"lazy\" \/>\t\t\t\t\t\t\t\t<\/a>\n\t\t\t\t\t\t\t\t\t\t\t\t\t\t\t<\/div>\n\t\t\t\t<\/div>\n\t\t\t\t<div class=\"elementor-element elementor-element-3f3c5e0f elementor-widget elementor-widget-heading\" data-id=\"3f3c5e0f\" data-element_type=\"widget\" data-widget_type=\"heading.default\">\n\t\t\t\t<div class=\"elementor-widget-container\">\n\t\t\t<h2 class=\"elementor-heading-title elementor-size-default\"><a href=\"https:\/\/www.amazon.com\/s?i=merchant-items&#038;me=A2Z190E8OU3Q34&#038;marketplaceID=ATVPDKIKX0DER&#038;qid=1682472974&#038;ref=sr_pg_2\" target=\"_blank\">RISE USA<\/a><\/h2>\t\t<\/div>\n\t\t\t\t<\/div>\n\t\t\t\t<\/div>\n\t\t<div class=\"elementor-element elementor-element-1a2c646d e-con-full e-flex e-con\" data-id=\"1a2c646d\" data-element_type=\"container\" data-settings=\"{&quot;content_width&quot;:&quot;full&quot;,&quot;background_background&quot;:&quot;classic&quot;}\">\n\t\t\t\t<div class=\"elementor-element elementor-element-3baeab01 elementor-widget elementor-widget-image\" data-id=\"3baeab01\" data-element_type=\"widget\" data-widget_type=\"image.default\">\n\t\t\t\t<div class=\"elementor-widget-container\">\n\t\t\t\t\t\t\t\t\t\t\t\t\t\t\t\t<a href=\"https:\/\/www.lojarisemode.com.br\" target=\"_blank\">\n\t\t\t\t\t\t\t<img decoding=\"async\" src=\"https:\/\/risemode.com\/wp-content\/uploads\/elementor\/thumbs\/fav-logo-rise-white-quj9d0fz7f9az59v94cpbblv5hbr6ug0j2w8hhrwj8.png\" title=\"fav-logo-rise-white\" alt=\"fav-logo-rise-white\" loading=\"lazy\" \/>\t\t\t\t\t\t\t\t<\/a>\n\t\t\t\t\t\t\t\t\t\t\t\t\t\t\t<\/div>\n\t\t\t\t<\/div>\n\t\t\t\t<div class=\"elementor-element elementor-element-17cdc158 elementor-widget elementor-widget-heading\" data-id=\"17cdc158\" data-element_type=\"widget\" data-widget_type=\"heading.default\">\n\t\t\t\t<div class=\"elementor-widget-container\">\n\t\t\t<h2 class=\"elementor-heading-title elementor-size-default\"><a href=\"https:\/\/www.lojarisemode.com.br\" target=\"_blank\">RISE LOJA<\/a><\/h2>\t\t<\/div>\n\t\t\t\t<\/div>\n\t\t\t\t<\/div>\n\t\t<div class=\"elementor-element elementor-element-eb52a28 e-con-full e-flex e-con\" data-id=\"eb52a28\" data-element_type=\"container\" data-settings=\"{&quot;content_width&quot;:&quot;full&quot;,&quot;background_background&quot;:&quot;classic&quot;}\">\n\t\t\t\t<div class=\"elementor-element elementor-element-72aee287 elementor-widget elementor-widget-image\" data-id=\"72aee287\" data-element_type=\"widget\" data-widget_type=\"image.default\">\n\t\t\t\t<div class=\"elementor-widget-container\">\n\t\t\t\t\t\t\t\t\t\t\t\t\t\t\t\t<a href=\"https:\/\/tidd.ly\/4e55nXF\" target=\"_blank\">\n\t\t\t\t\t\t\t<img decoding=\"async\" src=\"https:\/\/risemode.com\/wp-content\/uploads\/2024\/04\/kabum-1.svg\" title=\"kabum 1\" alt=\"kabum 1\" loading=\"lazy\" \/>\t\t\t\t\t\t\t\t<\/a>\n\t\t\t\t\t\t\t\t\t\t\t\t\t\t\t<\/div>\n\t\t\t\t<\/div>\n\t\t\t\t<div class=\"elementor-element elementor-element-683dc770 elementor-widget elementor-widget-heading\" data-id=\"683dc770\" data-element_type=\"widget\" data-widget_type=\"heading.default\">\n\t\t\t\t<div class=\"elementor-widget-container\">\n\t\t\t<h2 class=\"elementor-heading-title elementor-size-default\"><a href=\"https:\/\/tidd.ly\/4e55nXF\" target=\"_blank\"><span translate=\"no\">Kabum<\/span><\/a><\/h2>\t\t<\/div>\n\t\t\t\t<\/div>\n\t\t\t\t<\/div>\n\t\t\t\t<\/div>\n\t\t\t\t<section class=\"elementor-section elementor-top-section elementor-element elementor-element-5f093b8d elementor-section-boxed elementor-section-height-default elementor-section-height-default\" data-id=\"5f093b8d\" data-element_type=\"section\">\n\t\t\t\t\t\t<div class=\"elementor-container elementor-column-gap-default\">\n\t\t\t\t\t<div class=\"elementor-column elementor-col-100 elementor-top-column elementor-element elementor-element-12ced8e7\" data-id=\"12ced8e7\" data-element_type=\"column\">\n\t\t\t<div class=\"elementor-widget-wrap elementor-element-populated\">\n\t\t\t\t\t\t\t\t<div class=\"elementor-element elementor-element-b36bc8f elementor--h-position-center elementor--v-position-middle elementor-arrows-position-inside elementor-pagination-position-inside elementor-widget elementor-widget-slides\" data-id=\"b36bc8f\" data-element_type=\"widget\" data-settings=\"{&quot;navigation&quot;:&quot;both&quot;,&quot;autoplay&quot;:&quot;yes&quot;,&quot;pause_on_hover&quot;:&quot;yes&quot;,&quot;pause_on_interaction&quot;:&quot;yes&quot;,&quot;autoplay_speed&quot;:5000,&quot;infinite&quot;:&quot;yes&quot;,&quot;transition&quot;:&quot;slide&quot;,&quot;transition_speed&quot;:500}\" data-widget_type=\"slides.default\">\n\t\t\t\t<div class=\"elementor-widget-container\">\n\t\t\t\t\t<div class=\"elementor-swiper\">\n\t\t\t<div class=\"elementor-slides-wrapper elementor-main-swiper swiper\" dir=\"ltr\" data-animation=\"fadeInUp\">\n\t\t\t\t<div class=\"swiper-wrapper elementor-slides\">\n\t\t\t\t\t\t\t\t\t\t<div class=\"elementor-repeater-item-9aeec2f swiper-slide\"><div class=\"swiper-slide-bg\" role=\"img\"><\/div><div class=\"swiper-slide-inner\" ><div class=\"swiper-slide-contents\"><\/div><\/div><\/div><div class=\"elementor-repeater-item-52b30bb swiper-slide\"><div class=\"swiper-slide-bg\" role=\"img\"><\/div><div class=\"swiper-slide-inner\" ><div class=\"swiper-slide-contents\"><\/div><\/div><\/div><div class=\"elementor-repeater-item-482425f swiper-slide\"><div class=\"swiper-slide-bg\" role=\"img\"><\/div><div class=\"swiper-slide-inner\" ><div class=\"swiper-slide-contents\"><\/div><\/div><\/div>\t\t\t\t<\/div>\n\t\t\t\t\t\t\t\t\t\t\t\t\t\t\t<div class=\"swiper-pagination\"><\/div>\n\t\t\t\t\t\t\t\t\t\t\t\t\t\t\t\t<div class=\"elementor-swiper-button elementor-swiper-button-prev\" role=\"button\" tabindex=\"0\">\n\t\t\t\t\t\t\t<i aria-hidden=\"true\" class=\"eicon-chevron-left\"><\/i>\t\t\t\t\t\t\t<span class=\"elementor-screen-only\">Previous slide<\/span>\n\t\t\t\t\t\t<\/div>\n\t\t\t\t\t\t<div class=\"elementor-swiper-button elementor-swiper-button-next\" role=\"button\" tabindex=\"0\">\n\t\t\t\t\t\t\t<i aria-hidden=\"true\" class=\"eicon-chevron-right\"><\/i>\t\t\t\t\t\t\t<span class=\"elementor-screen-only\">Next slide<\/span>\n\t\t\t\t\t\t<\/div>\n\t\t\t\t\t\t\t\t\t\t\t\t<\/div>\n\t\t<\/div>\n\t\t\t\t<\/div>\n\t\t\t\t<\/div>\n\t\t\t\t\t<\/div>\n\t\t<\/div>\n\t\t\t\t\t\t\t<\/div>\n\t\t<\/section>\n\t\t<div class=\"elementor-element elementor-element-5fadc765 e-flex e-con-boxed e-con\" data-id=\"5fadc765\" data-element_type=\"container\" data-settings=\"{&quot;content_width&quot;:&quot;boxed&quot;}\">\n\t\t\t\t\t<div class=\"e-con-inner\">\n\t\t\t\t<div class=\"elementor-element elementor-element-27cb0921 elementor-widget elementor-widget-image\" data-id=\"27cb0921\" data-element_type=\"widget\" data-widget_type=\"image.default\">\n\t\t\t\t<div class=\"elementor-widget-container\">\n\t\t\t\t\t\t\t\t\t\t\t\t\t\t\t<img loading=\"lazy\" decoding=\"async\" width=\"1280\" height=\"720\" src=\"https:\/\/risemode.com\/wp-content\/uploads\/2025\/02\/banner-3.jpg\" class=\"attachment-full size-full wp-image-15656\" alt=\"\" srcset=\"https:\/\/risemode.com\/wp-content\/uploads\/2025\/02\/banner-3.jpg 1280w, https:\/\/risemode.com\/wp-content\/uploads\/2025\/02\/banner-3-300x169.jpg 300w, https:\/\/risemode.com\/wp-content\/uploads\/2025\/02\/banner-3-1024x576.jpg 1024w, https:\/\/risemode.com\/wp-content\/uploads\/2025\/02\/banner-3-768x432.jpg 768w, https:\/\/risemode.com\/wp-content\/uploads\/2025\/02\/banner-3-600x338.jpg 600w\" sizes=\"(max-width: 1280px) 100vw, 1280px\" \/>\t\t\t\t\t\t\t\t\t\t\t\t\t\t\t<\/div>\n\t\t\t\t<\/div>\n\t\t\t\t<div class=\"elementor-element elementor-element-64c82713 elementor-widget elementor-widget-image\" data-id=\"64c82713\" data-element_type=\"widget\" data-widget_type=\"image.default\">\n\t\t\t\t<div class=\"elementor-widget-container\">\n\t\t\t\t\t\t\t\t\t\t\t\t\t\t\t<img loading=\"lazy\" decoding=\"async\" width=\"1080\" height=\"720\" src=\"https:\/\/risemode.com\/wp-content\/uploads\/2025\/02\/foto_01-2.jpg\" class=\"attachment-full size-full wp-image-15657\" alt=\"\" srcset=\"https:\/\/risemode.com\/wp-content\/uploads\/2025\/02\/foto_01-2.jpg 1080w, https:\/\/risemode.com\/wp-content\/uploads\/2025\/02\/foto_01-2-300x200.jpg 300w, https:\/\/risemode.com\/wp-content\/uploads\/2025\/02\/foto_01-2-1024x683.jpg 1024w, https:\/\/risemode.com\/wp-content\/uploads\/2025\/02\/foto_01-2-768x512.jpg 768w, https:\/\/risemode.com\/wp-content\/uploads\/2025\/02\/foto_01-2-600x400.jpg 600w\" sizes=\"(max-width: 1080px) 100vw, 1080px\" \/>\t\t\t\t\t\t\t\t\t\t\t\t\t\t\t<\/div>\n\t\t\t\t<\/div>\n\t\t\t\t\t<\/div>\n\t\t\t\t<\/div>\n\t\t<div class=\"elementor-element elementor-element-7be99368 e-flex e-con-boxed e-con\" data-id=\"7be99368\" data-element_type=\"container\" data-settings=\"{&quot;content_width&quot;:&quot;boxed&quot;}\">\n\t\t\t\t\t<div class=\"e-con-inner\">\n\t\t\t\t<div class=\"elementor-element elementor-element-197580c6 elementor-widget elementor-widget-heading\" data-id=\"197580c6\" data-element_type=\"widget\" data-widget_type=\"heading.default\">\n\t\t\t\t<div class=\"elementor-widget-container\">\n\t\t\t<h1 class=\"elementor-heading-title elementor-size-default\">RENDIMIENTO Y ASPECTO VISUAL<\/h1>\t\t<\/div>\n\t\t\t\t<\/div>\n\t\t\t\t<div class=\"elementor-element elementor-element-7b3cfa98 elementor-widget elementor-widget-text-editor\" data-id=\"7b3cfa98\" data-element_type=\"widget\" data-widget_type=\"text-editor.default\">\n\t\t\t\t<div class=\"elementor-widget-container\">\n\t\t\t\t\t\t\t<p>El ventilador Galaxy Motherboard 5V ARGB Rise Mode cuenta con un dise\u00f1o de anillos de iluminaci\u00f3n dobles que proporcionan una mayor iluminaci\u00f3n dentro del gabinete, adem\u00e1s de ofrecer un excelente flujo de aire y bajo nivel de ruido.<\/p>\t\t\t\t\t\t<\/div>\n\t\t\t\t<\/div>\n\t\t\t\t<div class=\"elementor-element elementor-element-dfe4469 elementor-widget elementor-widget-image\" data-id=\"dfe4469\" data-element_type=\"widget\" data-widget_type=\"image.default\">\n\t\t\t\t<div class=\"elementor-widget-container\">\n\t\t\t\t\t\t\t\t\t\t\t\t\t\t\t<img loading=\"lazy\" decoding=\"async\" width=\"1080\" height=\"720\" src=\"https:\/\/risemode.com\/wp-content\/uploads\/2025\/02\/foto_02-2.jpg\" class=\"attachment-full size-full wp-image-15658\" alt=\"\" srcset=\"https:\/\/risemode.com\/wp-content\/uploads\/2025\/02\/foto_02-2.jpg 1080w, https:\/\/risemode.com\/wp-content\/uploads\/2025\/02\/foto_02-2-300x200.jpg 300w, https:\/\/risemode.com\/wp-content\/uploads\/2025\/02\/foto_02-2-1024x683.jpg 1024w, https:\/\/risemode.com\/wp-content\/uploads\/2025\/02\/foto_02-2-768x512.jpg 768w, https:\/\/risemode.com\/wp-content\/uploads\/2025\/02\/foto_02-2-600x400.jpg 600w\" sizes=\"(max-width: 1080px) 100vw, 1080px\" \/>\t\t\t\t\t\t\t\t\t\t\t\t\t\t\t<\/div>\n\t\t\t\t<\/div>\n\t\t\t\t\t<\/div>\n\t\t\t\t<\/div>\n\t\t<div class=\"elementor-element elementor-element-e45e086 e-flex e-con-boxed e-con\" data-id=\"e45e086\" data-element_type=\"container\" data-settings=\"{&quot;content_width&quot;:&quot;boxed&quot;}\">\n\t\t\t\t\t<div class=\"e-con-inner\">\n\t\t\t\t<div class=\"elementor-element elementor-element-72a3782e elementor-widget elementor-widget-heading\" data-id=\"72a3782e\" data-element_type=\"widget\" data-widget_type=\"heading.default\">\n\t\t\t\t<div class=\"elementor-widget-container\">\n\t\t\t<h1 class=\"elementor-heading-title elementor-size-default\">Informaci\u00f3n Adicional<\/h1>\t\t<\/div>\n\t\t\t\t<\/div>\n\t\t\t\t<div class=\"elementor-element elementor-element-21807957 elementor-widget elementor-widget-text-editor\" data-id=\"21807957\" data-element_type=\"widget\" data-widget_type=\"text-editor.default\">\n\t\t\t\t<div class=\"elementor-widget-container\">\n\t\t\t\t\t\t\t<p>Ventilador ARGB 3p 5V est\u00e1ndar compatible con placas base para control mediante software (Aura Sync, RGB Fusion, RGB Mystic Light y Polychrome RGB Sync). S\u00faper silencioso a m\u00e1xima velocidad. Conexi\u00f3n Molex que permite conectar varios ventiladores en cadena usando un solo conector de la fuente. Conector ARGB 3p 5V macho a hembra est\u00e1ndar que permite la conexi\u00f3n de m\u00faltiples ventiladores en secuencia. Efectos de iluminaci\u00f3n arco\u00edris.<\/p>\t\t\t\t\t\t<\/div>\n\t\t\t\t<\/div>\n\t\t\t\t\t<\/div>\n\t\t\t\t<\/div>\n\t\t\t\t<section class=\"elementor-section elementor-top-section elementor-element elementor-element-6e4cc5be elementor-section-boxed elementor-section-height-default elementor-section-height-default\" data-id=\"6e4cc5be\" data-element_type=\"section\">\n\t\t\t\t\t\t<div class=\"elementor-container elementor-column-gap-default\">\n\t\t\t\t\t<div class=\"elementor-column elementor-col-100 elementor-top-column elementor-element elementor-element-631f922e\" data-id=\"631f922e\" data-element_type=\"column\">\n\t\t\t<div class=\"elementor-widget-wrap elementor-element-populated\">\n\t\t\t\t\t\t\t\t<div class=\"elementor-element elementor-element-7a1d5233 elementor-widget elementor-widget-heading\" data-id=\"7a1d5233\" data-element_type=\"widget\" data-widget_type=\"heading.default\">\n\t\t\t\t<div class=\"elementor-widget-container\">\n\t\t\t<h1 class=\"elementor-heading-title elementor-size-xxl\"><span translate=\"no\">Galaxy Motherboard ARGB 5V 120mm<\/span><\/h1>\t\t<\/div>\n\t\t\t\t<\/div>\n\t\t\t\t\t<\/div>\n\t\t<\/div>\n\t\t\t\t\t\t\t<\/div>\n\t\t<\/section>\n\t\t\t\t<section class=\"elementor-section elementor-top-section elementor-element elementor-element-3853b3c9 elementor-section-boxed elementor-section-height-default elementor-section-height-default\" data-id=\"3853b3c9\" data-element_type=\"section\">\n\t\t\t\t\t\t<div class=\"elementor-container elementor-column-gap-default\">\n\t\t\t\t\t<div class=\"elementor-column elementor-col-100 elementor-top-column elementor-element elementor-element-291cd3ed\" data-id=\"291cd3ed\" data-element_type=\"column\">\n\t\t\t<div class=\"elementor-widget-wrap elementor-element-populated\">\n\t\t\t\t\t\t\t\t<div class=\"elementor-element elementor-element-1ec485f5 elementor-widget elementor-widget-text-editor\" data-id=\"1ec485f5\" data-element_type=\"widget\" data-widget_type=\"text-editor.default\">\n\t\t\t\t<div class=\"elementor-widget-container\">\n\t\t\t\t\t\t\t<p class=\"translation-block\">Especificaciones:<br>\nN\u00famero de Parte: RM-MB-01-5V<br>\nDimensiones del Ventilador: 120mm x 120mm x 25mm<br>\nFlujo de Aire del Ventilador: 50 CFM<br>\nVelocidad del Ventilador: 1500 RPM<br>\nTipo de Rodamiento: Rodamiento de Fluido<br>\nVoltaje: 5V (LED)<br>\nConexi\u00f3n del Ventilador: 3 pines 5V ARGB + Molex<br>\nColor del LED: ARGB LED<br>\nConexi\u00f3n del LED: 3 pines (5V-D-0-G)<br>\nCompatible con Aura RGB, Mystic Light, RGB Fusion<br>\n(Compatible solo con placas base que tengan conector RGB digital de 5V)<br>\nEl producto no incluye controlador RGB<br>\nInformaci\u00f3n Adicional:<br>\nControl del ventilador RGB mediante software en placas base con conexi\u00f3n RGB digital de 5V.<br>\nVentilador RGB con LEDs de alta luminosidad.<\/p>\t\t\t\t\t\t<\/div>\n\t\t\t\t<\/div>\n\t\t\t\t\t<\/div>\n\t\t<\/div>\n\t\t\t\t\t\t\t<\/div>\n\t\t<\/section>\n\t\t\t\t\t\t\t<\/div>","protected":false},"excerpt":{"rendered":"<p>BUY RISE USA RISE LOJA Kabum Previous slide Next slide PERFORMANCE AND VISUALS The Galaxy Motherboard 5V ARGB Rise Mode Fan features a dual lighting ring design that provides greater illumination inside the case, while maintaining excellent airflow and low noise levels. ADDITIONAL INFORMATION Standard ARGB 3-pin 5V fan compatible with motherboards for software control [&hellip;]<\/p>","protected":false},"author":1,"featured_media":0,"parent":0,"menu_order":0,"comment_status":"closed","ping_status":"closed","template":"","meta":{"footnotes":""},"yoast_head":"<!-- This site is optimized with the Yoast SEO plugin v23.2 - https:\/\/yoast.com\/wordpress\/plugins\/seo\/ -->\n<title>fan_Galaxy_Motherboard_ARGB_5V_120mm - Rise Mode - Industry<\/title>\n<meta name=\"robots\" content=\"index, follow, max-snippet:-1, max-image-preview:large, max-video-preview:-1\" \/>\n<link rel=\"canonical\" href=\"https:\/\/risemode.com\/es\/galaxy-motherboard-120-5v\/\" \/>\n<meta property=\"og:locale\" content=\"es_ES\" \/>\n<meta property=\"og:type\" content=\"article\" \/>\n<meta property=\"og:title\" content=\"fan_Galaxy_Motherboard_ARGB_5V_120mm - Rise Mode - Industry\" \/>\n<meta property=\"og:description\" content=\"BUY RISE USA RISE LOJA Kabum Previous slide Next slide PERFORMANCE AND VISUALS The Galaxy Motherboard 5V ARGB Rise Mode Fan features a dual lighting ring design that provides greater illumination inside the case, while maintaining excellent airflow and low noise levels. ADDITIONAL INFORMATION Standard ARGB 3-pin 5V fan compatible with motherboards for software control [&hellip;]\" \/>\n<meta property=\"og:url\" content=\"https:\/\/risemode.com\/es\/galaxy-motherboard-120-5v\/\" \/>\n<meta property=\"og:site_name\" content=\"Rise Mode - Industry\" \/>\n<meta property=\"article:publisher\" content=\"https:\/\/www.facebook.com\/risemode.com.br\" \/>\n<meta property=\"article:modified_time\" content=\"2025-10-16T12:40:28+00:00\" \/>\n<meta property=\"og:image\" content=\"https:\/\/risemode.com\/wp-content\/uploads\/2024\/04\/rise_usa-1.svg\" \/>\n<meta name=\"twitter:card\" content=\"summary_large_image\" \/>\n<meta name=\"twitter:site\" content=\"@risemode\" \/>\n<meta name=\"twitter:label1\" content=\"Tiempo de lectura\" \/>\n\t<meta name=\"twitter:data1\" content=\"3 minutos\" \/>\n<script type=\"application\/ld+json\" class=\"yoast-schema-graph\">{\"@context\":\"https:\/\/schema.org\",\"@graph\":[{\"@type\":\"WebPage\",\"@id\":\"https:\/\/risemode.com\/galaxy-motherboard-120-5v\/\",\"url\":\"https:\/\/risemode.com\/galaxy-motherboard-120-5v\/\",\"name\":\"fan_Galaxy_Motherboard_ARGB_5V_120mm - Rise Mode - Industry\",\"isPartOf\":{\"@id\":\"https:\/\/risemode.com\/#website\"},\"primaryImageOfPage\":{\"@id\":\"https:\/\/risemode.com\/galaxy-motherboard-120-5v\/#primaryimage\"},\"image\":{\"@id\":\"https:\/\/risemode.com\/galaxy-motherboard-120-5v\/#primaryimage\"},\"thumbnailUrl\":\"https:\/\/risemode.com\/wp-content\/uploads\/2024\/04\/rise_usa-1.svg\",\"datePublished\":\"2024-04-05T20:00:12+00:00\",\"dateModified\":\"2025-10-16T12:40:28+00:00\",\"breadcrumb\":{\"@id\":\"https:\/\/risemode.com\/galaxy-motherboard-120-5v\/#breadcrumb\"},\"inLanguage\":\"es\",\"potentialAction\":[{\"@type\":\"ReadAction\",\"target\":[\"https:\/\/risemode.com\/galaxy-motherboard-120-5v\/\"]}]},{\"@type\":\"ImageObject\",\"inLanguage\":\"es\",\"@id\":\"https:\/\/risemode.com\/galaxy-motherboard-120-5v\/#primaryimage\",\"url\":\"https:\/\/risemode.com\/wp-content\/uploads\/2024\/04\/rise_usa-1.svg\",\"contentUrl\":\"https:\/\/risemode.com\/wp-content\/uploads\/2024\/04\/rise_usa-1.svg\"},{\"@type\":\"BreadcrumbList\",\"@id\":\"https:\/\/risemode.com\/galaxy-motherboard-120-5v\/#breadcrumb\",\"itemListElement\":[{\"@type\":\"ListItem\",\"position\":1,\"name\":\"In\u00edcio\",\"item\":\"https:\/\/risemode.com\/\"},{\"@type\":\"ListItem\",\"position\":2,\"name\":\"fan_Galaxy_Motherboard_ARGB_5V_120mm\"}]},{\"@type\":\"WebSite\",\"@id\":\"https:\/\/risemode.com\/#website\",\"url\":\"https:\/\/risemode.com\/\",\"name\":\"Rise Mode - Industry\",\"description\":\"Computer Parts\",\"publisher\":{\"@id\":\"https:\/\/risemode.com\/#organization\"},\"potentialAction\":[{\"@type\":\"SearchAction\",\"target\":{\"@type\":\"EntryPoint\",\"urlTemplate\":\"https:\/\/risemode.com\/?s={search_term_string}\"},\"query-input\":\"required name=search_term_string\"}],\"inLanguage\":\"es\"},{\"@type\":\"Organization\",\"@id\":\"https:\/\/risemode.com\/#organization\",\"name\":\"Rise Mode - Industry\",\"url\":\"https:\/\/risemode.com\/\",\"logo\":{\"@type\":\"ImageObject\",\"inLanguage\":\"es\",\"@id\":\"https:\/\/risemode.com\/#\/schema\/logo\/image\/\",\"url\":\"https:\/\/risemode.com\/wp-content\/uploads\/2023\/11\/LOGO-RISE-AZUL.png\",\"contentUrl\":\"https:\/\/risemode.com\/wp-content\/uploads\/2023\/11\/LOGO-RISE-AZUL.png\",\"width\":2160,\"height\":2160,\"caption\":\"Rise Mode - Industry\"},\"image\":{\"@id\":\"https:\/\/risemode.com\/#\/schema\/logo\/image\/\"},\"sameAs\":[\"https:\/\/www.facebook.com\/risemode.com.br\",\"https:\/\/x.com\/risemode\",\"https:\/\/www.instagram.com\/rise.mode\/\",\"https:\/\/www.youtube.com\/risemode\"]}]}<\/script>\n<!-- \/ Yoast SEO plugin. -->","yoast_head_json":{"title":"fan_Galaxy_Motherboard_ARGB_5V_120mm - Rise Mode - Industry","robots":{"index":"index","follow":"follow","max-snippet":"max-snippet:-1","max-image-preview":"max-image-preview:large","max-video-preview":"max-video-preview:-1"},"canonical":"https:\/\/risemode.com\/es\/galaxy-motherboard-120-5v\/","og_locale":"es_ES","og_type":"article","og_title":"fan_Galaxy_Motherboard_ARGB_5V_120mm - Rise Mode - Industry","og_description":"BUY RISE USA RISE LOJA Kabum Previous slide Next slide PERFORMANCE AND VISUALS The Galaxy Motherboard 5V ARGB Rise Mode Fan features a dual lighting ring design that provides greater illumination inside the case, while maintaining excellent airflow and low noise levels. ADDITIONAL INFORMATION Standard ARGB 3-pin 5V fan compatible with motherboards for software control [&hellip;]","og_url":"https:\/\/risemode.com\/es\/galaxy-motherboard-120-5v\/","og_site_name":"Rise Mode - Industry","article_publisher":"https:\/\/www.facebook.com\/risemode.com.br","article_modified_time":"2025-10-16T12:40:28+00:00","og_image":[{"url":"https:\/\/risemode.com\/wp-content\/uploads\/2024\/04\/rise_usa-1.svg"}],"twitter_card":"summary_large_image","twitter_site":"@risemode","twitter_misc":{"Tiempo de lectura":"3 minutos"},"schema":{"@context":"https:\/\/schema.org","@graph":[{"@type":"WebPage","@id":"https:\/\/risemode.com\/galaxy-motherboard-120-5v\/","url":"https:\/\/risemode.com\/galaxy-motherboard-120-5v\/","name":"fan_Galaxy_Motherboard_ARGB_5V_120mm - Rise Mode - Industry","isPartOf":{"@id":"https:\/\/risemode.com\/#website"},"primaryImageOfPage":{"@id":"https:\/\/risemode.com\/galaxy-motherboard-120-5v\/#primaryimage"},"image":{"@id":"https:\/\/risemode.com\/galaxy-motherboard-120-5v\/#primaryimage"},"thumbnailUrl":"https:\/\/risemode.com\/wp-content\/uploads\/2024\/04\/rise_usa-1.svg","datePublished":"2024-04-05T20:00:12+00:00","dateModified":"2025-10-16T12:40:28+00:00","breadcrumb":{"@id":"https:\/\/risemode.com\/galaxy-motherboard-120-5v\/#breadcrumb"},"inLanguage":"es","potentialAction":[{"@type":"ReadAction","target":["https:\/\/risemode.com\/galaxy-motherboard-120-5v\/"]}]},{"@type":"ImageObject","inLanguage":"es","@id":"https:\/\/risemode.com\/galaxy-motherboard-120-5v\/#primaryimage","url":"https:\/\/risemode.com\/wp-content\/uploads\/2024\/04\/rise_usa-1.svg","contentUrl":"https:\/\/risemode.com\/wp-content\/uploads\/2024\/04\/rise_usa-1.svg"},{"@type":"BreadcrumbList","@id":"https:\/\/risemode.com\/galaxy-motherboard-120-5v\/#breadcrumb","itemListElement":[{"@type":"ListItem","position":1,"name":"In\u00edcio","item":"https:\/\/risemode.com\/"},{"@type":"ListItem","position":2,"name":"fan_Galaxy_Motherboard_ARGB_5V_120mm"}]},{"@type":"WebSite","@id":"https:\/\/risemode.com\/#website","url":"https:\/\/risemode.com\/","name":"Rise Mode - Industry","description":"Computer Parts","publisher":{"@id":"https:\/\/risemode.com\/#organization"},"potentialAction":[{"@type":"SearchAction","target":{"@type":"EntryPoint","urlTemplate":"https:\/\/risemode.com\/?s={search_term_string}"},"query-input":"required name=search_term_string"}],"inLanguage":"es"},{"@type":"Organization","@id":"https:\/\/risemode.com\/#organization","name":"Rise Mode - Industry","url":"https:\/\/risemode.com\/","logo":{"@type":"ImageObject","inLanguage":"es","@id":"https:\/\/risemode.com\/#\/schema\/logo\/image\/","url":"https:\/\/risemode.com\/wp-content\/uploads\/2023\/11\/LOGO-RISE-AZUL.png","contentUrl":"https:\/\/risemode.com\/wp-content\/uploads\/2023\/11\/LOGO-RISE-AZUL.png","width":2160,"height":2160,"caption":"Rise Mode - Industry"},"image":{"@id":"https:\/\/risemode.com\/#\/schema\/logo\/image\/"},"sameAs":["https:\/\/www.facebook.com\/risemode.com.br","https:\/\/x.com\/risemode","https:\/\/www.instagram.com\/rise.mode\/","https:\/\/www.youtube.com\/risemode"]}]}},"jetpack_sharing_enabled":true,"_links":{"self":[{"href":"https:\/\/risemode.com\/es\/wp-json\/wp\/v2\/pages\/620"}],"collection":[{"href":"https:\/\/risemode.com\/es\/wp-json\/wp\/v2\/pages"}],"about":[{"href":"https:\/\/risemode.com\/es\/wp-json\/wp\/v2\/types\/page"}],"author":[{"embeddable":true,"href":"https:\/\/risemode.com\/es\/wp-json\/wp\/v2\/users\/1"}],"replies":[{"embeddable":true,"href":"https:\/\/risemode.com\/es\/wp-json\/wp\/v2\/comments?post=620"}],"version-history":[{"count":32,"href":"https:\/\/risemode.com\/es\/wp-json\/wp\/v2\/pages\/620\/revisions"}],"predecessor-version":[{"id":23863,"href":"https:\/\/risemode.com\/es\/wp-json\/wp\/v2\/pages\/620\/revisions\/23863"}],"wp:attachment":[{"href":"https:\/\/risemode.com\/es\/wp-json\/wp\/v2\/media?parent=620"}],"curies":[{"name":"wp","href":"https:\/\/api.w.org\/{rel}","templated":true}]}}