{"id":3933,"date":"2024-05-20T00:26:37","date_gmt":"2024-05-20T00:26:37","guid":{"rendered":"https:\/\/risemode.com?page_id=3933"},"modified":"2026-02-25T17:29:31","modified_gmt":"2026-02-25T20:29:31","slug":"ssd-m2-z-series-1tb","status":"publish","type":"page","link":"https:\/\/risemode.com\/fr\/ssd-m2-z-series-1tb\/","title":{"rendered":"ssdm2_z_series_1tb"},"content":{"rendered":"<div data-elementor-type=\"wp-page\" data-elementor-id=\"3933\" class=\"elementor elementor-3933\" data-elementor-post-type=\"page\">\n\t\t\t\t\t\t\t\t\t<section class=\"elementor-section elementor-top-section elementor-element elementor-element-73c00ced elementor-section-boxed elementor-section-height-default elementor-section-height-default\" data-id=\"73c00ced\" data-element_type=\"section\">\n\t\t\t\t\t\t<div class=\"elementor-container elementor-column-gap-default\">\n\t\t\t\t\t<div class=\"elementor-column elementor-col-100 elementor-top-column elementor-element elementor-element-7f79caf7\" data-id=\"7f79caf7\" data-element_type=\"column\">\n\t\t\t<div class=\"elementor-widget-wrap elementor-element-populated\">\n\t\t\t\t\t\t\t\t<div class=\"elementor-element elementor-element-e8ae07e elementor-widget elementor-widget-heading\" data-id=\"e8ae07e\" data-element_type=\"widget\" data-widget_type=\"heading.default\">\n\t\t\t\t<div class=\"elementor-widget-container\">\n\t\t\t<h2 class=\"elementor-heading-title elementor-size-xxl\">Acheter<\/h2>\t\t<\/div>\n\t\t\t\t<\/div>\n\t\t\t\t\t<\/div>\n\t\t<\/div>\n\t\t\t\t\t\t\t<\/div>\n\t\t<\/section>\n\t\t<div class=\"elementor-element elementor-element-74e3996f e-con-full e-flex e-con\" data-id=\"74e3996f\" data-element_type=\"container\" data-settings=\"{&quot;content_width&quot;:&quot;full&quot;}\">\n\t\t<div class=\"elementor-element elementor-element-71f1ff62 e-con-full e-flex e-con\" data-id=\"71f1ff62\" data-element_type=\"container\" data-settings=\"{&quot;content_width&quot;:&quot;full&quot;,&quot;background_background&quot;:&quot;classic&quot;}\">\n\t\t\t\t<div class=\"elementor-element elementor-element-6097517 elementor-widget elementor-widget-image\" data-id=\"6097517\" data-element_type=\"widget\" data-widget_type=\"image.default\">\n\t\t\t\t<div class=\"elementor-widget-container\">\n\t\t\t\t\t\t\t\t\t\t\t\t\t\t\t\t<a href=\"https:\/\/www.amazon.com\/s?i=merchant-items&#038;me=A2Z190E8OU3Q34&#038;marketplaceID=ATVPDKIKX0DER&#038;qid=1682472974&#038;ref=sr_pg_2\" target=\"_blank\">\n\t\t\t\t\t\t\t<img decoding=\"async\" src=\"https:\/\/risemode.com\/wp-content\/uploads\/2024\/04\/rise_usa-1.svg\" title=\"rise_usa 1\" alt=\"rise_usa 1\" loading=\"lazy\" \/>\t\t\t\t\t\t\t\t<\/a>\n\t\t\t\t\t\t\t\t\t\t\t\t\t\t\t<\/div>\n\t\t\t\t<\/div>\n\t\t\t\t<div class=\"elementor-element elementor-element-7cfc188f elementor-widget elementor-widget-heading\" data-id=\"7cfc188f\" data-element_type=\"widget\" data-widget_type=\"heading.default\">\n\t\t\t\t<div class=\"elementor-widget-container\">\n\t\t\t<h2 class=\"elementor-heading-title elementor-size-default\"><a href=\"https:\/\/www.amazon.com\/s?i=merchant-items&#038;me=A2Z190E8OU3Q34&#038;marketplaceID=ATVPDKIKX0DER&#038;qid=1682472974&#038;ref=sr_pg_2\" target=\"_blank\">RISE USA<\/a><\/h2>\t\t<\/div>\n\t\t\t\t<\/div>\n\t\t\t\t<\/div>\n\t\t<div class=\"elementor-element elementor-element-7b083945 e-con-full e-flex e-con\" data-id=\"7b083945\" data-element_type=\"container\" data-settings=\"{&quot;content_width&quot;:&quot;full&quot;,&quot;background_background&quot;:&quot;classic&quot;}\">\n\t\t\t\t<div class=\"elementor-element elementor-element-26c9d4c9 elementor-widget elementor-widget-image\" data-id=\"26c9d4c9\" data-element_type=\"widget\" data-widget_type=\"image.default\">\n\t\t\t\t<div class=\"elementor-widget-container\">\n\t\t\t\t\t\t\t\t\t\t\t\t\t\t\t\t<a href=\"https:\/\/www.lojarisemode.com.br\" target=\"_blank\">\n\t\t\t\t\t\t\t<img decoding=\"async\" src=\"https:\/\/risemode.com\/wp-content\/uploads\/elementor\/thumbs\/fav-logo-rise-white-quj9d0fz7f9az59v94cpbblv5hbr6ug0j2w8hhrwj8.png\" title=\"fav-logo-rise-white\" alt=\"fav-logo-rise-white\" loading=\"lazy\" \/>\t\t\t\t\t\t\t\t<\/a>\n\t\t\t\t\t\t\t\t\t\t\t\t\t\t\t<\/div>\n\t\t\t\t<\/div>\n\t\t\t\t<div class=\"elementor-element elementor-element-2a340ef5 elementor-widget elementor-widget-heading\" data-id=\"2a340ef5\" data-element_type=\"widget\" data-widget_type=\"heading.default\">\n\t\t\t\t<div class=\"elementor-widget-container\">\n\t\t\t<h2 class=\"elementor-heading-title elementor-size-default\"><a href=\"https:\/\/www.lojarisemode.com.br\" target=\"_blank\">RISE STORE<\/a><\/h2>\t\t<\/div>\n\t\t\t\t<\/div>\n\t\t\t\t<\/div>\n\t\t<div class=\"elementor-element elementor-element-17816916 e-con-full e-flex e-con\" data-id=\"17816916\" data-element_type=\"container\" data-settings=\"{&quot;content_width&quot;:&quot;full&quot;,&quot;background_background&quot;:&quot;classic&quot;}\">\n\t\t\t\t<div class=\"elementor-element elementor-element-65d6d5c1 elementor-widget elementor-widget-image\" data-id=\"65d6d5c1\" data-element_type=\"widget\" data-widget_type=\"image.default\">\n\t\t\t\t<div class=\"elementor-widget-container\">\n\t\t\t\t\t\t\t\t\t\t\t\t\t\t\t\t<a href=\"https:\/\/tidd.ly\/4e55nXF\" target=\"_blank\">\n\t\t\t\t\t\t\t<img decoding=\"async\" src=\"https:\/\/risemode.com\/wp-content\/uploads\/2024\/04\/kabum-1.svg\" title=\"kabum 1\" alt=\"kabum 1\" loading=\"lazy\" \/>\t\t\t\t\t\t\t\t<\/a>\n\t\t\t\t\t\t\t\t\t\t\t\t\t\t\t<\/div>\n\t\t\t\t<\/div>\n\t\t\t\t<div class=\"elementor-element elementor-element-4cb34b2d elementor-widget elementor-widget-heading\" data-id=\"4cb34b2d\" data-element_type=\"widget\" data-widget_type=\"heading.default\">\n\t\t\t\t<div class=\"elementor-widget-container\">\n\t\t\t<h2 class=\"elementor-heading-title elementor-size-default\"><a href=\"https:\/\/tidd.ly\/4e55nXF\" target=\"_blank\"><span translate=\"no\">Kabum<\/span><\/a><\/h2>\t\t<\/div>\n\t\t\t\t<\/div>\n\t\t\t\t<\/div>\n\t\t<div class=\"elementor-element elementor-element-525f33a0 e-con-full e-flex e-con\" data-id=\"525f33a0\" data-element_type=\"container\" data-settings=\"{&quot;content_width&quot;:&quot;full&quot;,&quot;background_background&quot;:&quot;classic&quot;}\">\n\t\t\t\t<div class=\"elementor-element elementor-element-501c766f elementor-widget elementor-widget-image\" data-id=\"501c766f\" data-element_type=\"widget\" data-widget_type=\"image.default\">\n\t\t\t\t<div class=\"elementor-widget-container\">\n\t\t\t\t\t\t\t\t\t\t\t\t\t\t\t\t<a href=\"https:\/\/www.gigantec.com.br\/parceria-rise-mode\" target=\"_blank\">\n\t\t\t\t\t\t\t<img decoding=\"async\" src=\"https:\/\/risemode.com\/wp-content\/uploads\/elementor\/thumbs\/gigantec-logo-ripdug8w3a4uzl2domklxu7p031tbdl8bzfvrd9j78.png\" title=\"gigantec-logo\" alt=\"gigantec-logo\" loading=\"lazy\" \/>\t\t\t\t\t\t\t\t<\/a>\n\t\t\t\t\t\t\t\t\t\t\t\t\t\t\t<\/div>\n\t\t\t\t<\/div>\n\t\t\t\t<div class=\"elementor-element elementor-element-5a7127a3 elementor-widget elementor-widget-heading\" data-id=\"5a7127a3\" data-element_type=\"widget\" data-widget_type=\"heading.default\">\n\t\t\t\t<div class=\"elementor-widget-container\">\n\t\t\t<h2 class=\"elementor-heading-title elementor-size-default\"><a href=\"https:\/\/www.gigantec.com.br\/parceria-rise-mode\" target=\"_blank\"><span translate=\"no\">GIGANTEC<\/span><\/a><\/h2>\t\t<\/div>\n\t\t\t\t<\/div>\n\t\t\t\t<\/div>\n\t\t\t\t<\/div>\n\t\t\t\t<section class=\"elementor-section elementor-top-section elementor-element elementor-element-45aa8789 elementor-section-boxed elementor-section-height-default elementor-section-height-default\" data-id=\"45aa8789\" data-element_type=\"section\">\n\t\t\t\t\t\t<div class=\"elementor-container elementor-column-gap-default\">\n\t\t\t\t\t<div class=\"elementor-column elementor-col-100 elementor-top-column elementor-element elementor-element-2615d491\" data-id=\"2615d491\" data-element_type=\"column\">\n\t\t\t<div class=\"elementor-widget-wrap elementor-element-populated\">\n\t\t\t\t\t\t\t\t<div class=\"elementor-element elementor-element-38d7dde3 elementor--h-position-center elementor--v-position-middle elementor-arrows-position-inside elementor-pagination-position-inside elementor-widget elementor-widget-slides\" data-id=\"38d7dde3\" data-element_type=\"widget\" data-settings=\"{&quot;navigation&quot;:&quot;both&quot;,&quot;autoplay&quot;:&quot;yes&quot;,&quot;pause_on_hover&quot;:&quot;yes&quot;,&quot;pause_on_interaction&quot;:&quot;yes&quot;,&quot;autoplay_speed&quot;:5000,&quot;infinite&quot;:&quot;yes&quot;,&quot;transition&quot;:&quot;slide&quot;,&quot;transition_speed&quot;:500}\" data-widget_type=\"slides.default\">\n\t\t\t\t<div class=\"elementor-widget-container\">\n\t\t\t\t\t<div class=\"elementor-swiper\">\n\t\t\t<div class=\"elementor-slides-wrapper elementor-main-swiper swiper\" dir=\"ltr\" data-animation=\"fadeInUp\">\n\t\t\t\t<div class=\"swiper-wrapper elementor-slides\">\n\t\t\t\t\t\t\t\t\t\t<div class=\"elementor-repeater-item-9aeec2f swiper-slide\"><div class=\"swiper-slide-bg\" role=\"img\"><\/div><div class=\"swiper-slide-inner\" ><div class=\"swiper-slide-contents\"><\/div><\/div><\/div>\t\t\t\t<\/div>\n\t\t\t\t\t\t\t<\/div>\n\t\t<\/div>\n\t\t\t\t<\/div>\n\t\t\t\t<\/div>\n\t\t\t\t\t<\/div>\n\t\t<\/div>\n\t\t\t\t\t\t\t<\/div>\n\t\t<\/section>\n\t\t\t\t<section class=\"elementor-section elementor-top-section elementor-element elementor-element-1ee71b65 elementor-section-boxed elementor-section-height-default elementor-section-height-default\" data-id=\"1ee71b65\" data-element_type=\"section\">\n\t\t\t\t\t\t<div class=\"elementor-container elementor-column-gap-default\">\n\t\t\t\t\t<div class=\"elementor-column elementor-col-100 elementor-top-column elementor-element elementor-element-476acf3b\" data-id=\"476acf3b\" data-element_type=\"column\">\n\t\t\t<div class=\"elementor-widget-wrap elementor-element-populated\">\n\t\t\t\t\t\t\t\t<div class=\"elementor-element elementor-element-2d38d7d5 elementor-widget elementor-widget-heading\" data-id=\"2d38d7d5\" data-element_type=\"widget\" data-widget_type=\"heading.default\">\n\t\t\t\t<div class=\"elementor-widget-container\">\n\t\t\t<h1 class=\"elementor-heading-title elementor-size-xxl\"><span translate=\"no\">Ssd M.2 Z Series 1TB<\/span><\/h1>\t\t<\/div>\n\t\t\t\t<\/div>\n\t\t\t\t\t<\/div>\n\t\t<\/div>\n\t\t\t\t\t\t\t<\/div>\n\t\t<\/section>\n\t\t\t\t<section class=\"elementor-section elementor-top-section elementor-element elementor-element-4a05cde2 elementor-section-boxed elementor-section-height-default elementor-section-height-default\" data-id=\"4a05cde2\" data-element_type=\"section\">\n\t\t\t\t\t\t<div class=\"elementor-container elementor-column-gap-default\">\n\t\t\t\t\t<div class=\"elementor-column elementor-col-100 elementor-top-column elementor-element elementor-element-70b5fac4\" data-id=\"70b5fac4\" data-element_type=\"column\">\n\t\t\t<div class=\"elementor-widget-wrap elementor-element-populated\">\n\t\t\t\t\t\t\t\t<div class=\"elementor-element elementor-element-19b4b96f elementor-widget elementor-widget-text-editor\" data-id=\"19b4b96f\" data-element_type=\"widget\" data-widget_type=\"text-editor.default\">\n\t\t\t\t<div class=\"elementor-widget-container\">\n\t\t\t\t\t\t\t<p>\u00a0<\/p><p>Capacidade: 1TB<br \/>Interface: Pcie Nvme<br \/>Fator de forma: M.2 2280<br \/>Flash NAND: 3D TLC<br \/>Leitura sequencial: 2200 MB\/s<br \/>Escrita sequencial: 1800 MB \/ s<br \/>Consumo de energia: T\u00edpico = 1,6 W, Inativo = 0,3 W<br \/>Tempo de resposta: 0.05ms<br \/>Temperatura de opera\u00e7\u00e3o: 0\u00baC &#8211; 70\u00baC<br \/>Mtbf: 1.000.000 de horas<br \/>Part Number: RM-SSD-1TB-M2<\/p><p>\u00a0<\/p>\t\t\t\t\t\t<\/div>\n\t\t\t\t<\/div>\n\t\t\t\t\t<\/div>\n\t\t<\/div>\n\t\t\t\t\t\t\t<\/div>\n\t\t<\/section>\n\t\t\t\t\t\t\t<\/div>","protected":false},"excerpt":{"rendered":"<p>BUY RISE USA RISE STORE Kabum GIGANTEC Ssd M.2 Z Series 1TB \u00a0 Capacidade: 1TBInterface: Pcie NvmeFator de forma: M.2 2280Flash NAND: 3D TLCLeitura sequencial: 2200 MB\/sEscrita sequencial: 1800 MB \/ sConsumo de energia: T\u00edpico = 1,6 W, Inativo = 0,3 WTempo de resposta: 0.05msTemperatura de opera\u00e7\u00e3o: 0\u00baC &#8211; 70\u00baCMtbf: 1.000.000 de horasPart Number: RM-SSD-1TB-M2 [&hellip;]<\/p>","protected":false},"author":1,"featured_media":0,"parent":0,"menu_order":0,"comment_status":"closed","ping_status":"closed","template":"","meta":{"footnotes":""},"yoast_head":"<!-- This site is optimized with the Yoast SEO plugin v23.2 - https:\/\/yoast.com\/wordpress\/plugins\/seo\/ -->\n<title>ssdm2_z_series_1tb - Rise Mode - Industry<\/title>\n<meta name=\"robots\" content=\"index, follow, max-snippet:-1, max-image-preview:large, max-video-preview:-1\" \/>\n<link rel=\"canonical\" href=\"https:\/\/risemode.com\/fr\/ssd-m2-z-series-1tb\/\" \/>\n<meta property=\"og:locale\" content=\"fr_FR\" \/>\n<meta property=\"og:type\" content=\"article\" \/>\n<meta property=\"og:title\" content=\"ssdm2_z_series_1tb - Rise Mode - Industry\" \/>\n<meta property=\"og:description\" content=\"BUY RISE USA RISE STORE Kabum GIGANTEC Ssd M.2 Z Series 1TB \u00a0 Capacidade: 1TBInterface: Pcie NvmeFator de forma: M.2 2280Flash NAND: 3D TLCLeitura sequencial: 2200 MB\/sEscrita sequencial: 1800 MB \/ sConsumo de energia: T\u00edpico = 1,6 W, Inativo = 0,3 WTempo de resposta: 0.05msTemperatura de opera\u00e7\u00e3o: 0\u00baC &#8211; 70\u00baCMtbf: 1.000.000 de horasPart Number: RM-SSD-1TB-M2 [&hellip;]\" \/>\n<meta property=\"og:url\" content=\"https:\/\/risemode.com\/fr\/ssd-m2-z-series-1tb\/\" \/>\n<meta property=\"og:site_name\" content=\"Rise Mode - Industry\" \/>\n<meta property=\"article:publisher\" content=\"https:\/\/www.facebook.com\/risemode.com.br\" \/>\n<meta property=\"article:modified_time\" content=\"2026-02-25T20:29:31+00:00\" \/>\n<meta property=\"og:image\" content=\"https:\/\/risemode.com\/wp-content\/uploads\/2024\/04\/rise_usa-1.svg\" \/>\n<meta name=\"twitter:card\" content=\"summary_large_image\" \/>\n<meta name=\"twitter:site\" content=\"@risemode\" \/>\n<meta name=\"twitter:label1\" content=\"Dur\u00e9e de lecture estim\u00e9e\" \/>\n\t<meta name=\"twitter:data1\" content=\"2 minutes\" \/>\n<script type=\"application\/ld+json\" class=\"yoast-schema-graph\">{\"@context\":\"https:\/\/schema.org\",\"@graph\":[{\"@type\":\"WebPage\",\"@id\":\"https:\/\/risemode.com\/ssd-m2-z-series-1tb\/\",\"url\":\"https:\/\/risemode.com\/ssd-m2-z-series-1tb\/\",\"name\":\"ssdm2_z_series_1tb - Rise Mode - Industry\",\"isPartOf\":{\"@id\":\"https:\/\/risemode.com\/#website\"},\"primaryImageOfPage\":{\"@id\":\"https:\/\/risemode.com\/ssd-m2-z-series-1tb\/#primaryimage\"},\"image\":{\"@id\":\"https:\/\/risemode.com\/ssd-m2-z-series-1tb\/#primaryimage\"},\"thumbnailUrl\":\"https:\/\/risemode.com\/wp-content\/uploads\/2024\/04\/rise_usa-1.svg\",\"datePublished\":\"2024-05-20T00:26:37+00:00\",\"dateModified\":\"2026-02-25T20:29:31+00:00\",\"breadcrumb\":{\"@id\":\"https:\/\/risemode.com\/ssd-m2-z-series-1tb\/#breadcrumb\"},\"inLanguage\":\"fr-FR\",\"potentialAction\":[{\"@type\":\"ReadAction\",\"target\":[\"https:\/\/risemode.com\/ssd-m2-z-series-1tb\/\"]}]},{\"@type\":\"ImageObject\",\"inLanguage\":\"fr-FR\",\"@id\":\"https:\/\/risemode.com\/ssd-m2-z-series-1tb\/#primaryimage\",\"url\":\"https:\/\/risemode.com\/wp-content\/uploads\/2024\/04\/rise_usa-1.svg\",\"contentUrl\":\"https:\/\/risemode.com\/wp-content\/uploads\/2024\/04\/rise_usa-1.svg\"},{\"@type\":\"BreadcrumbList\",\"@id\":\"https:\/\/risemode.com\/ssd-m2-z-series-1tb\/#breadcrumb\",\"itemListElement\":[{\"@type\":\"ListItem\",\"position\":1,\"name\":\"In\u00edcio\",\"item\":\"https:\/\/risemode.com\/\"},{\"@type\":\"ListItem\",\"position\":2,\"name\":\"ssdm2_z_series_1tb\"}]},{\"@type\":\"WebSite\",\"@id\":\"https:\/\/risemode.com\/#website\",\"url\":\"https:\/\/risemode.com\/\",\"name\":\"Rise Mode - Industry\",\"description\":\"Computer Parts\",\"publisher\":{\"@id\":\"https:\/\/risemode.com\/#organization\"},\"potentialAction\":[{\"@type\":\"SearchAction\",\"target\":{\"@type\":\"EntryPoint\",\"urlTemplate\":\"https:\/\/risemode.com\/?s={search_term_string}\"},\"query-input\":\"required name=search_term_string\"}],\"inLanguage\":\"fr-FR\"},{\"@type\":\"Organization\",\"@id\":\"https:\/\/risemode.com\/#organization\",\"name\":\"Rise Mode - Industry\",\"url\":\"https:\/\/risemode.com\/\",\"logo\":{\"@type\":\"ImageObject\",\"inLanguage\":\"fr-FR\",\"@id\":\"https:\/\/risemode.com\/#\/schema\/logo\/image\/\",\"url\":\"https:\/\/risemode.com\/wp-content\/uploads\/2023\/11\/LOGO-RISE-AZUL.png\",\"contentUrl\":\"https:\/\/risemode.com\/wp-content\/uploads\/2023\/11\/LOGO-RISE-AZUL.png\",\"width\":2160,\"height\":2160,\"caption\":\"Rise Mode - Industry\"},\"image\":{\"@id\":\"https:\/\/risemode.com\/#\/schema\/logo\/image\/\"},\"sameAs\":[\"https:\/\/www.facebook.com\/risemode.com.br\",\"https:\/\/x.com\/risemode\",\"https:\/\/www.instagram.com\/rise.mode\/\",\"https:\/\/www.youtube.com\/risemode\"]}]}<\/script>\n<!-- \/ Yoast SEO plugin. -->","yoast_head_json":{"title":"ssdm2_z_series_1tb - Rise Mode - Industry","robots":{"index":"index","follow":"follow","max-snippet":"max-snippet:-1","max-image-preview":"max-image-preview:large","max-video-preview":"max-video-preview:-1"},"canonical":"https:\/\/risemode.com\/fr\/ssd-m2-z-series-1tb\/","og_locale":"fr_FR","og_type":"article","og_title":"ssdm2_z_series_1tb - Rise Mode - Industry","og_description":"BUY RISE USA RISE STORE Kabum GIGANTEC Ssd M.2 Z Series 1TB \u00a0 Capacidade: 1TBInterface: Pcie NvmeFator de forma: M.2 2280Flash NAND: 3D TLCLeitura sequencial: 2200 MB\/sEscrita sequencial: 1800 MB \/ sConsumo de energia: T\u00edpico = 1,6 W, Inativo = 0,3 WTempo de resposta: 0.05msTemperatura de opera\u00e7\u00e3o: 0\u00baC &#8211; 70\u00baCMtbf: 1.000.000 de horasPart Number: RM-SSD-1TB-M2 [&hellip;]","og_url":"https:\/\/risemode.com\/fr\/ssd-m2-z-series-1tb\/","og_site_name":"Rise Mode - Industry","article_publisher":"https:\/\/www.facebook.com\/risemode.com.br","article_modified_time":"2026-02-25T20:29:31+00:00","og_image":[{"url":"https:\/\/risemode.com\/wp-content\/uploads\/2024\/04\/rise_usa-1.svg"}],"twitter_card":"summary_large_image","twitter_site":"@risemode","twitter_misc":{"Dur\u00e9e de lecture estim\u00e9e":"2 minutes"},"schema":{"@context":"https:\/\/schema.org","@graph":[{"@type":"WebPage","@id":"https:\/\/risemode.com\/ssd-m2-z-series-1tb\/","url":"https:\/\/risemode.com\/ssd-m2-z-series-1tb\/","name":"ssdm2_z_series_1tb - Rise Mode - Industry","isPartOf":{"@id":"https:\/\/risemode.com\/#website"},"primaryImageOfPage":{"@id":"https:\/\/risemode.com\/ssd-m2-z-series-1tb\/#primaryimage"},"image":{"@id":"https:\/\/risemode.com\/ssd-m2-z-series-1tb\/#primaryimage"},"thumbnailUrl":"https:\/\/risemode.com\/wp-content\/uploads\/2024\/04\/rise_usa-1.svg","datePublished":"2024-05-20T00:26:37+00:00","dateModified":"2026-02-25T20:29:31+00:00","breadcrumb":{"@id":"https:\/\/risemode.com\/ssd-m2-z-series-1tb\/#breadcrumb"},"inLanguage":"fr-FR","potentialAction":[{"@type":"ReadAction","target":["https:\/\/risemode.com\/ssd-m2-z-series-1tb\/"]}]},{"@type":"ImageObject","inLanguage":"fr-FR","@id":"https:\/\/risemode.com\/ssd-m2-z-series-1tb\/#primaryimage","url":"https:\/\/risemode.com\/wp-content\/uploads\/2024\/04\/rise_usa-1.svg","contentUrl":"https:\/\/risemode.com\/wp-content\/uploads\/2024\/04\/rise_usa-1.svg"},{"@type":"BreadcrumbList","@id":"https:\/\/risemode.com\/ssd-m2-z-series-1tb\/#breadcrumb","itemListElement":[{"@type":"ListItem","position":1,"name":"In\u00edcio","item":"https:\/\/risemode.com\/"},{"@type":"ListItem","position":2,"name":"ssdm2_z_series_1tb"}]},{"@type":"WebSite","@id":"https:\/\/risemode.com\/#website","url":"https:\/\/risemode.com\/","name":"Rise Mode - Industry","description":"Computer Parts","publisher":{"@id":"https:\/\/risemode.com\/#organization"},"potentialAction":[{"@type":"SearchAction","target":{"@type":"EntryPoint","urlTemplate":"https:\/\/risemode.com\/?s={search_term_string}"},"query-input":"required name=search_term_string"}],"inLanguage":"fr-FR"},{"@type":"Organization","@id":"https:\/\/risemode.com\/#organization","name":"Rise Mode - Industry","url":"https:\/\/risemode.com\/","logo":{"@type":"ImageObject","inLanguage":"fr-FR","@id":"https:\/\/risemode.com\/#\/schema\/logo\/image\/","url":"https:\/\/risemode.com\/wp-content\/uploads\/2023\/11\/LOGO-RISE-AZUL.png","contentUrl":"https:\/\/risemode.com\/wp-content\/uploads\/2023\/11\/LOGO-RISE-AZUL.png","width":2160,"height":2160,"caption":"Rise Mode - Industry"},"image":{"@id":"https:\/\/risemode.com\/#\/schema\/logo\/image\/"},"sameAs":["https:\/\/www.facebook.com\/risemode.com.br","https:\/\/x.com\/risemode","https:\/\/www.instagram.com\/rise.mode\/","https:\/\/www.youtube.com\/risemode"]}]}},"jetpack_sharing_enabled":true,"_links":{"self":[{"href":"https:\/\/risemode.com\/fr\/wp-json\/wp\/v2\/pages\/3933"}],"collection":[{"href":"https:\/\/risemode.com\/fr\/wp-json\/wp\/v2\/pages"}],"about":[{"href":"https:\/\/risemode.com\/fr\/wp-json\/wp\/v2\/types\/page"}],"author":[{"embeddable":true,"href":"https:\/\/risemode.com\/fr\/wp-json\/wp\/v2\/users\/1"}],"replies":[{"embeddable":true,"href":"https:\/\/risemode.com\/fr\/wp-json\/wp\/v2\/comments?post=3933"}],"version-history":[{"count":16,"href":"https:\/\/risemode.com\/fr\/wp-json\/wp\/v2\/pages\/3933\/revisions"}],"predecessor-version":[{"id":24830,"href":"https:\/\/risemode.com\/fr\/wp-json\/wp\/v2\/pages\/3933\/revisions\/24830"}],"wp:attachment":[{"href":"https:\/\/risemode.com\/fr\/wp-json\/wp\/v2\/media?parent=3933"}],"curies":[{"name":"wp","href":"https:\/\/api.w.org\/{rel}","templated":true}]}}