{"id":4076,"date":"2024-05-20T02:29:40","date_gmt":"2024-05-20T02:29:40","guid":{"rendered":"https:\/\/risemode.com?page_id=4076"},"modified":"2025-10-14T20:27:36","modified_gmt":"2025-10-14T23:27:36","slug":"aura-62p-black-argb","status":"publish","type":"page","link":"https:\/\/risemode.com\/fr\/aura-62p-black-argb\/","title":{"rendered":"cabosleeved_Aura 6+2p Black ARGB"},"content":{"rendered":"<div data-elementor-type=\"wp-page\" data-elementor-id=\"4076\" class=\"elementor elementor-4076\" data-elementor-post-type=\"page\">\n\t\t\t\t\t\t\t\t\t<section class=\"elementor-section elementor-top-section elementor-element elementor-element-575d6e37 elementor-section-boxed elementor-section-height-default elementor-section-height-default\" data-id=\"575d6e37\" data-element_type=\"section\">\n\t\t\t\t\t\t<div class=\"elementor-container elementor-column-gap-default\">\n\t\t\t\t\t<div class=\"elementor-column elementor-col-100 elementor-top-column elementor-element elementor-element-f55c3c7\" data-id=\"f55c3c7\" data-element_type=\"column\">\n\t\t\t<div class=\"elementor-widget-wrap elementor-element-populated\">\n\t\t\t\t\t\t\t\t<div class=\"elementor-element elementor-element-5aac16cc elementor-widget elementor-widget-heading\" data-id=\"5aac16cc\" data-element_type=\"widget\" data-widget_type=\"heading.default\">\n\t\t\t\t<div class=\"elementor-widget-container\">\n\t\t\t<h2 class=\"elementor-heading-title elementor-size-xxl\">Acheter<\/h2>\t\t<\/div>\n\t\t\t\t<\/div>\n\t\t\t\t\t<\/div>\n\t\t<\/div>\n\t\t\t\t\t\t\t<\/div>\n\t\t<\/section>\n\t\t<div class=\"elementor-element elementor-element-3a9ef7bc e-con-full e-flex e-con\" data-id=\"3a9ef7bc\" data-element_type=\"container\" data-settings=\"{&quot;content_width&quot;:&quot;full&quot;}\">\n\t\t<div class=\"elementor-element elementor-element-3a2eb9da e-con-full e-flex e-con\" data-id=\"3a2eb9da\" data-element_type=\"container\" data-settings=\"{&quot;content_width&quot;:&quot;full&quot;,&quot;background_background&quot;:&quot;classic&quot;}\">\n\t\t\t\t<div class=\"elementor-element elementor-element-30b84e19 elementor-widget elementor-widget-image\" data-id=\"30b84e19\" data-element_type=\"widget\" data-widget_type=\"image.default\">\n\t\t\t\t<div class=\"elementor-widget-container\">\n\t\t\t\t\t\t\t\t\t\t\t\t\t\t\t\t<a href=\"https:\/\/www.amazon.com\/s?i=merchant-items&#038;me=A2Z190E8OU3Q34&#038;marketplaceID=ATVPDKIKX0DER&#038;qid=1682472974&#038;ref=sr_pg_2\" target=\"_blank\">\n\t\t\t\t\t\t\t<img decoding=\"async\" src=\"https:\/\/risemode.com\/wp-content\/uploads\/2024\/04\/rise_usa-1.svg\" title=\"rise_usa 1\" alt=\"rise_usa 1\" loading=\"lazy\" \/>\t\t\t\t\t\t\t\t<\/a>\n\t\t\t\t\t\t\t\t\t\t\t\t\t\t\t<\/div>\n\t\t\t\t<\/div>\n\t\t\t\t<div class=\"elementor-element elementor-element-befa74 elementor-widget elementor-widget-heading\" data-id=\"befa74\" data-element_type=\"widget\" data-widget_type=\"heading.default\">\n\t\t\t\t<div class=\"elementor-widget-container\">\n\t\t\t<h2 class=\"elementor-heading-title elementor-size-default\"><a href=\"https:\/\/www.amazon.com\/s?i=merchant-items&#038;me=A2Z190E8OU3Q34&#038;marketplaceID=ATVPDKIKX0DER&#038;qid=1682472974&#038;ref=sr_pg_2\" target=\"_blank\">RISE USA<\/a><\/h2>\t\t<\/div>\n\t\t\t\t<\/div>\n\t\t\t\t<\/div>\n\t\t<div class=\"elementor-element elementor-element-19b0909a e-con-full e-flex e-con\" data-id=\"19b0909a\" data-element_type=\"container\" data-settings=\"{&quot;content_width&quot;:&quot;full&quot;,&quot;background_background&quot;:&quot;classic&quot;}\">\n\t\t\t\t<div class=\"elementor-element elementor-element-20e28bb8 elementor-widget elementor-widget-image\" data-id=\"20e28bb8\" data-element_type=\"widget\" data-widget_type=\"image.default\">\n\t\t\t\t<div class=\"elementor-widget-container\">\n\t\t\t\t\t\t\t\t\t\t\t\t\t\t\t\t<a href=\"https:\/\/www.lojarisemode.com.br\" target=\"_blank\">\n\t\t\t\t\t\t\t<img decoding=\"async\" src=\"https:\/\/risemode.com\/wp-content\/uploads\/elementor\/thumbs\/fav-logo-rise-white-quj9d0fz7f9az59v94cpbblv5hbr6ug0j2w8hhrwj8.png\" title=\"fav-logo-rise-white\" alt=\"fav-logo-rise-white\" loading=\"lazy\" \/>\t\t\t\t\t\t\t\t<\/a>\n\t\t\t\t\t\t\t\t\t\t\t\t\t\t\t<\/div>\n\t\t\t\t<\/div>\n\t\t\t\t<div class=\"elementor-element elementor-element-12e97ad1 elementor-widget elementor-widget-heading\" data-id=\"12e97ad1\" data-element_type=\"widget\" data-widget_type=\"heading.default\">\n\t\t\t\t<div class=\"elementor-widget-container\">\n\t\t\t<h2 class=\"elementor-heading-title elementor-size-default\"><a href=\"https:\/\/www.lojarisemode.com.br\" target=\"_blank\">RISE LOJA<\/a><\/h2>\t\t<\/div>\n\t\t\t\t<\/div>\n\t\t\t\t<\/div>\n\t\t<div class=\"elementor-element elementor-element-11062c77 e-con-full e-flex e-con\" data-id=\"11062c77\" data-element_type=\"container\" data-settings=\"{&quot;content_width&quot;:&quot;full&quot;,&quot;background_background&quot;:&quot;classic&quot;}\">\n\t\t\t\t<div class=\"elementor-element elementor-element-f7cec82 elementor-widget elementor-widget-image\" data-id=\"f7cec82\" data-element_type=\"widget\" data-widget_type=\"image.default\">\n\t\t\t\t<div class=\"elementor-widget-container\">\n\t\t\t\t\t\t\t\t\t\t\t\t\t\t\t\t<a href=\"https:\/\/tidd.ly\/4e55nXF\" target=\"_blank\">\n\t\t\t\t\t\t\t<img decoding=\"async\" src=\"https:\/\/risemode.com\/wp-content\/uploads\/2024\/04\/kabum-1.svg\" title=\"kabum 1\" alt=\"kabum 1\" loading=\"lazy\" \/>\t\t\t\t\t\t\t\t<\/a>\n\t\t\t\t\t\t\t\t\t\t\t\t\t\t\t<\/div>\n\t\t\t\t<\/div>\n\t\t\t\t<div class=\"elementor-element elementor-element-17ec51cc elementor-widget elementor-widget-heading\" data-id=\"17ec51cc\" data-element_type=\"widget\" data-widget_type=\"heading.default\">\n\t\t\t\t<div class=\"elementor-widget-container\">\n\t\t\t<h2 class=\"elementor-heading-title elementor-size-default\"><a href=\"https:\/\/tidd.ly\/4e55nXF\" target=\"_blank\"><span translate=\"no\">Kabum<\/span><\/a><\/h2>\t\t<\/div>\n\t\t\t\t<\/div>\n\t\t\t\t<\/div>\n\t\t\t\t<\/div>\n\t\t\t\t<section class=\"elementor-section elementor-top-section elementor-element elementor-element-3e8f7f2f elementor-section-boxed elementor-section-height-default elementor-section-height-default\" data-id=\"3e8f7f2f\" data-element_type=\"section\">\n\t\t\t\t\t\t<div class=\"elementor-container elementor-column-gap-default\">\n\t\t\t\t\t<div class=\"elementor-column elementor-col-100 elementor-top-column elementor-element elementor-element-1da6fd1c\" data-id=\"1da6fd1c\" data-element_type=\"column\">\n\t\t\t<div class=\"elementor-widget-wrap elementor-element-populated\">\n\t\t\t\t\t\t\t\t<div class=\"elementor-element elementor-element-3f0fcd83 elementor--h-position-center elementor--v-position-middle elementor-arrows-position-inside elementor-pagination-position-inside elementor-widget elementor-widget-slides\" data-id=\"3f0fcd83\" data-element_type=\"widget\" data-settings=\"{&quot;navigation&quot;:&quot;both&quot;,&quot;autoplay&quot;:&quot;yes&quot;,&quot;pause_on_hover&quot;:&quot;yes&quot;,&quot;pause_on_interaction&quot;:&quot;yes&quot;,&quot;autoplay_speed&quot;:5000,&quot;infinite&quot;:&quot;yes&quot;,&quot;transition&quot;:&quot;slide&quot;,&quot;transition_speed&quot;:500}\" data-widget_type=\"slides.default\">\n\t\t\t\t<div class=\"elementor-widget-container\">\n\t\t\t\t\t<div class=\"elementor-swiper\">\n\t\t\t<div class=\"elementor-slides-wrapper elementor-main-swiper swiper\" dir=\"ltr\" data-animation=\"fadeInUp\">\n\t\t\t\t<div class=\"swiper-wrapper elementor-slides\">\n\t\t\t\t\t\t\t\t\t\t<div class=\"elementor-repeater-item-9aeec2f swiper-slide\"><div class=\"swiper-slide-bg\" role=\"img\"><\/div><div class=\"swiper-slide-inner\" ><div class=\"swiper-slide-contents\"><\/div><\/div><\/div>\t\t\t\t<\/div>\n\t\t\t\t\t\t\t<\/div>\n\t\t<\/div>\n\t\t\t\t<\/div>\n\t\t\t\t<\/div>\n\t\t\t\t\t<\/div>\n\t\t<\/div>\n\t\t\t\t\t\t\t<\/div>\n\t\t<\/section>\n\t\t<div class=\"elementor-element elementor-element-784e7248 e-flex e-con-boxed e-con\" data-id=\"784e7248\" data-element_type=\"container\" data-settings=\"{&quot;content_width&quot;:&quot;boxed&quot;}\">\n\t\t\t\t\t<div class=\"e-con-inner\">\n\t\t\t\t<div class=\"elementor-element elementor-element-16d94d5c elementor-widget elementor-widget-image\" data-id=\"16d94d5c\" data-element_type=\"widget\" data-widget_type=\"image.default\">\n\t\t\t\t<div class=\"elementor-widget-container\">\n\t\t\t\t\t\t\t\t\t\t\t\t\t\t\t<img loading=\"lazy\" decoding=\"async\" width=\"2560\" height=\"1463\" src=\"https:\/\/risemode.com\/wp-content\/uploads\/2025\/03\/banner-14.png\" class=\"attachment-full size-full wp-image-16305\" alt=\"\" srcset=\"https:\/\/risemode.com\/wp-content\/uploads\/2025\/03\/banner-14.png 2560w, https:\/\/risemode.com\/wp-content\/uploads\/2025\/03\/banner-14-300x171.png 300w, https:\/\/risemode.com\/wp-content\/uploads\/2025\/03\/banner-14-1024x585.png 1024w, https:\/\/risemode.com\/wp-content\/uploads\/2025\/03\/banner-14-768x439.png 768w, https:\/\/risemode.com\/wp-content\/uploads\/2025\/03\/banner-14-1536x878.png 1536w, https:\/\/risemode.com\/wp-content\/uploads\/2025\/03\/banner-14-2048x1170.png 2048w, https:\/\/risemode.com\/wp-content\/uploads\/2025\/03\/banner-14-600x343.png 600w\" sizes=\"(max-width: 2560px) 100vw, 2560px\" \/>\t\t\t\t\t\t\t\t\t\t\t\t\t\t\t<\/div>\n\t\t\t\t<\/div>\n\t\t\t\t\t<\/div>\n\t\t\t\t<\/div>\n\t\t<div class=\"elementor-element elementor-element-4e4af50c e-flex e-con-boxed e-con\" data-id=\"4e4af50c\" data-element_type=\"container\" data-settings=\"{&quot;content_width&quot;:&quot;boxed&quot;}\">\n\t\t\t\t\t<div class=\"e-con-inner\">\n\t\t<div class=\"elementor-element elementor-element-4d2590ae e-con-full e-flex e-con\" data-id=\"4d2590ae\" data-element_type=\"container\" data-settings=\"{&quot;content_width&quot;:&quot;full&quot;}\">\n\t\t\t\t<div class=\"elementor-element elementor-element-323120f4 elementor-widget elementor-widget-heading\" data-id=\"323120f4\" data-element_type=\"widget\" data-widget_type=\"heading.default\">\n\t\t\t\t<div class=\"elementor-widget-container\">\n\t\t\t<h1 class=\"elementor-heading-title elementor-size-default\">\u00c9clairage<\/h1>\t\t<\/div>\n\t\t\t\t<\/div>\n\t\t\t\t<div class=\"elementor-element elementor-element-2fed1302 elementor-widget elementor-widget-text-editor\" data-id=\"2fed1302\" data-element_type=\"widget\" data-widget_type=\"text-editor.default\">\n\t\t\t\t<div class=\"elementor-widget-container\">\n\t\t\t\t\t\t\t<p>Transformez votre setup avec le mod\u00e8le Aura VGA Full Black ARGB 6+2p, offrant un \u00e9clairage ARGB \u00e9clatant et une connexion flexible avec les cartes m\u00e8res 5V 3 broches.<\/p>\t\t\t\t\t\t<\/div>\n\t\t\t\t<\/div>\n\t\t\t\t<\/div>\n\t\t<div class=\"elementor-element elementor-element-215355d3 e-con-full e-flex e-con\" data-id=\"215355d3\" data-element_type=\"container\" data-settings=\"{&quot;content_width&quot;:&quot;full&quot;}\">\n\t\t\t\t<div class=\"elementor-element elementor-element-7d40bccf elementor-widget elementor-widget-image\" data-id=\"7d40bccf\" data-element_type=\"widget\" data-widget_type=\"image.default\">\n\t\t\t\t<div class=\"elementor-widget-container\">\n\t\t\t\t\t\t\t\t\t\t\t\t\t\t\t<img loading=\"lazy\" decoding=\"async\" width=\"800\" height=\"800\" src=\"https:\/\/risemode.com\/wp-content\/uploads\/2025\/03\/foto_01-13-1024x1024.png\" class=\"attachment-large size-large wp-image-16306\" alt=\"\" srcset=\"https:\/\/risemode.com\/wp-content\/uploads\/2025\/03\/foto_01-13-1024x1024.png 1024w, https:\/\/risemode.com\/wp-content\/uploads\/2025\/03\/foto_01-13-300x300.png 300w, https:\/\/risemode.com\/wp-content\/uploads\/2025\/03\/foto_01-13-150x150.png 150w, https:\/\/risemode.com\/wp-content\/uploads\/2025\/03\/foto_01-13-768x768.png 768w, https:\/\/risemode.com\/wp-content\/uploads\/2025\/03\/foto_01-13-1536x1536.png 1536w, https:\/\/risemode.com\/wp-content\/uploads\/2025\/03\/foto_01-13-2048x2048.png 2048w, https:\/\/risemode.com\/wp-content\/uploads\/2025\/03\/foto_01-13-600x600.png 600w, https:\/\/risemode.com\/wp-content\/uploads\/2025\/03\/foto_01-13-100x100.png 100w\" sizes=\"(max-width: 800px) 100vw, 800px\" \/>\t\t\t\t\t\t\t\t\t\t\t\t\t\t\t<\/div>\n\t\t\t\t<\/div>\n\t\t\t\t<\/div>\n\t\t\t\t\t<\/div>\n\t\t\t\t<\/div>\n\t\t<div class=\"elementor-element elementor-element-38756ae8 e-flex e-con-boxed e-con\" data-id=\"38756ae8\" data-element_type=\"container\" data-settings=\"{&quot;content_width&quot;:&quot;boxed&quot;}\">\n\t\t\t\t\t<div class=\"e-con-inner\">\n\t\t\t\t<div class=\"elementor-element elementor-element-4901e5ab elementor-widget elementor-widget-image\" data-id=\"4901e5ab\" data-element_type=\"widget\" data-widget_type=\"image.default\">\n\t\t\t\t<div class=\"elementor-widget-container\">\n\t\t\t\t\t\t\t\t\t\t\t\t\t\t\t<img loading=\"lazy\" decoding=\"async\" width=\"2560\" height=\"1463\" src=\"https:\/\/risemode.com\/wp-content\/uploads\/2025\/03\/foto_03-12.png\" class=\"attachment-full size-full wp-image-16307\" alt=\"\" srcset=\"https:\/\/risemode.com\/wp-content\/uploads\/2025\/03\/foto_03-12.png 2560w, https:\/\/risemode.com\/wp-content\/uploads\/2025\/03\/foto_03-12-300x171.png 300w, https:\/\/risemode.com\/wp-content\/uploads\/2025\/03\/foto_03-12-1024x585.png 1024w, https:\/\/risemode.com\/wp-content\/uploads\/2025\/03\/foto_03-12-768x439.png 768w, https:\/\/risemode.com\/wp-content\/uploads\/2025\/03\/foto_03-12-1536x878.png 1536w, https:\/\/risemode.com\/wp-content\/uploads\/2025\/03\/foto_03-12-2048x1170.png 2048w, https:\/\/risemode.com\/wp-content\/uploads\/2025\/03\/foto_03-12-600x343.png 600w\" sizes=\"(max-width: 2560px) 100vw, 2560px\" \/>\t\t\t\t\t\t\t\t\t\t\t\t\t\t\t<\/div>\n\t\t\t\t<\/div>\n\t\t<div class=\"elementor-element elementor-element-13086953 e-con-full e-flex e-con\" data-id=\"13086953\" data-element_type=\"container\" data-settings=\"{&quot;content_width&quot;:&quot;full&quot;}\">\n\t\t\t\t<div class=\"elementor-element elementor-element-6d535a6f elementor-widget elementor-widget-heading\" data-id=\"6d535a6f\" data-element_type=\"widget\" data-widget_type=\"heading.default\">\n\t\t\t\t<div class=\"elementor-widget-container\">\n\t\t\t<h1 class=\"elementor-heading-title elementor-size-default\">Performance \u00c9lev\u00e9e<\/h1>\t\t<\/div>\n\t\t\t\t<\/div>\n\t\t\t\t<div class=\"elementor-element elementor-element-19042efd elementor-widget elementor-widget-text-editor\" data-id=\"19042efd\" data-element_type=\"widget\" data-widget_type=\"text-editor.default\">\n\t\t\t\t<div class=\"elementor-widget-container\">\n\t\t\t\t\t\t\t<p>D\u00e9couvrez l\u2019innovation avec le C\u00e2ble Gain\u00e9 Aura VGA Full Black ARGB 6+2p. Le c\u00e2ble au standard AWG18 assure une excellente alimentation pour votre carte graphique, tandis que son design noir \u00e9l\u00e9gant et ses LED ARGB 5V 3 broches offrent une synchronisation parfaite avec d\u2019autres composants ARGB, sublimant le style de votre configuration.<\/p>\t\t\t\t\t\t<\/div>\n\t\t\t\t<\/div>\n\t\t\t\t<\/div>\n\t\t\t\t\t<\/div>\n\t\t\t\t<\/div>\n\t\t\t\t<section class=\"elementor-section elementor-top-section elementor-element elementor-element-21191f0d elementor-section-boxed elementor-section-height-default elementor-section-height-default\" data-id=\"21191f0d\" data-element_type=\"section\">\n\t\t\t\t\t\t<div class=\"elementor-container elementor-column-gap-default\">\n\t\t\t\t\t<div class=\"elementor-column elementor-col-100 elementor-top-column elementor-element elementor-element-210f9d3f\" data-id=\"210f9d3f\" data-element_type=\"column\">\n\t\t\t<div class=\"elementor-widget-wrap elementor-element-populated\">\n\t\t\t\t\t\t\t\t<div class=\"elementor-element elementor-element-140749e6 elementor-widget elementor-widget-heading\" data-id=\"140749e6\" data-element_type=\"widget\" data-widget_type=\"heading.default\">\n\t\t\t\t<div class=\"elementor-widget-container\">\n\t\t\t<h1 class=\"elementor-heading-title elementor-size-xxl\"><span translate=\"no\">Aura 6+2p Black ARGB<\/span><\/h1>\t\t<\/div>\n\t\t\t\t<\/div>\n\t\t\t\t\t<\/div>\n\t\t<\/div>\n\t\t\t\t\t\t\t<\/div>\n\t\t<\/section>\n\t\t\t\t<section class=\"elementor-section elementor-top-section elementor-element elementor-element-3079cceb elementor-section-boxed elementor-section-height-default elementor-section-height-default\" data-id=\"3079cceb\" data-element_type=\"section\">\n\t\t\t\t\t\t<div class=\"elementor-container elementor-column-gap-default\">\n\t\t\t\t\t<div class=\"elementor-column elementor-col-100 elementor-top-column elementor-element elementor-element-46352d29\" data-id=\"46352d29\" data-element_type=\"column\">\n\t\t\t<div class=\"elementor-widget-wrap elementor-element-populated\">\n\t\t\t\t\t\t\t\t<div class=\"elementor-element elementor-element-49284fb6 elementor-widget elementor-widget-text-editor\" data-id=\"49284fb6\" data-element_type=\"widget\" data-widget_type=\"text-editor.default\">\n\t\t\t\t<div class=\"elementor-widget-container\">\n\t\t\t\t\t\t\t<p class=\"translation-block\">Num\u00e9ro de Pi\u00e8ce: RM-SLV-01-FB-ARGB<br>Taille: 300mm<br>LED ARGB: 5V 3 broches (5V-D-0-G)<br>Norme: 1x C\u00e2ble PCIe 6+2p pour carte graphique<br>Informations Suppl\u00e9mentaires:<br>Fibre optique brillante avec une excellente luminosit\u00e9<br>Connexion ARGB adressable compatible avec les cartes m\u00e8res 5V 3 broches<br>Synchronisation avec d'autres composants ARGB<br>C\u00e2ble standard AWG18<\/p>\t\t\t\t\t\t<\/div>\n\t\t\t\t<\/div>\n\t\t\t\t\t<\/div>\n\t\t<\/div>\n\t\t\t\t\t\t\t<\/div>\n\t\t<\/section>\n\t\t\t\t\t\t\t<\/div>","protected":false},"excerpt":{"rendered":"<p>BUY RISE USA RISE LOJA Kabum Lighting Transform your setup with the Aura VGA Full Black ARGB 6+2p model, offering vibrant ARGB lighting and flexible connection with 5V 3-pin motherboards. High Performance Experience innovation with the Aura VGA Full Black ARGB 6+2p Sleeved Cable. The AWG18 standard cable ensures excellent power delivery to your graphics [&hellip;]<\/p>","protected":false},"author":1,"featured_media":0,"parent":0,"menu_order":0,"comment_status":"closed","ping_status":"closed","template":"","meta":{"footnotes":""},"yoast_head":"<!-- This site is optimized with the Yoast SEO plugin v23.2 - https:\/\/yoast.com\/wordpress\/plugins\/seo\/ -->\n<title>cabosleeved_Aura 6+2p Black ARGB - Rise Mode - Industry<\/title>\n<meta name=\"robots\" content=\"index, follow, max-snippet:-1, max-image-preview:large, max-video-preview:-1\" \/>\n<link rel=\"canonical\" href=\"https:\/\/risemode.com\/fr\/aura-62p-black-argb\/\" \/>\n<meta property=\"og:locale\" content=\"fr_FR\" \/>\n<meta property=\"og:type\" content=\"article\" \/>\n<meta property=\"og:title\" content=\"cabosleeved_Aura 6+2p Black ARGB - Rise Mode - Industry\" \/>\n<meta property=\"og:description\" content=\"BUY RISE USA RISE LOJA Kabum Lighting Transform your setup with the Aura VGA Full Black ARGB 6+2p model, offering vibrant ARGB lighting and flexible connection with 5V 3-pin motherboards. High Performance Experience innovation with the Aura VGA Full Black ARGB 6+2p Sleeved Cable. The AWG18 standard cable ensures excellent power delivery to your graphics [&hellip;]\" \/>\n<meta property=\"og:url\" content=\"https:\/\/risemode.com\/fr\/aura-62p-black-argb\/\" \/>\n<meta property=\"og:site_name\" content=\"Rise Mode - Industry\" \/>\n<meta property=\"article:publisher\" content=\"https:\/\/www.facebook.com\/risemode.com.br\" \/>\n<meta property=\"article:modified_time\" content=\"2025-10-14T23:27:36+00:00\" \/>\n<meta property=\"og:image\" content=\"https:\/\/risemode.com\/wp-content\/uploads\/2024\/04\/rise_usa-1.svg\" \/>\n<meta name=\"twitter:card\" content=\"summary_large_image\" \/>\n<meta name=\"twitter:site\" content=\"@risemode\" \/>\n<meta name=\"twitter:label1\" content=\"Dur\u00e9e de lecture estim\u00e9e\" \/>\n\t<meta name=\"twitter:data1\" content=\"2 minutes\" \/>\n<script type=\"application\/ld+json\" class=\"yoast-schema-graph\">{\"@context\":\"https:\/\/schema.org\",\"@graph\":[{\"@type\":\"WebPage\",\"@id\":\"https:\/\/risemode.com\/aura-62p-black-argb\/\",\"url\":\"https:\/\/risemode.com\/aura-62p-black-argb\/\",\"name\":\"cabosleeved_Aura 6+2p Black ARGB - Rise Mode - Industry\",\"isPartOf\":{\"@id\":\"https:\/\/risemode.com\/#website\"},\"primaryImageOfPage\":{\"@id\":\"https:\/\/risemode.com\/aura-62p-black-argb\/#primaryimage\"},\"image\":{\"@id\":\"https:\/\/risemode.com\/aura-62p-black-argb\/#primaryimage\"},\"thumbnailUrl\":\"https:\/\/risemode.com\/wp-content\/uploads\/2024\/04\/rise_usa-1.svg\",\"datePublished\":\"2024-05-20T02:29:40+00:00\",\"dateModified\":\"2025-10-14T23:27:36+00:00\",\"breadcrumb\":{\"@id\":\"https:\/\/risemode.com\/aura-62p-black-argb\/#breadcrumb\"},\"inLanguage\":\"fr-FR\",\"potentialAction\":[{\"@type\":\"ReadAction\",\"target\":[\"https:\/\/risemode.com\/aura-62p-black-argb\/\"]}]},{\"@type\":\"ImageObject\",\"inLanguage\":\"fr-FR\",\"@id\":\"https:\/\/risemode.com\/aura-62p-black-argb\/#primaryimage\",\"url\":\"https:\/\/risemode.com\/wp-content\/uploads\/2024\/04\/rise_usa-1.svg\",\"contentUrl\":\"https:\/\/risemode.com\/wp-content\/uploads\/2024\/04\/rise_usa-1.svg\"},{\"@type\":\"BreadcrumbList\",\"@id\":\"https:\/\/risemode.com\/aura-62p-black-argb\/#breadcrumb\",\"itemListElement\":[{\"@type\":\"ListItem\",\"position\":1,\"name\":\"In\u00edcio\",\"item\":\"https:\/\/risemode.com\/\"},{\"@type\":\"ListItem\",\"position\":2,\"name\":\"cabosleeved_Aura 6+2p Black ARGB\"}]},{\"@type\":\"WebSite\",\"@id\":\"https:\/\/risemode.com\/#website\",\"url\":\"https:\/\/risemode.com\/\",\"name\":\"Rise Mode - Industry\",\"description\":\"Computer Parts\",\"publisher\":{\"@id\":\"https:\/\/risemode.com\/#organization\"},\"potentialAction\":[{\"@type\":\"SearchAction\",\"target\":{\"@type\":\"EntryPoint\",\"urlTemplate\":\"https:\/\/risemode.com\/?s={search_term_string}\"},\"query-input\":\"required name=search_term_string\"}],\"inLanguage\":\"fr-FR\"},{\"@type\":\"Organization\",\"@id\":\"https:\/\/risemode.com\/#organization\",\"name\":\"Rise Mode - Industry\",\"url\":\"https:\/\/risemode.com\/\",\"logo\":{\"@type\":\"ImageObject\",\"inLanguage\":\"fr-FR\",\"@id\":\"https:\/\/risemode.com\/#\/schema\/logo\/image\/\",\"url\":\"https:\/\/risemode.com\/wp-content\/uploads\/2023\/11\/LOGO-RISE-AZUL.png\",\"contentUrl\":\"https:\/\/risemode.com\/wp-content\/uploads\/2023\/11\/LOGO-RISE-AZUL.png\",\"width\":2160,\"height\":2160,\"caption\":\"Rise Mode - Industry\"},\"image\":{\"@id\":\"https:\/\/risemode.com\/#\/schema\/logo\/image\/\"},\"sameAs\":[\"https:\/\/www.facebook.com\/risemode.com.br\",\"https:\/\/x.com\/risemode\",\"https:\/\/www.instagram.com\/rise.mode\/\",\"https:\/\/www.youtube.com\/risemode\"]}]}<\/script>\n<!-- \/ Yoast SEO plugin. -->","yoast_head_json":{"title":"cabosleeved_Aura 6+2p Black ARGB - Rise Mode - Industry","robots":{"index":"index","follow":"follow","max-snippet":"max-snippet:-1","max-image-preview":"max-image-preview:large","max-video-preview":"max-video-preview:-1"},"canonical":"https:\/\/risemode.com\/fr\/aura-62p-black-argb\/","og_locale":"fr_FR","og_type":"article","og_title":"cabosleeved_Aura 6+2p Black ARGB - Rise Mode - Industry","og_description":"BUY RISE USA RISE LOJA Kabum Lighting Transform your setup with the Aura VGA Full Black ARGB 6+2p model, offering vibrant ARGB lighting and flexible connection with 5V 3-pin motherboards. High Performance Experience innovation with the Aura VGA Full Black ARGB 6+2p Sleeved Cable. The AWG18 standard cable ensures excellent power delivery to your graphics [&hellip;]","og_url":"https:\/\/risemode.com\/fr\/aura-62p-black-argb\/","og_site_name":"Rise Mode - Industry","article_publisher":"https:\/\/www.facebook.com\/risemode.com.br","article_modified_time":"2025-10-14T23:27:36+00:00","og_image":[{"url":"https:\/\/risemode.com\/wp-content\/uploads\/2024\/04\/rise_usa-1.svg"}],"twitter_card":"summary_large_image","twitter_site":"@risemode","twitter_misc":{"Dur\u00e9e de lecture estim\u00e9e":"2 minutes"},"schema":{"@context":"https:\/\/schema.org","@graph":[{"@type":"WebPage","@id":"https:\/\/risemode.com\/aura-62p-black-argb\/","url":"https:\/\/risemode.com\/aura-62p-black-argb\/","name":"cabosleeved_Aura 6+2p Black ARGB - Rise Mode - Industry","isPartOf":{"@id":"https:\/\/risemode.com\/#website"},"primaryImageOfPage":{"@id":"https:\/\/risemode.com\/aura-62p-black-argb\/#primaryimage"},"image":{"@id":"https:\/\/risemode.com\/aura-62p-black-argb\/#primaryimage"},"thumbnailUrl":"https:\/\/risemode.com\/wp-content\/uploads\/2024\/04\/rise_usa-1.svg","datePublished":"2024-05-20T02:29:40+00:00","dateModified":"2025-10-14T23:27:36+00:00","breadcrumb":{"@id":"https:\/\/risemode.com\/aura-62p-black-argb\/#breadcrumb"},"inLanguage":"fr-FR","potentialAction":[{"@type":"ReadAction","target":["https:\/\/risemode.com\/aura-62p-black-argb\/"]}]},{"@type":"ImageObject","inLanguage":"fr-FR","@id":"https:\/\/risemode.com\/aura-62p-black-argb\/#primaryimage","url":"https:\/\/risemode.com\/wp-content\/uploads\/2024\/04\/rise_usa-1.svg","contentUrl":"https:\/\/risemode.com\/wp-content\/uploads\/2024\/04\/rise_usa-1.svg"},{"@type":"BreadcrumbList","@id":"https:\/\/risemode.com\/aura-62p-black-argb\/#breadcrumb","itemListElement":[{"@type":"ListItem","position":1,"name":"In\u00edcio","item":"https:\/\/risemode.com\/"},{"@type":"ListItem","position":2,"name":"cabosleeved_Aura 6+2p Black ARGB"}]},{"@type":"WebSite","@id":"https:\/\/risemode.com\/#website","url":"https:\/\/risemode.com\/","name":"Rise Mode - Industry","description":"Computer Parts","publisher":{"@id":"https:\/\/risemode.com\/#organization"},"potentialAction":[{"@type":"SearchAction","target":{"@type":"EntryPoint","urlTemplate":"https:\/\/risemode.com\/?s={search_term_string}"},"query-input":"required name=search_term_string"}],"inLanguage":"fr-FR"},{"@type":"Organization","@id":"https:\/\/risemode.com\/#organization","name":"Rise Mode - Industry","url":"https:\/\/risemode.com\/","logo":{"@type":"ImageObject","inLanguage":"fr-FR","@id":"https:\/\/risemode.com\/#\/schema\/logo\/image\/","url":"https:\/\/risemode.com\/wp-content\/uploads\/2023\/11\/LOGO-RISE-AZUL.png","contentUrl":"https:\/\/risemode.com\/wp-content\/uploads\/2023\/11\/LOGO-RISE-AZUL.png","width":2160,"height":2160,"caption":"Rise Mode - Industry"},"image":{"@id":"https:\/\/risemode.com\/#\/schema\/logo\/image\/"},"sameAs":["https:\/\/www.facebook.com\/risemode.com.br","https:\/\/x.com\/risemode","https:\/\/www.instagram.com\/rise.mode\/","https:\/\/www.youtube.com\/risemode"]}]}},"jetpack_sharing_enabled":true,"_links":{"self":[{"href":"https:\/\/risemode.com\/fr\/wp-json\/wp\/v2\/pages\/4076"}],"collection":[{"href":"https:\/\/risemode.com\/fr\/wp-json\/wp\/v2\/pages"}],"about":[{"href":"https:\/\/risemode.com\/fr\/wp-json\/wp\/v2\/types\/page"}],"author":[{"embeddable":true,"href":"https:\/\/risemode.com\/fr\/wp-json\/wp\/v2\/users\/1"}],"replies":[{"embeddable":true,"href":"https:\/\/risemode.com\/fr\/wp-json\/wp\/v2\/comments?post=4076"}],"version-history":[{"count":26,"href":"https:\/\/risemode.com\/fr\/wp-json\/wp\/v2\/pages\/4076\/revisions"}],"predecessor-version":[{"id":23820,"href":"https:\/\/risemode.com\/fr\/wp-json\/wp\/v2\/pages\/4076\/revisions\/23820"}],"wp:attachment":[{"href":"https:\/\/risemode.com\/fr\/wp-json\/wp\/v2\/media?parent=4076"}],"curies":[{"name":"wp","href":"https:\/\/api.w.org\/{rel}","templated":true}]}}