{"id":18525,"date":"2025-07-04T13:44:29","date_gmt":"2025-07-04T16:44:29","guid":{"rendered":"https:\/\/risemode.com\/?page_id=18525"},"modified":"2026-02-14T16:05:17","modified_gmt":"2026-02-14T19:05:17","slug":"galaxy-glass-standard-v2-led-white-argb-sem-fans","status":"publish","type":"page","link":"https:\/\/risemode.com\/it\/galaxy-glass-standard-v2-led-white-argb-sem-fans\/","title":{"rendered":"Galaxy GlassStandard V2 LED ARGB WHITE SEM FANS\u200b"},"content":{"rendered":"<div data-elementor-type=\"wp-page\" data-elementor-id=\"18525\" class=\"elementor elementor-18525\" data-elementor-post-type=\"page\">\n\t\t\t\t\t\t\t\t\t<section class=\"elementor-section elementor-top-section elementor-element elementor-element-2f950bcd elementor-section-boxed elementor-section-height-default elementor-section-height-default\" data-id=\"2f950bcd\" data-element_type=\"section\">\n\t\t\t\t\t\t<div class=\"elementor-container elementor-column-gap-default\">\n\t\t\t\t\t<div class=\"elementor-column elementor-col-100 elementor-top-column elementor-element elementor-element-1aff6dbe\" data-id=\"1aff6dbe\" data-element_type=\"column\">\n\t\t\t<div class=\"elementor-widget-wrap elementor-element-populated\">\n\t\t\t\t\t\t\t\t<div class=\"elementor-element elementor-element-563396c4 elementor-widget elementor-widget-heading\" data-id=\"563396c4\" data-element_type=\"widget\" data-widget_type=\"heading.default\">\n\t\t\t\t<div class=\"elementor-widget-container\">\n\t\t\t<h2 class=\"elementor-heading-title elementor-size-xxl\">COMPRAR<\/h2>\t\t<\/div>\n\t\t\t\t<\/div>\n\t\t\t\t\t<\/div>\n\t\t<\/div>\n\t\t\t\t\t\t\t<\/div>\n\t\t<\/section>\n\t\t<div class=\"elementor-element elementor-element-1c2f5cd2 e-con-full e-flex e-con\" data-id=\"1c2f5cd2\" data-element_type=\"container\" data-settings=\"{&quot;content_width&quot;:&quot;full&quot;}\">\n\t\t<div class=\"elementor-element elementor-element-736731d2 e-con-full e-flex e-con\" data-id=\"736731d2\" data-element_type=\"container\" data-settings=\"{&quot;content_width&quot;:&quot;full&quot;,&quot;background_background&quot;:&quot;classic&quot;}\">\n\t\t\t\t<div class=\"elementor-element elementor-element-15c401cb elementor-widget elementor-widget-image\" data-id=\"15c401cb\" data-element_type=\"widget\" data-widget_type=\"image.default\">\n\t\t\t\t<div class=\"elementor-widget-container\">\n\t\t\t\t\t\t\t\t\t\t\t\t\t\t\t\t<a href=\"https:\/\/www.amazon.com\/s?i=merchant-items&#038;me=A2Z190E8OU3Q34&#038;marketplaceID=ATVPDKIKX0DER&#038;qid=1682472974&#038;ref=sr_pg_2\" target=\"_blank\">\n\t\t\t\t\t\t\t<img decoding=\"async\" src=\"https:\/\/risemode.com\/wp-content\/uploads\/2024\/04\/rise_usa-1.svg\" title=\"rise_usa 1\" alt=\"rise_usa 1\" loading=\"lazy\" \/>\t\t\t\t\t\t\t\t<\/a>\n\t\t\t\t\t\t\t\t\t\t\t\t\t\t\t<\/div>\n\t\t\t\t<\/div>\n\t\t\t\t<div class=\"elementor-element elementor-element-57039825 elementor-widget elementor-widget-heading\" data-id=\"57039825\" data-element_type=\"widget\" data-widget_type=\"heading.default\">\n\t\t\t\t<div class=\"elementor-widget-container\">\n\t\t\t<h2 class=\"elementor-heading-title elementor-size-default\"><a href=\"https:\/\/www.amazon.com\/s?i=merchant-items&#038;me=A2Z190E8OU3Q34&#038;marketplaceID=ATVPDKIKX0DER&#038;qid=1682472974&#038;ref=sr_pg_2\" target=\"_blank\">RISE USA<\/a><\/h2>\t\t<\/div>\n\t\t\t\t<\/div>\n\t\t\t\t<\/div>\n\t\t<div class=\"elementor-element elementor-element-3c87249a e-con-full e-flex e-con\" data-id=\"3c87249a\" data-element_type=\"container\" data-settings=\"{&quot;content_width&quot;:&quot;full&quot;,&quot;background_background&quot;:&quot;classic&quot;}\">\n\t\t\t\t<div class=\"elementor-element elementor-element-1a730160 elementor-widget elementor-widget-image\" data-id=\"1a730160\" data-element_type=\"widget\" data-widget_type=\"image.default\">\n\t\t\t\t<div class=\"elementor-widget-container\">\n\t\t\t\t\t\t\t\t\t\t\t\t\t\t\t\t<a href=\"https:\/\/www.lojarisemode.com.br\" target=\"_blank\">\n\t\t\t\t\t\t\t<img decoding=\"async\" src=\"https:\/\/risemode.com\/wp-content\/uploads\/elementor\/thumbs\/fav-logo-rise-white-quj9d0fz7f9az59v94cpbblv5hbr6ug0j2w8hhrwj8.png\" title=\"fav-logo-rise-white\" alt=\"fav-logo-rise-white\" loading=\"lazy\" \/>\t\t\t\t\t\t\t\t<\/a>\n\t\t\t\t\t\t\t\t\t\t\t\t\t\t\t<\/div>\n\t\t\t\t<\/div>\n\t\t\t\t<div class=\"elementor-element elementor-element-5e4b9403 elementor-widget elementor-widget-heading\" data-id=\"5e4b9403\" data-element_type=\"widget\" data-widget_type=\"heading.default\">\n\t\t\t\t<div class=\"elementor-widget-container\">\n\t\t\t<h2 class=\"elementor-heading-title elementor-size-default\"><a href=\"https:\/\/www.lojarisemode.com.br\" target=\"_blank\">RISE STORE<\/a><\/h2>\t\t<\/div>\n\t\t\t\t<\/div>\n\t\t\t\t<\/div>\n\t\t<div class=\"elementor-element elementor-element-5260171c e-con-full e-flex e-con\" data-id=\"5260171c\" data-element_type=\"container\" data-settings=\"{&quot;content_width&quot;:&quot;full&quot;,&quot;background_background&quot;:&quot;classic&quot;}\">\n\t\t\t\t<div class=\"elementor-element elementor-element-73849ec6 elementor-widget elementor-widget-image\" data-id=\"73849ec6\" data-element_type=\"widget\" data-widget_type=\"image.default\">\n\t\t\t\t<div class=\"elementor-widget-container\">\n\t\t\t\t\t\t\t\t\t\t\t\t\t\t\t\t<a href=\"https:\/\/tidd.ly\/4e55nXF\" target=\"_blank\">\n\t\t\t\t\t\t\t<img decoding=\"async\" src=\"https:\/\/risemode.com\/wp-content\/uploads\/2024\/04\/kabum-1.svg\" title=\"kabum 1\" alt=\"kabum 1\" loading=\"lazy\" \/>\t\t\t\t\t\t\t\t<\/a>\n\t\t\t\t\t\t\t\t\t\t\t\t\t\t\t<\/div>\n\t\t\t\t<\/div>\n\t\t\t\t<div class=\"elementor-element elementor-element-97fbe74 elementor-widget elementor-widget-heading\" data-id=\"97fbe74\" data-element_type=\"widget\" data-widget_type=\"heading.default\">\n\t\t\t\t<div class=\"elementor-widget-container\">\n\t\t\t<h2 class=\"elementor-heading-title elementor-size-default\"><a href=\"https:\/\/tidd.ly\/4e55nXF\" target=\"_blank\"><span translate=\"no\">Kabum<\/span><\/a><\/h2>\t\t<\/div>\n\t\t\t\t<\/div>\n\t\t\t\t<\/div>\n\t\t<div class=\"elementor-element elementor-element-26e7402b e-con-full e-flex e-con\" data-id=\"26e7402b\" data-element_type=\"container\" data-settings=\"{&quot;content_width&quot;:&quot;full&quot;,&quot;background_background&quot;:&quot;classic&quot;}\">\n\t\t\t\t<div class=\"elementor-element elementor-element-1c959ab7 elementor-widget elementor-widget-image\" data-id=\"1c959ab7\" data-element_type=\"widget\" data-widget_type=\"image.default\">\n\t\t\t\t<div class=\"elementor-widget-container\">\n\t\t\t\t\t\t\t\t\t\t\t\t\t\t\t\t<a href=\"https:\/\/www.gigantec.com.br\/parceria-rise-mode\" target=\"_blank\">\n\t\t\t\t\t\t\t<img decoding=\"async\" src=\"https:\/\/risemode.com\/wp-content\/uploads\/elementor\/thumbs\/gigantec-logo-ripdug8w3a4uzl2domklxu7p031tbdl8bzfvrd9j78.png\" title=\"gigantec-logo\" alt=\"gigantec-logo\" loading=\"lazy\" \/>\t\t\t\t\t\t\t\t<\/a>\n\t\t\t\t\t\t\t\t\t\t\t\t\t\t\t<\/div>\n\t\t\t\t<\/div>\n\t\t\t\t<div class=\"elementor-element elementor-element-507f2b81 elementor-widget elementor-widget-heading\" data-id=\"507f2b81\" data-element_type=\"widget\" data-widget_type=\"heading.default\">\n\t\t\t\t<div class=\"elementor-widget-container\">\n\t\t\t<h2 class=\"elementor-heading-title elementor-size-default\"><a href=\"https:\/\/www.gigantec.com.br\/parceria-rise-mode\" target=\"_blank\"><span translate=\"no\">GIGANTEC<\/span><\/a><\/h2>\t\t<\/div>\n\t\t\t\t<\/div>\n\t\t\t\t<\/div>\n\t\t\t\t<\/div>\n\t\t\t\t<section class=\"elementor-section elementor-top-section elementor-element elementor-element-5e6ef7f8 elementor-section-boxed elementor-section-height-default elementor-section-height-default\" data-id=\"5e6ef7f8\" data-element_type=\"section\">\n\t\t\t\t\t\t<div class=\"elementor-container elementor-column-gap-default\">\n\t\t\t\t\t<div class=\"elementor-column elementor-col-100 elementor-top-column elementor-element elementor-element-334f17b6\" data-id=\"334f17b6\" data-element_type=\"column\">\n\t\t\t<div class=\"elementor-widget-wrap elementor-element-populated\">\n\t\t\t\t\t\t\t\t<div class=\"elementor-element elementor-element-5b4d7473 elementor--h-position-center elementor--v-position-middle elementor-arrows-position-inside elementor-pagination-position-inside elementor-widget elementor-widget-slides\" data-id=\"5b4d7473\" data-element_type=\"widget\" data-settings=\"{&quot;navigation&quot;:&quot;both&quot;,&quot;autoplay&quot;:&quot;yes&quot;,&quot;pause_on_hover&quot;:&quot;yes&quot;,&quot;pause_on_interaction&quot;:&quot;yes&quot;,&quot;autoplay_speed&quot;:5000,&quot;infinite&quot;:&quot;yes&quot;,&quot;transition&quot;:&quot;slide&quot;,&quot;transition_speed&quot;:500}\" data-widget_type=\"slides.default\">\n\t\t\t\t<div class=\"elementor-widget-container\">\n\t\t\t\t\t<div class=\"elementor-swiper\">\n\t\t\t<div class=\"elementor-slides-wrapper elementor-main-swiper swiper\" dir=\"ltr\" data-animation=\"fadeInUp\">\n\t\t\t\t<div class=\"swiper-wrapper elementor-slides\">\n\t\t\t\t\t\t\t\t\t\t<div class=\"elementor-repeater-item-9aeec2f swiper-slide\"><div class=\"swiper-slide-bg\" role=\"img\"><\/div><div class=\"swiper-slide-inner\" ><div class=\"swiper-slide-contents\"><\/div><\/div><\/div><div class=\"elementor-repeater-item-2fbadf3 swiper-slide\"><div class=\"swiper-slide-bg\" role=\"img\"><\/div><div class=\"swiper-slide-inner\" ><div class=\"swiper-slide-contents\"><\/div><\/div><\/div><div class=\"elementor-repeater-item-8b42bab swiper-slide\"><div class=\"swiper-slide-bg\" role=\"img\"><\/div><div class=\"swiper-slide-inner\" ><div class=\"swiper-slide-contents\"><\/div><\/div><\/div><div class=\"elementor-repeater-item-cc539ad swiper-slide\"><div class=\"swiper-slide-bg\" role=\"img\"><\/div><div class=\"swiper-slide-inner\" ><div class=\"swiper-slide-contents\"><\/div><\/div><\/div><div class=\"elementor-repeater-item-b08ed54 swiper-slide\"><div class=\"swiper-slide-bg\" role=\"img\"><\/div><div class=\"swiper-slide-inner\" ><div class=\"swiper-slide-contents\"><\/div><\/div><\/div>\t\t\t\t<\/div>\n\t\t\t\t\t\t\t\t\t\t\t\t\t\t\t<div class=\"swiper-pagination\"><\/div>\n\t\t\t\t\t\t\t\t\t\t\t\t\t\t\t\t<div class=\"elementor-swiper-button elementor-swiper-button-prev\" role=\"button\" tabindex=\"0\">\n\t\t\t\t\t\t\t<i aria-hidden=\"true\" class=\"eicon-chevron-left\"><\/i>\t\t\t\t\t\t\t<span class=\"elementor-screen-only\">Previous slide<\/span>\n\t\t\t\t\t\t<\/div>\n\t\t\t\t\t\t<div class=\"elementor-swiper-button elementor-swiper-button-next\" role=\"button\" tabindex=\"0\">\n\t\t\t\t\t\t\t<i aria-hidden=\"true\" class=\"eicon-chevron-right\"><\/i>\t\t\t\t\t\t\t<span class=\"elementor-screen-only\">Next slide<\/span>\n\t\t\t\t\t\t<\/div>\n\t\t\t\t\t\t\t\t\t\t\t\t<\/div>\n\t\t<\/div>\n\t\t\t\t<\/div>\n\t\t\t\t<\/div>\n\t\t\t\t\t<\/div>\n\t\t<\/div>\n\t\t\t\t\t\t\t<\/div>\n\t\t<\/section>\n\t\t\t\t<section class=\"elementor-section elementor-top-section elementor-element elementor-element-74ac4f05 elementor-section-boxed elementor-section-height-default elementor-section-height-default\" data-id=\"74ac4f05\" data-element_type=\"section\">\n\t\t\t\t\t\t<div class=\"elementor-container elementor-column-gap-default\">\n\t\t\t\t\t<div class=\"elementor-column elementor-col-100 elementor-top-column elementor-element elementor-element-649c6436\" data-id=\"649c6436\" data-element_type=\"column\">\n\t\t\t<div class=\"elementor-widget-wrap elementor-element-populated\">\n\t\t\t\t\t\t\t\t<div class=\"elementor-element elementor-element-6058fd6f elementor-widget elementor-widget-heading\" data-id=\"6058fd6f\" data-element_type=\"widget\" data-widget_type=\"heading.default\">\n\t\t\t\t<div class=\"elementor-widget-container\">\n\t\t\t<h1 class=\"elementor-heading-title elementor-size-xxl\"><span translate=\"no\">Galaxy Glass Standard V2 LED ARGB WHITE <\/span>SEM FANS<\/h1>\t\t<\/div>\n\t\t\t\t<\/div>\n\t\t\t\t\t<\/div>\n\t\t<\/div>\n\t\t\t\t\t\t\t<\/div>\n\t\t<\/section>\n\t\t\t\t<section class=\"elementor-section elementor-top-section elementor-element elementor-element-3aeaf6a9 elementor-section-boxed elementor-section-height-default elementor-section-height-default\" data-id=\"3aeaf6a9\" data-element_type=\"section\">\n\t\t\t\t\t\t<div class=\"elementor-container elementor-column-gap-default\">\n\t\t\t\t\t<div class=\"elementor-column elementor-col-100 elementor-top-column elementor-element elementor-element-a7c95d\" data-id=\"a7c95d\" data-element_type=\"column\">\n\t\t\t<div class=\"elementor-widget-wrap elementor-element-populated\">\n\t\t\t\t\t\t\t\t<div class=\"elementor-element elementor-element-74e4b335 elementor-widget elementor-widget-text-editor\" data-id=\"74e4b335\" data-element_type=\"widget\" data-widget_type=\"text-editor.default\">\n\t\t\t\t<div class=\"elementor-widget-container\">\n\t\t\t\t\t\t\t<p>Part Number: RM-GA-GGST2L-FW<br \/>Cor: Branco<br \/>Dimens\u00f5es (L x W x H): L 415mm x W 280mm x H 435mm<br \/>Fans: Suporte para 10 fans (fans n\u00e3o inclusos) <br \/>Produto n\u00e3o acompanha fans, imagem ilustrativa<br \/>Led: ARGB 3p 5v<br \/>Baias: 3.5\u201d HDD (x2) | 2.5\u201d SSD (x3)<br \/>Slots de Expans\u00e3o: 7<br \/>Placa-M\u00e3e: ATX\/ M-ATX \/ ITX<br \/>Frontal I\/O: x1 USB 2.0 | x1 USB 3.0<br \/>HD \u00c1udio Entrada e Sa\u00edda<br \/>Fontes de Alimenta\u00e7\u00e3o: ATX (n\u00e3o inclusa)<br \/>Informa\u00e7\u00f5es adicionais:<br \/>Lateral Vidro Temperado<br \/>Frontal em Vidro Temperado<br \/>Barra de led ARGB ao redor do gabinete padr\u00e3o 3 p 5v <br \/>compat\u00edvel com software de placa m\u00e3e para troca das cores e efeitos<br \/>Suporte a Placa de V\u00eddeo at\u00e9 400MM<br \/>Suporte Air cooler at\u00e9 157mm<\/p>\t\t\t\t\t\t<\/div>\n\t\t\t\t<\/div>\n\t\t\t\t\t<\/div>\n\t\t<\/div>\n\t\t\t\t\t\t\t<\/div>\n\t\t<\/section>\n\t\t\t\t\t\t\t<\/div>","protected":false},"excerpt":{"rendered":"<p>COMPRAR RISE USA RISE STORE Kabum GIGANTEC Previous slide Next slide Galaxy Glass Standard V2 LED ARGB WHITE SEM FANS Part Number: RM-GA-GGST2L-FWCor: BrancoDimens\u00f5es (L x W x H): L 415mm x W 280mm x H 435mmFans: Suporte para 10 fans (fans n\u00e3o inclusos) Produto n\u00e3o acompanha fans, imagem ilustrativaLed: ARGB 3p 5vBaias: 3.5\u201d HDD [&hellip;]<\/p>","protected":false},"author":1,"featured_media":18502,"parent":0,"menu_order":0,"comment_status":"closed","ping_status":"closed","template":"","meta":{"footnotes":""},"yoast_head":"<!-- This site is optimized with the Yoast SEO plugin v23.2 - https:\/\/yoast.com\/wordpress\/plugins\/seo\/ -->\n<title>Galaxy GlassStandard V2 LED ARGB WHITE SEM FANS\u200b - Rise Mode - Industry<\/title>\n<meta name=\"description\" content=\"Galaxy GlassStandard V2 LED ARGB WHITE SEM FANS\u200b\" \/>\n<meta name=\"robots\" content=\"index, follow, max-snippet:-1, max-image-preview:large, max-video-preview:-1\" \/>\n<link rel=\"canonical\" href=\"https:\/\/risemode.com\/it\/galaxy-glass-standard-v2-led-white-argb-sem-fans\/\" \/>\n<meta property=\"og:locale\" content=\"it_IT\" \/>\n<meta property=\"og:type\" content=\"article\" \/>\n<meta property=\"og:title\" content=\"Galaxy GlassStandard V2 LED ARGB WHITE SEM FANS\u200b - Rise Mode - Industry\" \/>\n<meta property=\"og:description\" content=\"Galaxy GlassStandard V2 LED ARGB WHITE SEM FANS\u200b\" \/>\n<meta property=\"og:url\" content=\"https:\/\/risemode.com\/it\/galaxy-glass-standard-v2-led-white-argb-sem-fans\/\" \/>\n<meta property=\"og:site_name\" content=\"Rise Mode - Industry\" \/>\n<meta property=\"article:publisher\" content=\"https:\/\/www.facebook.com\/risemode.com.br\" \/>\n<meta property=\"article:modified_time\" content=\"2026-02-14T19:05:17+00:00\" \/>\n<meta property=\"og:image\" content=\"https:\/\/risemode.com\/wp-content\/uploads\/2025\/07\/standard-v2-sem-fans-white.png\" \/>\n\t<meta property=\"og:image:width\" content=\"1080\" \/>\n\t<meta property=\"og:image:height\" content=\"1080\" \/>\n\t<meta property=\"og:image:type\" content=\"image\/png\" \/>\n<meta name=\"twitter:card\" content=\"summary_large_image\" \/>\n<meta name=\"twitter:site\" content=\"@risemode\" \/>\n<meta name=\"twitter:label1\" content=\"Tempo di lettura stimato\" \/>\n\t<meta name=\"twitter:data1\" content=\"2 minuti\" \/>\n<script type=\"application\/ld+json\" class=\"yoast-schema-graph\">{\"@context\":\"https:\/\/schema.org\",\"@graph\":[{\"@type\":\"WebPage\",\"@id\":\"https:\/\/risemode.com\/galaxy-glass-standard-v2-led-white-argb-sem-fans\/\",\"url\":\"https:\/\/risemode.com\/galaxy-glass-standard-v2-led-white-argb-sem-fans\/\",\"name\":\"Galaxy GlassStandard V2 LED ARGB WHITE SEM FANS\u200b - Rise Mode - Industry\",\"isPartOf\":{\"@id\":\"https:\/\/risemode.com\/#website\"},\"primaryImageOfPage\":{\"@id\":\"https:\/\/risemode.com\/galaxy-glass-standard-v2-led-white-argb-sem-fans\/#primaryimage\"},\"image\":{\"@id\":\"https:\/\/risemode.com\/galaxy-glass-standard-v2-led-white-argb-sem-fans\/#primaryimage\"},\"thumbnailUrl\":\"https:\/\/risemode.com\/wp-content\/uploads\/2025\/07\/standard-v2-sem-fans-white.png\",\"datePublished\":\"2025-07-04T16:44:29+00:00\",\"dateModified\":\"2026-02-14T19:05:17+00:00\",\"description\":\"Galaxy GlassStandard V2 LED ARGB WHITE SEM FANS\u200b\",\"breadcrumb\":{\"@id\":\"https:\/\/risemode.com\/galaxy-glass-standard-v2-led-white-argb-sem-fans\/#breadcrumb\"},\"inLanguage\":\"it-IT\",\"potentialAction\":[{\"@type\":\"ReadAction\",\"target\":[\"https:\/\/risemode.com\/galaxy-glass-standard-v2-led-white-argb-sem-fans\/\"]}]},{\"@type\":\"ImageObject\",\"inLanguage\":\"it-IT\",\"@id\":\"https:\/\/risemode.com\/galaxy-glass-standard-v2-led-white-argb-sem-fans\/#primaryimage\",\"url\":\"https:\/\/risemode.com\/wp-content\/uploads\/2025\/07\/standard-v2-sem-fans-white.png\",\"contentUrl\":\"https:\/\/risemode.com\/wp-content\/uploads\/2025\/07\/standard-v2-sem-fans-white.png\",\"width\":1080,\"height\":1080},{\"@type\":\"BreadcrumbList\",\"@id\":\"https:\/\/risemode.com\/galaxy-glass-standard-v2-led-white-argb-sem-fans\/#breadcrumb\",\"itemListElement\":[{\"@type\":\"ListItem\",\"position\":1,\"name\":\"In\u00edcio\",\"item\":\"https:\/\/risemode.com\/\"},{\"@type\":\"ListItem\",\"position\":2,\"name\":\"Galaxy GlassStandard V2 LED ARGB WHITE SEM FANS\u200b\"}]},{\"@type\":\"WebSite\",\"@id\":\"https:\/\/risemode.com\/#website\",\"url\":\"https:\/\/risemode.com\/\",\"name\":\"Rise Mode - Industry\",\"description\":\"Computer Parts\",\"publisher\":{\"@id\":\"https:\/\/risemode.com\/#organization\"},\"potentialAction\":[{\"@type\":\"SearchAction\",\"target\":{\"@type\":\"EntryPoint\",\"urlTemplate\":\"https:\/\/risemode.com\/?s={search_term_string}\"},\"query-input\":\"required name=search_term_string\"}],\"inLanguage\":\"it-IT\"},{\"@type\":\"Organization\",\"@id\":\"https:\/\/risemode.com\/#organization\",\"name\":\"Rise Mode - Industry\",\"url\":\"https:\/\/risemode.com\/\",\"logo\":{\"@type\":\"ImageObject\",\"inLanguage\":\"it-IT\",\"@id\":\"https:\/\/risemode.com\/#\/schema\/logo\/image\/\",\"url\":\"https:\/\/risemode.com\/wp-content\/uploads\/2023\/11\/LOGO-RISE-AZUL.png\",\"contentUrl\":\"https:\/\/risemode.com\/wp-content\/uploads\/2023\/11\/LOGO-RISE-AZUL.png\",\"width\":2160,\"height\":2160,\"caption\":\"Rise Mode - Industry\"},\"image\":{\"@id\":\"https:\/\/risemode.com\/#\/schema\/logo\/image\/\"},\"sameAs\":[\"https:\/\/www.facebook.com\/risemode.com.br\",\"https:\/\/x.com\/risemode\",\"https:\/\/www.instagram.com\/rise.mode\/\",\"https:\/\/www.youtube.com\/risemode\"]}]}<\/script>\n<!-- \/ Yoast SEO plugin. -->","yoast_head_json":{"title":"Galaxy GlassStandard V2 LED ARGB WHITE SEM FANS\u200b - Rise Mode - Industry","description":"Galaxy GlassStandard V2 LED ARGB WHITE SEM FANS\u200b","robots":{"index":"index","follow":"follow","max-snippet":"max-snippet:-1","max-image-preview":"max-image-preview:large","max-video-preview":"max-video-preview:-1"},"canonical":"https:\/\/risemode.com\/it\/galaxy-glass-standard-v2-led-white-argb-sem-fans\/","og_locale":"it_IT","og_type":"article","og_title":"Galaxy GlassStandard V2 LED ARGB WHITE SEM FANS\u200b - Rise Mode - Industry","og_description":"Galaxy GlassStandard V2 LED ARGB WHITE SEM FANS\u200b","og_url":"https:\/\/risemode.com\/it\/galaxy-glass-standard-v2-led-white-argb-sem-fans\/","og_site_name":"Rise Mode - Industry","article_publisher":"https:\/\/www.facebook.com\/risemode.com.br","article_modified_time":"2026-02-14T19:05:17+00:00","og_image":[{"width":1080,"height":1080,"url":"https:\/\/risemode.com\/wp-content\/uploads\/2025\/07\/standard-v2-sem-fans-white.png","type":"image\/png"}],"twitter_card":"summary_large_image","twitter_site":"@risemode","twitter_misc":{"Tempo di lettura stimato":"2 minuti"},"schema":{"@context":"https:\/\/schema.org","@graph":[{"@type":"WebPage","@id":"https:\/\/risemode.com\/galaxy-glass-standard-v2-led-white-argb-sem-fans\/","url":"https:\/\/risemode.com\/galaxy-glass-standard-v2-led-white-argb-sem-fans\/","name":"Galaxy GlassStandard V2 LED ARGB WHITE SEM FANS\u200b - Rise Mode - Industry","isPartOf":{"@id":"https:\/\/risemode.com\/#website"},"primaryImageOfPage":{"@id":"https:\/\/risemode.com\/galaxy-glass-standard-v2-led-white-argb-sem-fans\/#primaryimage"},"image":{"@id":"https:\/\/risemode.com\/galaxy-glass-standard-v2-led-white-argb-sem-fans\/#primaryimage"},"thumbnailUrl":"https:\/\/risemode.com\/wp-content\/uploads\/2025\/07\/standard-v2-sem-fans-white.png","datePublished":"2025-07-04T16:44:29+00:00","dateModified":"2026-02-14T19:05:17+00:00","description":"Galaxy GlassStandard V2 LED ARGB WHITE SEM FANS\u200b","breadcrumb":{"@id":"https:\/\/risemode.com\/galaxy-glass-standard-v2-led-white-argb-sem-fans\/#breadcrumb"},"inLanguage":"it-IT","potentialAction":[{"@type":"ReadAction","target":["https:\/\/risemode.com\/galaxy-glass-standard-v2-led-white-argb-sem-fans\/"]}]},{"@type":"ImageObject","inLanguage":"it-IT","@id":"https:\/\/risemode.com\/galaxy-glass-standard-v2-led-white-argb-sem-fans\/#primaryimage","url":"https:\/\/risemode.com\/wp-content\/uploads\/2025\/07\/standard-v2-sem-fans-white.png","contentUrl":"https:\/\/risemode.com\/wp-content\/uploads\/2025\/07\/standard-v2-sem-fans-white.png","width":1080,"height":1080},{"@type":"BreadcrumbList","@id":"https:\/\/risemode.com\/galaxy-glass-standard-v2-led-white-argb-sem-fans\/#breadcrumb","itemListElement":[{"@type":"ListItem","position":1,"name":"In\u00edcio","item":"https:\/\/risemode.com\/"},{"@type":"ListItem","position":2,"name":"Galaxy GlassStandard V2 LED ARGB WHITE SEM FANS\u200b"}]},{"@type":"WebSite","@id":"https:\/\/risemode.com\/#website","url":"https:\/\/risemode.com\/","name":"Rise Mode - Industry","description":"Computer Parts","publisher":{"@id":"https:\/\/risemode.com\/#organization"},"potentialAction":[{"@type":"SearchAction","target":{"@type":"EntryPoint","urlTemplate":"https:\/\/risemode.com\/?s={search_term_string}"},"query-input":"required name=search_term_string"}],"inLanguage":"it-IT"},{"@type":"Organization","@id":"https:\/\/risemode.com\/#organization","name":"Rise Mode - Industry","url":"https:\/\/risemode.com\/","logo":{"@type":"ImageObject","inLanguage":"it-IT","@id":"https:\/\/risemode.com\/#\/schema\/logo\/image\/","url":"https:\/\/risemode.com\/wp-content\/uploads\/2023\/11\/LOGO-RISE-AZUL.png","contentUrl":"https:\/\/risemode.com\/wp-content\/uploads\/2023\/11\/LOGO-RISE-AZUL.png","width":2160,"height":2160,"caption":"Rise Mode - Industry"},"image":{"@id":"https:\/\/risemode.com\/#\/schema\/logo\/image\/"},"sameAs":["https:\/\/www.facebook.com\/risemode.com.br","https:\/\/x.com\/risemode","https:\/\/www.instagram.com\/rise.mode\/","https:\/\/www.youtube.com\/risemode"]}]}},"jetpack_sharing_enabled":true,"_links":{"self":[{"href":"https:\/\/risemode.com\/it\/wp-json\/wp\/v2\/pages\/18525"}],"collection":[{"href":"https:\/\/risemode.com\/it\/wp-json\/wp\/v2\/pages"}],"about":[{"href":"https:\/\/risemode.com\/it\/wp-json\/wp\/v2\/types\/page"}],"author":[{"embeddable":true,"href":"https:\/\/risemode.com\/it\/wp-json\/wp\/v2\/users\/1"}],"replies":[{"embeddable":true,"href":"https:\/\/risemode.com\/it\/wp-json\/wp\/v2\/comments?post=18525"}],"version-history":[{"count":11,"href":"https:\/\/risemode.com\/it\/wp-json\/wp\/v2\/pages\/18525\/revisions"}],"predecessor-version":[{"id":23639,"href":"https:\/\/risemode.com\/it\/wp-json\/wp\/v2\/pages\/18525\/revisions\/23639"}],"wp:featuredmedia":[{"embeddable":true,"href":"https:\/\/risemode.com\/it\/wp-json\/wp\/v2\/media\/18502"}],"wp:attachment":[{"href":"https:\/\/risemode.com\/it\/wp-json\/wp\/v2\/media?parent=18525"}],"curies":[{"name":"wp","href":"https:\/\/api.w.org\/{rel}","templated":true}]}}