{"id":9185,"date":"2024-09-27T19:50:11","date_gmt":"2024-09-27T19:50:11","guid":{"rendered":"https:\/\/risemode.com\/?page_id=9185"},"modified":"2025-03-21T09:57:40","modified_gmt":"2025-03-21T12:57:40","slug":"e-shower-b1","status":"publish","type":"page","link":"https:\/\/risemode.com\/it\/e-shower-b1\/","title":{"rendered":"E-Shower B1"},"content":{"rendered":"<div data-elementor-type=\"wp-page\" data-elementor-id=\"9185\" class=\"elementor elementor-9185\" data-elementor-post-type=\"page\">\n\t\t\t\t\t\t\t<div class=\"elementor-element elementor-element-abdc155 e-flex e-con-boxed e-con\" data-id=\"abdc155\" data-element_type=\"container\" data-settings=\"{&quot;content_width&quot;:&quot;boxed&quot;}\">\n\t\t\t\t\t<div class=\"e-con-inner\">\n\t\t\t\t<div class=\"elementor-element elementor-element-92b3c6e elementor-widget elementor-widget-video\" data-id=\"92b3c6e\" data-element_type=\"widget\" data-settings=\"{&quot;youtube_url&quot;:&quot;https:\\\/\\\/www.youtube.com\\\/watch?v=PVQ4KuxeA5E&amp;list=PLjq5nL8JczR2M_ZFP_YA7dC1tjcVMSZb9&amp;index=2&quot;,&quot;video_type&quot;:&quot;youtube&quot;,&quot;controls&quot;:&quot;yes&quot;}\" data-widget_type=\"video.default\">\n\t\t\t\t<div class=\"elementor-widget-container\">\n\t\t\t\t\t<div class=\"elementor-wrapper elementor-open-inline\">\n\t\t\t<div class=\"elementor-video\"><\/div>\t\t<\/div>\n\t\t\t\t<\/div>\n\t\t\t\t<\/div>\n\t\t\t\t\t<\/div>\n\t\t\t\t<\/div>\n\t\t<div class=\"elementor-element elementor-element-437adaab e-con-full e-flex e-con\" data-id=\"437adaab\" data-element_type=\"container\" data-settings=\"{&quot;content_width&quot;:&quot;full&quot;}\">\n\t\t<div class=\"elementor-element elementor-element-17d3b02d e-con-full e-flex e-con\" data-id=\"17d3b02d\" data-element_type=\"container\" data-settings=\"{&quot;content_width&quot;:&quot;full&quot;,&quot;background_background&quot;:&quot;classic&quot;}\">\n\t\t\t\t<div class=\"elementor-element elementor-element-276bcf4f elementor-widget elementor-widget-image\" data-id=\"276bcf4f\" data-element_type=\"widget\" data-widget_type=\"image.default\">\n\t\t\t\t<div class=\"elementor-widget-container\">\n\t\t\t\t\t\t\t\t\t\t\t\t\t\t\t\t<a href=\"https:\/\/www.lojarisemode.com.br\/chuveiro-gas-inox-e-shower-b1\" target=\"_blank\">\n\t\t\t\t\t\t\t<img decoding=\"async\" src=\"https:\/\/risemode.com\/wp-content\/uploads\/elementor\/thumbs\/fav-logo-rise-white-quj9d0fz7f9az59v94cpbblv5hbr6ug0j2w8hhrwj8.png\" title=\"fav-logo-rise-white\" alt=\"fav-logo-rise-white\" loading=\"lazy\" \/>\t\t\t\t\t\t\t\t<\/a>\n\t\t\t\t\t\t\t\t\t\t\t\t\t\t\t<\/div>\n\t\t\t\t<\/div>\n\t\t\t\t<div class=\"elementor-element elementor-element-2e94a4a8 elementor-widget elementor-widget-heading\" data-id=\"2e94a4a8\" data-element_type=\"widget\" data-widget_type=\"heading.default\">\n\t\t\t\t<div class=\"elementor-widget-container\">\n\t\t\t<h1 class=\"elementor-heading-title elementor-size-xl\"><a href=\"https:\/\/www.lojarisemode.com.br\/chuveiro-gas-inox-e-shower-b1\" target=\"_blank\">COMPRAR<\/a><\/h1>\t\t<\/div>\n\t\t\t\t<\/div>\n\t\t\t\t<\/div>\n\t\t\t\t<\/div>\n\t\t<div class=\"elementor-element elementor-element-14b78bfb e-flex e-con-boxed e-con\" data-id=\"14b78bfb\" data-element_type=\"container\" data-settings=\"{&quot;content_width&quot;:&quot;boxed&quot;}\">\n\t\t\t\t\t<div class=\"e-con-inner\">\n\t\t\t\t<div class=\"elementor-element elementor-element-21b7ba9 elementor--h-position-center elementor--v-position-middle elementor-arrows-position-inside elementor-pagination-position-inside elementor-widget elementor-widget-slides\" data-id=\"21b7ba9\" data-element_type=\"widget\" data-settings=\"{&quot;navigation&quot;:&quot;both&quot;,&quot;autoplay&quot;:&quot;yes&quot;,&quot;pause_on_hover&quot;:&quot;yes&quot;,&quot;pause_on_interaction&quot;:&quot;yes&quot;,&quot;autoplay_speed&quot;:5000,&quot;infinite&quot;:&quot;yes&quot;,&quot;transition&quot;:&quot;slide&quot;,&quot;transition_speed&quot;:500}\" data-widget_type=\"slides.default\">\n\t\t\t\t<div class=\"elementor-widget-container\">\n\t\t\t\t\t<div class=\"elementor-swiper\">\n\t\t\t<div class=\"elementor-slides-wrapper elementor-main-swiper swiper\" dir=\"ltr\" data-animation=\"fadeInUp\">\n\t\t\t\t<div class=\"swiper-wrapper elementor-slides\">\n\t\t\t\t\t\t\t\t\t\t<div class=\"elementor-repeater-item-abe290a swiper-slide\"><div class=\"swiper-slide-bg\" role=\"img\"><\/div><div class=\"swiper-slide-inner\" ><div class=\"swiper-slide-contents\"><\/div><\/div><\/div><div class=\"elementor-repeater-item-e7c47ca swiper-slide\"><div class=\"swiper-slide-bg\" role=\"img\"><\/div><div class=\"swiper-slide-inner\" ><div class=\"swiper-slide-contents\"><\/div><\/div><\/div><div class=\"elementor-repeater-item-0f63554 swiper-slide\"><div class=\"swiper-slide-bg\" role=\"img\"><\/div><div class=\"swiper-slide-inner\" ><div class=\"swiper-slide-contents\"><\/div><\/div><\/div><div class=\"elementor-repeater-item-44b3bad swiper-slide\"><div class=\"swiper-slide-bg\" role=\"img\"><\/div><div class=\"swiper-slide-inner\" ><div class=\"swiper-slide-contents\"><\/div><\/div><\/div><div class=\"elementor-repeater-item-08c57e2 swiper-slide\"><div class=\"swiper-slide-bg\" role=\"img\"><\/div><div class=\"swiper-slide-inner\" ><div class=\"swiper-slide-contents\"><\/div><\/div><\/div><div class=\"elementor-repeater-item-733979a swiper-slide\"><div class=\"swiper-slide-bg\" role=\"img\"><\/div><div class=\"swiper-slide-inner\" ><div class=\"swiper-slide-contents\"><\/div><\/div><\/div><div class=\"elementor-repeater-item-1ddd4c6 swiper-slide\"><div class=\"swiper-slide-bg\" role=\"img\"><\/div><div class=\"swiper-slide-inner\" ><div class=\"swiper-slide-contents\"><\/div><\/div><\/div><div class=\"elementor-repeater-item-6abe8d8 swiper-slide\"><div class=\"swiper-slide-bg\" role=\"img\"><\/div><div class=\"swiper-slide-inner\" ><div class=\"swiper-slide-contents\"><\/div><\/div><\/div>\t\t\t\t<\/div>\n\t\t\t\t\t\t\t\t\t\t\t\t\t\t\t<div class=\"swiper-pagination\"><\/div>\n\t\t\t\t\t\t\t\t\t\t\t\t\t\t\t\t<div class=\"elementor-swiper-button elementor-swiper-button-prev\" role=\"button\" tabindex=\"0\">\n\t\t\t\t\t\t\t<i aria-hidden=\"true\" class=\"eicon-chevron-left\"><\/i>\t\t\t\t\t\t\t<span class=\"elementor-screen-only\">Previous slide<\/span>\n\t\t\t\t\t\t<\/div>\n\t\t\t\t\t\t<div class=\"elementor-swiper-button elementor-swiper-button-next\" role=\"button\" tabindex=\"0\">\n\t\t\t\t\t\t\t<i aria-hidden=\"true\" class=\"eicon-chevron-right\"><\/i>\t\t\t\t\t\t\t<span class=\"elementor-screen-only\">Next slide<\/span>\n\t\t\t\t\t\t<\/div>\n\t\t\t\t\t\t\t\t\t\t\t\t<\/div>\n\t\t<\/div>\n\t\t\t\t<\/div>\n\t\t\t\t<\/div>\n\t\t\t\t<div class=\"elementor-element elementor-element-59faa1aa elementor-widget elementor-widget-heading\" data-id=\"59faa1aa\" data-element_type=\"widget\" data-widget_type=\"heading.default\">\n\t\t\t\t<div class=\"elementor-widget-container\">\n\t\t\t<h2 class=\"elementor-heading-title elementor-size-default\"><span translate=\"no\">E-Shower B1<\/span><\/h2>\t\t<\/div>\n\t\t\t\t<\/div>\n\t\t\t\t\t<\/div>\n\t\t\t\t<\/div>\n\t\t<div class=\"elementor-element elementor-element-ed912a5 e-flex e-con-boxed e-con\" data-id=\"ed912a5\" data-element_type=\"container\" data-settings=\"{&quot;content_width&quot;:&quot;boxed&quot;}\">\n\t\t\t\t\t<div class=\"e-con-inner\">\n\t\t\t\t<div class=\"elementor-element elementor-element-9ef090a elementor-widget elementor-widget-text-editor\" data-id=\"9ef090a\" data-element_type=\"widget\" data-widget_type=\"text-editor.default\">\n\t\t\t\t<div class=\"elementor-widget-container\">\n\t\t\t\t\t\t\t<p>\ud83d\udcc3 Caracter\u00edsticas:<\/p>\n<div>\n<div>&#8211; Marca: Rise Home<\/div>\n<div><span style=\"letter-spacing: 0.3px;\">&#8211; Part Number:<\/span><span style=\"letter-spacing: 0.3px; font-family: var( --e-global-typography-text-font-family ), BEBAS NEUE; font-size: var( --e-global-typography-text-font-size ); font-weight: var( --e-global-typography-text-font-weight ); text-align: var(--text-align);\">E-Shower B1<\/span><\/div>\n<\/div>\n<div><br>\ud83d\udd27 Especifica\u00e7\u00f5es<br><span style=\"font-family: var( --e-global-typography-text-font-family ), BEBAS NEUE; font-size: var( --e-global-typography-text-font-size ); font-weight: var( --e-global-typography-text-font-weight ); letter-spacing: 0.3px; text-align: var(--text-align);\"><br>&#8211; Corpo principal em lat\u00e3o<\/span><\/div>\n<p><span style=\"font-family: var( --e-global-typography-text-font-family ), BEBAS NEUE; font-size: var( --e-global-typography-text-font-size ); font-weight: var( --e-global-typography-text-font-weight ); text-align: var(--text-align); letter-spacing: 0.3px;\">&#8211; Tubo de a\u00e7o inoxid\u00e1vel<br><\/span><span style=\"font-family: var( --e-global-typography-text-font-family ), BEBAS NEUE; font-size: var( --e-global-typography-text-font-size ); font-weight: var( --e-global-typography-text-font-weight ); text-align: var(--text-align); letter-spacing: 0.3px;\">&#8211; Chuveiro ABS<br><\/span><span style=\"font-family: var( --e-global-typography-text-font-family ), BEBAS NEUE; font-size: var( --e-global-typography-text-font-size ); font-weight: var( --e-global-typography-text-font-weight ); text-align: var(--text-align); letter-spacing: 0.3px;\">&#8211; Ducha de m\u00e3o<br><\/span><span style=\"font-family: var( --e-global-typography-text-font-family ), BEBAS NEUE; font-size: var( --e-global-typography-text-font-size ); font-weight: var( --e-global-typography-text-font-weight ); text-align: var(--text-align); letter-spacing: 0.3px;\">&#8211; Chuveiro de m\u00e3o<br><\/span><span style=\"font-family: var( --e-global-typography-text-font-family ), BEBAS NEUE; font-size: var( --e-global-typography-text-font-size ); font-weight: var( --e-global-typography-text-font-weight ); text-align: var(--text-align); letter-spacing: 0.3px;\">&#8211; Porta produtos de higiene<br><\/span><span style=\"text-align: var(--text-align); font-family: var( --e-global-typography-text-font-family ), BEBAS NEUE; font-size: var( --e-global-typography-text-font-size ); font-weight: var( --e-global-typography-text-font-weight ); letter-spacing: 0.3px;\"><br>\ud83d\udca1Informa\u00e7\u00f5es Adicionais:<\/span><\/p>\n<p><o:p><\/o:p><\/p>\n<p><span style=\"font-family: var( --e-global-typography-text-font-family ), BEBAS NEUE; font-size: var( --e-global-typography-text-font-size ); font-weight: var( --e-global-typography-text-font-weight ); text-align: var(--text-align); letter-spacing: 0.3px;\">&#8211; Chuveiro com espalhador longo deixando o fluxo de \u00e1gua&nbsp;<\/span><span style=\"font-family: var( --e-global-typography-text-font-family ), BEBAS NEUE; font-size: var( --e-global-typography-text-font-size ); font-weight: var( --e-global-typography-text-font-weight ); text-align: var(--text-align); letter-spacing: 0.3px;\">abundante<br><\/span><span style=\"font-family: var( --e-global-typography-text-font-family ), BEBAS NEUE; font-size: var( --e-global-typography-text-font-size ); font-weight: var( --e-global-typography-text-font-weight ); text-align: var(--text-align); letter-spacing: 0.3px;\">&#8211; Ducha de m\u00e3o para v\u00e1rias utilidades<br><\/span><span style=\"font-family: var( --e-global-typography-text-font-family ), BEBAS NEUE; font-size: var( --e-global-typography-text-font-size ); font-weight: var( --e-global-typography-text-font-weight ); text-align: var(--text-align); letter-spacing: 0.3px;\">&#8211; Sistema f\u00e1cil de lavagem para as m\u00e3os<br><\/span><span style=\"font-family: var( --e-global-typography-text-font-family ), BEBAS NEUE; font-size: var( --e-global-typography-text-font-size ); font-weight: var( --e-global-typography-text-font-weight ); text-align: var(--text-align); letter-spacing: 0.3px;\">&#8211; Porta produtos de higiene para banho<\/span><\/p>\n<p><o:p><\/o:p><\/p>\t\t\t\t\t\t<\/div>\n\t\t\t\t<\/div>\n\t\t\t\t\t<\/div>\n\t\t\t\t<\/div>\n\t\t\t\t\t\t\t<\/div>","protected":false},"excerpt":{"rendered":"<p>COMPRAR Previous slide Next slide E-Shower B1 \ud83d\udcc3 Caracter\u00edsticas: &#8211; Marca: Rise Home &#8211; Part Number:E-Shower B1 \ud83d\udd27 Especifica\u00e7\u00f5es &#8211; Corpo principal em lat\u00e3o &#8211; Tubo de a\u00e7o inoxid\u00e1vel&#8211; Chuveiro ABS&#8211; Ducha de m\u00e3o&#8211; Chuveiro de m\u00e3o&#8211; Porta produtos de higiene \ud83d\udca1Informa\u00e7\u00f5es Adicionais: &#8211; Chuveiro com espalhador longo deixando o fluxo de \u00e1gua&nbsp;abundante&#8211; Ducha de [&hellip;]<\/p>","protected":false},"author":1,"featured_media":0,"parent":0,"menu_order":0,"comment_status":"closed","ping_status":"closed","template":"","meta":{"footnotes":""},"yoast_head":"<!-- This site is optimized with the Yoast SEO plugin v23.2 - https:\/\/yoast.com\/wordpress\/plugins\/seo\/ -->\n<title>E-Shower B1 - Rise Mode - Industry<\/title>\n<meta name=\"description\" content=\"Chuveiro E-Shower B1\" \/>\n<meta name=\"robots\" content=\"index, follow, max-snippet:-1, max-image-preview:large, max-video-preview:-1\" \/>\n<link rel=\"canonical\" href=\"https:\/\/risemode.com\/it\/e-shower-b1\/\" \/>\n<meta property=\"og:locale\" content=\"it_IT\" \/>\n<meta property=\"og:type\" content=\"article\" \/>\n<meta property=\"og:title\" content=\"E-Shower B1 - Rise Mode - Industry\" \/>\n<meta property=\"og:description\" content=\"Chuveiro E-Shower B1\" \/>\n<meta property=\"og:url\" content=\"https:\/\/risemode.com\/it\/e-shower-b1\/\" \/>\n<meta property=\"og:site_name\" content=\"Rise Mode - Industry\" \/>\n<meta property=\"article:publisher\" content=\"https:\/\/www.facebook.com\/risemode.com.br\" \/>\n<meta property=\"article:modified_time\" content=\"2025-03-21T12:57:40+00:00\" \/>\n<meta property=\"og:image\" content=\"https:\/\/risemode.com\/wp-content\/uploads\/elementor\/thumbs\/fav-logo-rise-white-quj9d0fz7f9az59v94cpbblv5hbr6ug0j2w8hhrwj8.png\" \/>\n<meta name=\"twitter:card\" content=\"summary_large_image\" \/>\n<meta name=\"twitter:site\" content=\"@risemode\" \/>\n<meta name=\"twitter:label1\" content=\"Tempo di lettura stimato\" \/>\n\t<meta name=\"twitter:data1\" content=\"2 minuti\" \/>\n<script type=\"application\/ld+json\" class=\"yoast-schema-graph\">{\"@context\":\"https:\/\/schema.org\",\"@graph\":[{\"@type\":\"WebPage\",\"@id\":\"https:\/\/risemode.com\/e-shower-b1\/\",\"url\":\"https:\/\/risemode.com\/e-shower-b1\/\",\"name\":\"E-Shower B1 - Rise Mode - Industry\",\"isPartOf\":{\"@id\":\"https:\/\/risemode.com\/#website\"},\"primaryImageOfPage\":{\"@id\":\"https:\/\/risemode.com\/e-shower-b1\/#primaryimage\"},\"image\":{\"@id\":\"https:\/\/risemode.com\/e-shower-b1\/#primaryimage\"},\"thumbnailUrl\":\"https:\/\/risemode.com\/wp-content\/uploads\/elementor\/thumbs\/fav-logo-rise-white-quj9d0fz7f9az59v94cpbblv5hbr6ug0j2w8hhrwj8.png\",\"datePublished\":\"2024-09-27T19:50:11+00:00\",\"dateModified\":\"2025-03-21T12:57:40+00:00\",\"description\":\"Chuveiro E-Shower B1\",\"breadcrumb\":{\"@id\":\"https:\/\/risemode.com\/e-shower-b1\/#breadcrumb\"},\"inLanguage\":\"it-IT\",\"potentialAction\":[{\"@type\":\"ReadAction\",\"target\":[\"https:\/\/risemode.com\/e-shower-b1\/\"]}]},{\"@type\":\"ImageObject\",\"inLanguage\":\"it-IT\",\"@id\":\"https:\/\/risemode.com\/e-shower-b1\/#primaryimage\",\"url\":\"https:\/\/risemode.com\/wp-content\/uploads\/elementor\/thumbs\/fav-logo-rise-white-quj9d0fz7f9az59v94cpbblv5hbr6ug0j2w8hhrwj8.png\",\"contentUrl\":\"https:\/\/risemode.com\/wp-content\/uploads\/elementor\/thumbs\/fav-logo-rise-white-quj9d0fz7f9az59v94cpbblv5hbr6ug0j2w8hhrwj8.png\"},{\"@type\":\"BreadcrumbList\",\"@id\":\"https:\/\/risemode.com\/e-shower-b1\/#breadcrumb\",\"itemListElement\":[{\"@type\":\"ListItem\",\"position\":1,\"name\":\"In\u00edcio\",\"item\":\"https:\/\/risemode.com\/\"},{\"@type\":\"ListItem\",\"position\":2,\"name\":\"E-Shower B1\"}]},{\"@type\":\"WebSite\",\"@id\":\"https:\/\/risemode.com\/#website\",\"url\":\"https:\/\/risemode.com\/\",\"name\":\"Rise Mode - Industry\",\"description\":\"Computer Parts\",\"publisher\":{\"@id\":\"https:\/\/risemode.com\/#organization\"},\"potentialAction\":[{\"@type\":\"SearchAction\",\"target\":{\"@type\":\"EntryPoint\",\"urlTemplate\":\"https:\/\/risemode.com\/?s={search_term_string}\"},\"query-input\":\"required name=search_term_string\"}],\"inLanguage\":\"it-IT\"},{\"@type\":\"Organization\",\"@id\":\"https:\/\/risemode.com\/#organization\",\"name\":\"Rise Mode - Industry\",\"url\":\"https:\/\/risemode.com\/\",\"logo\":{\"@type\":\"ImageObject\",\"inLanguage\":\"it-IT\",\"@id\":\"https:\/\/risemode.com\/#\/schema\/logo\/image\/\",\"url\":\"https:\/\/risemode.com\/wp-content\/uploads\/2023\/11\/LOGO-RISE-AZUL.png\",\"contentUrl\":\"https:\/\/risemode.com\/wp-content\/uploads\/2023\/11\/LOGO-RISE-AZUL.png\",\"width\":2160,\"height\":2160,\"caption\":\"Rise Mode - Industry\"},\"image\":{\"@id\":\"https:\/\/risemode.com\/#\/schema\/logo\/image\/\"},\"sameAs\":[\"https:\/\/www.facebook.com\/risemode.com.br\",\"https:\/\/x.com\/risemode\",\"https:\/\/www.instagram.com\/rise.mode\/\",\"https:\/\/www.youtube.com\/risemode\"]}]}<\/script>\n<!-- \/ Yoast SEO plugin. -->","yoast_head_json":{"title":"E-Shower B1 - Rise Mode - Industry","description":"Chuveiro E-Shower B1","robots":{"index":"index","follow":"follow","max-snippet":"max-snippet:-1","max-image-preview":"max-image-preview:large","max-video-preview":"max-video-preview:-1"},"canonical":"https:\/\/risemode.com\/it\/e-shower-b1\/","og_locale":"it_IT","og_type":"article","og_title":"E-Shower B1 - Rise Mode - Industry","og_description":"Chuveiro E-Shower B1","og_url":"https:\/\/risemode.com\/it\/e-shower-b1\/","og_site_name":"Rise Mode - Industry","article_publisher":"https:\/\/www.facebook.com\/risemode.com.br","article_modified_time":"2025-03-21T12:57:40+00:00","og_image":[{"url":"https:\/\/risemode.com\/wp-content\/uploads\/elementor\/thumbs\/fav-logo-rise-white-quj9d0fz7f9az59v94cpbblv5hbr6ug0j2w8hhrwj8.png"}],"twitter_card":"summary_large_image","twitter_site":"@risemode","twitter_misc":{"Tempo di lettura stimato":"2 minuti"},"schema":{"@context":"https:\/\/schema.org","@graph":[{"@type":"WebPage","@id":"https:\/\/risemode.com\/e-shower-b1\/","url":"https:\/\/risemode.com\/e-shower-b1\/","name":"E-Shower B1 - Rise Mode - Industry","isPartOf":{"@id":"https:\/\/risemode.com\/#website"},"primaryImageOfPage":{"@id":"https:\/\/risemode.com\/e-shower-b1\/#primaryimage"},"image":{"@id":"https:\/\/risemode.com\/e-shower-b1\/#primaryimage"},"thumbnailUrl":"https:\/\/risemode.com\/wp-content\/uploads\/elementor\/thumbs\/fav-logo-rise-white-quj9d0fz7f9az59v94cpbblv5hbr6ug0j2w8hhrwj8.png","datePublished":"2024-09-27T19:50:11+00:00","dateModified":"2025-03-21T12:57:40+00:00","description":"Chuveiro E-Shower B1","breadcrumb":{"@id":"https:\/\/risemode.com\/e-shower-b1\/#breadcrumb"},"inLanguage":"it-IT","potentialAction":[{"@type":"ReadAction","target":["https:\/\/risemode.com\/e-shower-b1\/"]}]},{"@type":"ImageObject","inLanguage":"it-IT","@id":"https:\/\/risemode.com\/e-shower-b1\/#primaryimage","url":"https:\/\/risemode.com\/wp-content\/uploads\/elementor\/thumbs\/fav-logo-rise-white-quj9d0fz7f9az59v94cpbblv5hbr6ug0j2w8hhrwj8.png","contentUrl":"https:\/\/risemode.com\/wp-content\/uploads\/elementor\/thumbs\/fav-logo-rise-white-quj9d0fz7f9az59v94cpbblv5hbr6ug0j2w8hhrwj8.png"},{"@type":"BreadcrumbList","@id":"https:\/\/risemode.com\/e-shower-b1\/#breadcrumb","itemListElement":[{"@type":"ListItem","position":1,"name":"In\u00edcio","item":"https:\/\/risemode.com\/"},{"@type":"ListItem","position":2,"name":"E-Shower B1"}]},{"@type":"WebSite","@id":"https:\/\/risemode.com\/#website","url":"https:\/\/risemode.com\/","name":"Rise Mode - Industry","description":"Computer Parts","publisher":{"@id":"https:\/\/risemode.com\/#organization"},"potentialAction":[{"@type":"SearchAction","target":{"@type":"EntryPoint","urlTemplate":"https:\/\/risemode.com\/?s={search_term_string}"},"query-input":"required name=search_term_string"}],"inLanguage":"it-IT"},{"@type":"Organization","@id":"https:\/\/risemode.com\/#organization","name":"Rise Mode - Industry","url":"https:\/\/risemode.com\/","logo":{"@type":"ImageObject","inLanguage":"it-IT","@id":"https:\/\/risemode.com\/#\/schema\/logo\/image\/","url":"https:\/\/risemode.com\/wp-content\/uploads\/2023\/11\/LOGO-RISE-AZUL.png","contentUrl":"https:\/\/risemode.com\/wp-content\/uploads\/2023\/11\/LOGO-RISE-AZUL.png","width":2160,"height":2160,"caption":"Rise Mode - Industry"},"image":{"@id":"https:\/\/risemode.com\/#\/schema\/logo\/image\/"},"sameAs":["https:\/\/www.facebook.com\/risemode.com.br","https:\/\/x.com\/risemode","https:\/\/www.instagram.com\/rise.mode\/","https:\/\/www.youtube.com\/risemode"]}]}},"jetpack_sharing_enabled":true,"_links":{"self":[{"href":"https:\/\/risemode.com\/it\/wp-json\/wp\/v2\/pages\/9185"}],"collection":[{"href":"https:\/\/risemode.com\/it\/wp-json\/wp\/v2\/pages"}],"about":[{"href":"https:\/\/risemode.com\/it\/wp-json\/wp\/v2\/types\/page"}],"author":[{"embeddable":true,"href":"https:\/\/risemode.com\/it\/wp-json\/wp\/v2\/users\/1"}],"replies":[{"embeddable":true,"href":"https:\/\/risemode.com\/it\/wp-json\/wp\/v2\/comments?post=9185"}],"version-history":[{"count":37,"href":"https:\/\/risemode.com\/it\/wp-json\/wp\/v2\/pages\/9185\/revisions"}],"predecessor-version":[{"id":17543,"href":"https:\/\/risemode.com\/it\/wp-json\/wp\/v2\/pages\/9185\/revisions\/17543"}],"wp:attachment":[{"href":"https:\/\/risemode.com\/it\/wp-json\/wp\/v2\/media?parent=9185"}],"curies":[{"name":"wp","href":"https:\/\/api.w.org\/{rel}","templated":true}]}}