{"id":11519,"date":"2024-10-30T11:22:08","date_gmt":"2024-10-30T14:22:08","guid":{"rendered":"https:\/\/risemode.com\/?page_id=11519"},"modified":"2026-02-16T19:53:10","modified_gmt":"2026-02-16T22:53:10","slug":"magneto-pro-white-argb-individual-reverse","status":"publish","type":"page","link":"https:\/\/risemode.com\/zh\/magneto-pro-white-argb-individual-reverse\/","title":{"rendered":"Magneto pro white argb individual reverse"},"content":{"rendered":"<div data-elementor-type=\"wp-page\" data-elementor-id=\"11519\" class=\"elementor elementor-11519\" data-elementor-post-type=\"page\">\n\t\t\t\t\t\t\t\t\t<section class=\"elementor-section elementor-top-section elementor-element elementor-element-43090f62 elementor-section-boxed elementor-section-height-default elementor-section-height-default\" data-id=\"43090f62\" data-element_type=\"section\">\n\t\t\t\t\t\t<div class=\"elementor-container elementor-column-gap-default\">\n\t\t\t\t\t<div class=\"elementor-column elementor-col-100 elementor-top-column elementor-element elementor-element-79a788a7\" data-id=\"79a788a7\" data-element_type=\"column\">\n\t\t\t<div class=\"elementor-widget-wrap elementor-element-populated\">\n\t\t\t\t\t\t\t\t<div class=\"elementor-element elementor-element-14a25756 elementor-widget elementor-widget-heading\" data-id=\"14a25756\" data-element_type=\"widget\" data-widget_type=\"heading.default\">\n\t\t\t\t<div class=\"elementor-widget-container\">\n\t\t\t<h2 class=\"elementor-heading-title elementor-size-xxl\">COMPRAR<\/h2>\t\t<\/div>\n\t\t\t\t<\/div>\n\t\t\t\t\t<\/div>\n\t\t<\/div>\n\t\t\t\t\t\t\t<\/div>\n\t\t<\/section>\n\t\t<div class=\"elementor-element elementor-element-6e0d5022 e-con-full e-flex e-con\" data-id=\"6e0d5022\" data-element_type=\"container\" data-settings=\"{&quot;content_width&quot;:&quot;full&quot;}\">\n\t\t<div class=\"elementor-element elementor-element-26ce2ad2 e-con-full e-flex e-con\" data-id=\"26ce2ad2\" data-element_type=\"container\" data-settings=\"{&quot;content_width&quot;:&quot;full&quot;,&quot;background_background&quot;:&quot;classic&quot;}\">\n\t\t\t\t<div class=\"elementor-element elementor-element-6a750fe1 elementor-widget elementor-widget-image\" data-id=\"6a750fe1\" data-element_type=\"widget\" data-widget_type=\"image.default\">\n\t\t\t\t<div class=\"elementor-widget-container\">\n\t\t\t\t\t\t\t\t\t\t\t\t\t\t\t\t<a href=\"https:\/\/www.amazon.com\/s?i=merchant-items&#038;me=A2Z190E8OU3Q34&#038;marketplaceID=ATVPDKIKX0DER&#038;qid=1682472974&#038;ref=sr_pg_2\" target=\"_blank\">\n\t\t\t\t\t\t\t<img decoding=\"async\" src=\"https:\/\/risemode.com\/wp-content\/uploads\/2024\/04\/rise_usa-1.svg\" title=\"rise_usa 1\" alt=\"rise_usa 1\" loading=\"lazy\" \/>\t\t\t\t\t\t\t\t<\/a>\n\t\t\t\t\t\t\t\t\t\t\t\t\t\t\t<\/div>\n\t\t\t\t<\/div>\n\t\t\t\t<div class=\"elementor-element elementor-element-306d9351 elementor-widget elementor-widget-heading\" data-id=\"306d9351\" data-element_type=\"widget\" data-widget_type=\"heading.default\">\n\t\t\t\t<div class=\"elementor-widget-container\">\n\t\t\t<h2 class=\"elementor-heading-title elementor-size-default\"><a href=\"https:\/\/www.amazon.com\/s?i=merchant-items&#038;me=A2Z190E8OU3Q34&#038;marketplaceID=ATVPDKIKX0DER&#038;qid=1682472974&#038;ref=sr_pg_2\" target=\"_blank\">RISE USA<\/a><\/h2>\t\t<\/div>\n\t\t\t\t<\/div>\n\t\t\t\t<\/div>\n\t\t<div class=\"elementor-element elementor-element-7611e68f e-con-full e-flex e-con\" data-id=\"7611e68f\" data-element_type=\"container\" data-settings=\"{&quot;content_width&quot;:&quot;full&quot;,&quot;background_background&quot;:&quot;classic&quot;}\">\n\t\t\t\t<div class=\"elementor-element elementor-element-1a9906ce elementor-widget elementor-widget-image\" data-id=\"1a9906ce\" data-element_type=\"widget\" data-widget_type=\"image.default\">\n\t\t\t\t<div class=\"elementor-widget-container\">\n\t\t\t\t\t\t\t\t\t\t\t\t\t\t\t\t<a href=\"https:\/\/www.lojarisemode.com.br\" target=\"_blank\">\n\t\t\t\t\t\t\t<img decoding=\"async\" src=\"https:\/\/risemode.com\/wp-content\/uploads\/elementor\/thumbs\/fav-logo-rise-white-quj9d0fz7f9az59v94cpbblv5hbr6ug0j2w8hhrwj8.png\" title=\"fav-logo-rise-white\" alt=\"fav-logo-rise-white\" loading=\"lazy\" \/>\t\t\t\t\t\t\t\t<\/a>\n\t\t\t\t\t\t\t\t\t\t\t\t\t\t\t<\/div>\n\t\t\t\t<\/div>\n\t\t\t\t<div class=\"elementor-element elementor-element-307b3e8 elementor-widget elementor-widget-heading\" data-id=\"307b3e8\" data-element_type=\"widget\" data-widget_type=\"heading.default\">\n\t\t\t\t<div class=\"elementor-widget-container\">\n\t\t\t<h2 class=\"elementor-heading-title elementor-size-default\"><a href=\"https:\/\/www.lojarisemode.com.br\" target=\"_blank\">RISE STORE<\/a><\/h2>\t\t<\/div>\n\t\t\t\t<\/div>\n\t\t\t\t<\/div>\n\t\t<div class=\"elementor-element elementor-element-4f7a3bc e-con-full e-flex e-con\" data-id=\"4f7a3bc\" data-element_type=\"container\" data-settings=\"{&quot;content_width&quot;:&quot;full&quot;,&quot;background_background&quot;:&quot;classic&quot;}\">\n\t\t\t\t<div class=\"elementor-element elementor-element-41508d69 elementor-widget elementor-widget-image\" data-id=\"41508d69\" data-element_type=\"widget\" data-widget_type=\"image.default\">\n\t\t\t\t<div class=\"elementor-widget-container\">\n\t\t\t\t\t\t\t\t\t\t\t\t\t\t\t\t<a href=\"https:\/\/tidd.ly\/4e55nXF\" target=\"_blank\">\n\t\t\t\t\t\t\t<img decoding=\"async\" src=\"https:\/\/risemode.com\/wp-content\/uploads\/2024\/04\/kabum-1.svg\" title=\"kabum 1\" alt=\"kabum 1\" loading=\"lazy\" \/>\t\t\t\t\t\t\t\t<\/a>\n\t\t\t\t\t\t\t\t\t\t\t\t\t\t\t<\/div>\n\t\t\t\t<\/div>\n\t\t\t\t<div class=\"elementor-element elementor-element-30da4cb5 elementor-widget elementor-widget-heading\" data-id=\"30da4cb5\" data-element_type=\"widget\" data-widget_type=\"heading.default\">\n\t\t\t\t<div class=\"elementor-widget-container\">\n\t\t\t<h2 class=\"elementor-heading-title elementor-size-default\"><a href=\"https:\/\/tidd.ly\/4e55nXF\" target=\"_blank\"><span translate=\"no\">Kabum<\/span><\/a><\/h2>\t\t<\/div>\n\t\t\t\t<\/div>\n\t\t\t\t<\/div>\n\t\t<div class=\"elementor-element elementor-element-1709f62e e-con-full e-flex e-con\" data-id=\"1709f62e\" data-element_type=\"container\" data-settings=\"{&quot;content_width&quot;:&quot;full&quot;,&quot;background_background&quot;:&quot;classic&quot;}\">\n\t\t\t\t<div class=\"elementor-element elementor-element-70ede53c elementor-widget elementor-widget-image\" data-id=\"70ede53c\" data-element_type=\"widget\" data-widget_type=\"image.default\">\n\t\t\t\t<div class=\"elementor-widget-container\">\n\t\t\t\t\t\t\t\t\t\t\t\t\t\t\t\t<a href=\"https:\/\/www.gigantec.com.br\/parceria-rise-mode\" target=\"_blank\">\n\t\t\t\t\t\t\t<img decoding=\"async\" src=\"https:\/\/risemode.com\/wp-content\/uploads\/elementor\/thumbs\/gigantec-logo-ripdug8w3a4uzl2domklxu7p031tbdl8bzfvrd9j78.png\" title=\"gigantec-logo\" alt=\"gigantec-logo\" loading=\"lazy\" \/>\t\t\t\t\t\t\t\t<\/a>\n\t\t\t\t\t\t\t\t\t\t\t\t\t\t\t<\/div>\n\t\t\t\t<\/div>\n\t\t\t\t<div class=\"elementor-element elementor-element-182b429f elementor-widget elementor-widget-heading\" data-id=\"182b429f\" data-element_type=\"widget\" data-widget_type=\"heading.default\">\n\t\t\t\t<div class=\"elementor-widget-container\">\n\t\t\t<h2 class=\"elementor-heading-title elementor-size-default\"><a href=\"https:\/\/www.gigantec.com.br\/parceria-rise-mode\" target=\"_blank\"><span translate=\"no\">GIGANTEC<\/span><\/a><\/h2>\t\t<\/div>\n\t\t\t\t<\/div>\n\t\t\t\t<\/div>\n\t\t\t\t<\/div>\n\t\t\t\t<section class=\"elementor-section elementor-top-section elementor-element elementor-element-7b70a3e0 elementor-section-boxed elementor-section-height-default elementor-section-height-default\" data-id=\"7b70a3e0\" data-element_type=\"section\">\n\t\t\t\t\t\t<div class=\"elementor-container elementor-column-gap-default\">\n\t\t\t\t\t<div class=\"elementor-column elementor-col-100 elementor-top-column elementor-element elementor-element-c9a3ede\" data-id=\"c9a3ede\" data-element_type=\"column\">\n\t\t\t<div class=\"elementor-widget-wrap elementor-element-populated\">\n\t\t\t\t\t\t\t\t<div class=\"elementor-element elementor-element-1b163255 elementor--h-position-center elementor--v-position-middle elementor-arrows-position-inside elementor-pagination-position-inside elementor-widget elementor-widget-slides\" data-id=\"1b163255\" data-element_type=\"widget\" data-settings=\"{&quot;navigation&quot;:&quot;both&quot;,&quot;autoplay&quot;:&quot;yes&quot;,&quot;pause_on_hover&quot;:&quot;yes&quot;,&quot;pause_on_interaction&quot;:&quot;yes&quot;,&quot;autoplay_speed&quot;:5000,&quot;infinite&quot;:&quot;yes&quot;,&quot;transition&quot;:&quot;slide&quot;,&quot;transition_speed&quot;:500}\" data-widget_type=\"slides.default\">\n\t\t\t\t<div class=\"elementor-widget-container\">\n\t\t\t\t\t<div class=\"elementor-swiper\">\n\t\t\t<div class=\"elementor-slides-wrapper elementor-main-swiper swiper\" dir=\"ltr\" data-animation=\"fadeInUp\">\n\t\t\t\t<div class=\"swiper-wrapper elementor-slides\">\n\t\t\t\t\t\t\t\t\t\t<div class=\"elementor-repeater-item-9aeec2f swiper-slide\"><div class=\"swiper-slide-bg\" role=\"img\"><\/div><div class=\"swiper-slide-inner\" ><div class=\"swiper-slide-contents\"><\/div><\/div><\/div><div class=\"elementor-repeater-item-1de06dc swiper-slide\"><div class=\"swiper-slide-bg\" role=\"img\"><\/div><div class=\"swiper-slide-inner\" ><div class=\"swiper-slide-contents\"><\/div><\/div><\/div><div class=\"elementor-repeater-item-7f30133 swiper-slide\"><div class=\"swiper-slide-bg\" role=\"img\"><\/div><div class=\"swiper-slide-inner\" ><div class=\"swiper-slide-contents\"><\/div><\/div><\/div><div class=\"elementor-repeater-item-9fb0f33 swiper-slide\"><div class=\"swiper-slide-bg\" role=\"img\"><\/div><div class=\"swiper-slide-inner\" ><div class=\"swiper-slide-contents\"><\/div><\/div><\/div><div class=\"elementor-repeater-item-2cb0056 swiper-slide\"><div class=\"swiper-slide-bg\" role=\"img\"><\/div><div class=\"swiper-slide-inner\" ><div class=\"swiper-slide-contents\"><\/div><\/div><\/div>\t\t\t\t<\/div>\n\t\t\t\t\t\t\t\t\t\t\t\t\t\t\t<div class=\"swiper-pagination\"><\/div>\n\t\t\t\t\t\t\t\t\t\t\t\t\t\t\t\t<div class=\"elementor-swiper-button elementor-swiper-button-prev\" role=\"button\" tabindex=\"0\">\n\t\t\t\t\t\t\t<i aria-hidden=\"true\" class=\"eicon-chevron-left\"><\/i>\t\t\t\t\t\t\t<span class=\"elementor-screen-only\">Previous slide<\/span>\n\t\t\t\t\t\t<\/div>\n\t\t\t\t\t\t<div class=\"elementor-swiper-button elementor-swiper-button-next\" role=\"button\" tabindex=\"0\">\n\t\t\t\t\t\t\t<i aria-hidden=\"true\" class=\"eicon-chevron-right\"><\/i>\t\t\t\t\t\t\t<span class=\"elementor-screen-only\">Next slide<\/span>\n\t\t\t\t\t\t<\/div>\n\t\t\t\t\t\t\t\t\t\t\t\t<\/div>\n\t\t<\/div>\n\t\t\t\t<\/div>\n\t\t\t\t<\/div>\n\t\t\t\t\t<\/div>\n\t\t<\/div>\n\t\t\t\t\t\t\t<\/div>\n\t\t<\/section>\n\t\t\t\t<section class=\"elementor-section elementor-top-section elementor-element elementor-element-1bd6d0da elementor-section-boxed elementor-section-height-default elementor-section-height-default\" data-id=\"1bd6d0da\" data-element_type=\"section\">\n\t\t\t\t\t\t<div class=\"elementor-container elementor-column-gap-default\">\n\t\t\t\t\t<div class=\"elementor-column elementor-col-100 elementor-top-column elementor-element elementor-element-5dc8a3d0\" data-id=\"5dc8a3d0\" data-element_type=\"column\">\n\t\t\t<div class=\"elementor-widget-wrap elementor-element-populated\">\n\t\t\t\t\t\t\t\t<div class=\"elementor-element elementor-element-6fc3e830 elementor-widget elementor-widget-heading\" data-id=\"6fc3e830\" data-element_type=\"widget\" data-widget_type=\"heading.default\">\n\t\t\t\t<div class=\"elementor-widget-container\">\n\t\t\t<h1 class=\"elementor-heading-title elementor-size-xxl\"><span style=\"font-size: 52.8px;\">Fan Individual Magneto Pro white reverse ARGB <\/span><\/h1>\t\t<\/div>\n\t\t\t\t<\/div>\n\t\t\t\t\t<\/div>\n\t\t<\/div>\n\t\t\t\t\t\t\t<\/div>\n\t\t<\/section>\n\t\t\t\t<section class=\"elementor-section elementor-top-section elementor-element elementor-element-121ddb81 elementor-section-boxed elementor-section-height-default elementor-section-height-default\" data-id=\"121ddb81\" data-element_type=\"section\">\n\t\t\t\t\t\t<div class=\"elementor-container elementor-column-gap-default\">\n\t\t\t\t\t<div class=\"elementor-column elementor-col-100 elementor-top-column elementor-element elementor-element-1557ead5\" data-id=\"1557ead5\" data-element_type=\"column\">\n\t\t\t<div class=\"elementor-widget-wrap elementor-element-populated\">\n\t\t\t\t\t\t\t\t<div class=\"elementor-element elementor-element-59178fc2 elementor-widget elementor-widget-text-editor\" data-id=\"59178fc2\" data-element_type=\"widget\" data-widget_type=\"text-editor.default\">\n\t\t\t\t<div class=\"elementor-widget-container\">\n\t\t\t\t\t\t\t<p style=\"letter-spacing: 0.3px;\">Especifica\u00e7\u00f5es<\/p><p style=\"letter-spacing: 0.3px;\"><span style=\"letter-spacing: 0.3px;\">Part Number: RM-MAPROI-ARGB-W-RV<br \/>Modelo: Reverso<br \/><\/span><span style=\"letter-spacing: 0.3px;\">Dimens\u00f5es do Fan: 120mm x 120mm x 25mm<br \/><\/span><span style=\"letter-spacing: 0.3px;\">Fluxo de ar do Fan: 68,50 CFM<br \/><\/span><span style=\"letter-spacing: 0.3px;\">Velocidade do Fan: 800-2000\u00b110% RPM<br \/><\/span><span style=\"letter-spacing: 0.3px;\">Tipo de rolamento: Rolamento de fluido<br \/><\/span><span style=\"letter-spacing: 0.3px;\">N\u00edvel de Ru\u00eddo 29 DB (MAX)<br \/><\/span><span style=\"letter-spacing: 0.3px;\">Voltagem: 5v (Led)<br \/><\/span><span style=\"letter-spacing: 0.3px;\">Conex\u00e3o Fan: 4P PWM<br \/><\/span><span style=\"letter-spacing: 0.3px;\">Cor do Led: ARGB Led<br \/><\/span><span style=\"letter-spacing: 0.3px;\">Conex\u00e3o Led: 3 pin (5V-D-0-G)<br \/><\/span><span style=\"letter-spacing: 0.3px;\">Compat\u00edvel com Aura RGB, Mystic Light, RGB Fusion\u00a0<br \/><\/span><span style=\"letter-spacing: 0.3px;\">(Compat\u00edvel apenas com placas m\u00e3e com entrada RGB 5v digital)<br \/><\/span><span style=\"letter-spacing: 0.3px;\">Compat\u00edvel com o Kit fan Magneto Pro Black Rise Mode RM-MAPRO-ARGB-W-RV<\/span><\/p><div style=\"letter-spacing: 0.3px;\">\u00a0<\/div>\t\t\t\t\t\t<\/div>\n\t\t\t\t<\/div>\n\t\t\t\t\t<\/div>\n\t\t<\/div>\n\t\t\t\t\t\t\t<\/div>\n\t\t<\/section>\n\t\t\t\t\t\t\t<\/div>","protected":false},"excerpt":{"rendered":"<p>COMPRAR RISE USA RISE STORE Kabum GIGANTEC Previous slide Next slide Fan Individual Magneto Pro white reverse ARGB Especifica\u00e7\u00f5es Part Number: RM-MAPROI-ARGB-W-RVModelo: ReversoDimens\u00f5es do Fan: 120mm x 120mm x 25mmFluxo de ar do Fan: 68,50 CFMVelocidade do Fan: 800-2000\u00b110% RPMTipo de rolamento: Rolamento de fluidoN\u00edvel de Ru\u00eddo 29 DB (MAX)Voltagem: 5v (Led)Conex\u00e3o Fan: 4P PWMCor [&hellip;]<\/p>","protected":false},"author":1,"featured_media":0,"parent":0,"menu_order":0,"comment_status":"closed","ping_status":"closed","template":"","meta":{"footnotes":""},"yoast_head":"<!-- This site is optimized with the Yoast SEO plugin v23.2 - https:\/\/yoast.com\/wordpress\/plugins\/seo\/ -->\n<title>Magneto pro white argb individual reverse - Rise Mode - Industry<\/title>\n<meta name=\"description\" content=\"Magneto pro white argb individual reverse\" \/>\n<meta name=\"robots\" content=\"index, follow, max-snippet:-1, max-image-preview:large, max-video-preview:-1\" \/>\n<link rel=\"canonical\" href=\"https:\/\/risemode.com\/zh\/magneto-pro-white-argb-individual-reverse\/\" \/>\n<meta property=\"og:locale\" content=\"zh_CN\" \/>\n<meta property=\"og:type\" content=\"article\" \/>\n<meta property=\"og:title\" content=\"Magneto pro white argb individual reverse - Rise Mode - Industry\" \/>\n<meta property=\"og:description\" content=\"Magneto pro white argb individual reverse\" \/>\n<meta property=\"og:url\" content=\"https:\/\/risemode.com\/zh\/magneto-pro-white-argb-individual-reverse\/\" \/>\n<meta property=\"og:site_name\" content=\"Rise Mode - Industry\" \/>\n<meta property=\"article:publisher\" content=\"https:\/\/www.facebook.com\/risemode.com.br\" \/>\n<meta property=\"article:modified_time\" content=\"2026-02-16T22:53:10+00:00\" \/>\n<meta property=\"og:image\" content=\"https:\/\/risemode.com\/wp-content\/uploads\/2024\/04\/rise_usa-1.svg\" \/>\n<meta name=\"twitter:card\" content=\"summary_large_image\" \/>\n<meta name=\"twitter:site\" content=\"@risemode\" \/>\n<meta name=\"twitter:label1\" content=\"\u9884\u8ba1\u9605\u8bfb\u65f6\u95f4\" \/>\n\t<meta name=\"twitter:data1\" content=\"2 \u5206\" \/>\n<script type=\"application\/ld+json\" class=\"yoast-schema-graph\">{\"@context\":\"https:\/\/schema.org\",\"@graph\":[{\"@type\":\"WebPage\",\"@id\":\"https:\/\/risemode.com\/magneto-pro-white-argb-individual-reverse\/\",\"url\":\"https:\/\/risemode.com\/magneto-pro-white-argb-individual-reverse\/\",\"name\":\"Magneto pro white argb individual reverse - Rise Mode - Industry\",\"isPartOf\":{\"@id\":\"https:\/\/risemode.com\/#website\"},\"primaryImageOfPage\":{\"@id\":\"https:\/\/risemode.com\/magneto-pro-white-argb-individual-reverse\/#primaryimage\"},\"image\":{\"@id\":\"https:\/\/risemode.com\/magneto-pro-white-argb-individual-reverse\/#primaryimage\"},\"thumbnailUrl\":\"https:\/\/risemode.com\/wp-content\/uploads\/2024\/04\/rise_usa-1.svg\",\"datePublished\":\"2024-10-30T14:22:08+00:00\",\"dateModified\":\"2026-02-16T22:53:10+00:00\",\"description\":\"Magneto pro white argb individual reverse\",\"breadcrumb\":{\"@id\":\"https:\/\/risemode.com\/magneto-pro-white-argb-individual-reverse\/#breadcrumb\"},\"inLanguage\":\"zh-Hans\",\"potentialAction\":[{\"@type\":\"ReadAction\",\"target\":[\"https:\/\/risemode.com\/magneto-pro-white-argb-individual-reverse\/\"]}]},{\"@type\":\"ImageObject\",\"inLanguage\":\"zh-Hans\",\"@id\":\"https:\/\/risemode.com\/magneto-pro-white-argb-individual-reverse\/#primaryimage\",\"url\":\"https:\/\/risemode.com\/wp-content\/uploads\/2024\/04\/rise_usa-1.svg\",\"contentUrl\":\"https:\/\/risemode.com\/wp-content\/uploads\/2024\/04\/rise_usa-1.svg\"},{\"@type\":\"BreadcrumbList\",\"@id\":\"https:\/\/risemode.com\/magneto-pro-white-argb-individual-reverse\/#breadcrumb\",\"itemListElement\":[{\"@type\":\"ListItem\",\"position\":1,\"name\":\"In\u00edcio\",\"item\":\"https:\/\/risemode.com\/\"},{\"@type\":\"ListItem\",\"position\":2,\"name\":\"Magneto pro white argb individual reverse\"}]},{\"@type\":\"WebSite\",\"@id\":\"https:\/\/risemode.com\/#website\",\"url\":\"https:\/\/risemode.com\/\",\"name\":\"Rise Mode - Industry\",\"description\":\"Computer Parts\",\"publisher\":{\"@id\":\"https:\/\/risemode.com\/#organization\"},\"potentialAction\":[{\"@type\":\"SearchAction\",\"target\":{\"@type\":\"EntryPoint\",\"urlTemplate\":\"https:\/\/risemode.com\/?s={search_term_string}\"},\"query-input\":\"required name=search_term_string\"}],\"inLanguage\":\"zh-Hans\"},{\"@type\":\"Organization\",\"@id\":\"https:\/\/risemode.com\/#organization\",\"name\":\"Rise Mode - Industry\",\"url\":\"https:\/\/risemode.com\/\",\"logo\":{\"@type\":\"ImageObject\",\"inLanguage\":\"zh-Hans\",\"@id\":\"https:\/\/risemode.com\/#\/schema\/logo\/image\/\",\"url\":\"https:\/\/risemode.com\/wp-content\/uploads\/2023\/11\/LOGO-RISE-AZUL.png\",\"contentUrl\":\"https:\/\/risemode.com\/wp-content\/uploads\/2023\/11\/LOGO-RISE-AZUL.png\",\"width\":2160,\"height\":2160,\"caption\":\"Rise Mode - Industry\"},\"image\":{\"@id\":\"https:\/\/risemode.com\/#\/schema\/logo\/image\/\"},\"sameAs\":[\"https:\/\/www.facebook.com\/risemode.com.br\",\"https:\/\/x.com\/risemode\",\"https:\/\/www.instagram.com\/rise.mode\/\",\"https:\/\/www.youtube.com\/risemode\"]}]}<\/script>\n<!-- \/ Yoast SEO plugin. -->","yoast_head_json":{"title":"Magneto pro white argb individual reverse - Rise Mode - Industry","description":"Magneto pro white argb individual reverse","robots":{"index":"index","follow":"follow","max-snippet":"max-snippet:-1","max-image-preview":"max-image-preview:large","max-video-preview":"max-video-preview:-1"},"canonical":"https:\/\/risemode.com\/zh\/magneto-pro-white-argb-individual-reverse\/","og_locale":"zh_CN","og_type":"article","og_title":"Magneto pro white argb individual reverse - Rise Mode - Industry","og_description":"Magneto pro white argb individual reverse","og_url":"https:\/\/risemode.com\/zh\/magneto-pro-white-argb-individual-reverse\/","og_site_name":"Rise Mode - Industry","article_publisher":"https:\/\/www.facebook.com\/risemode.com.br","article_modified_time":"2026-02-16T22:53:10+00:00","og_image":[{"url":"https:\/\/risemode.com\/wp-content\/uploads\/2024\/04\/rise_usa-1.svg"}],"twitter_card":"summary_large_image","twitter_site":"@risemode","twitter_misc":{"\u9884\u8ba1\u9605\u8bfb\u65f6\u95f4":"2 \u5206"},"schema":{"@context":"https:\/\/schema.org","@graph":[{"@type":"WebPage","@id":"https:\/\/risemode.com\/magneto-pro-white-argb-individual-reverse\/","url":"https:\/\/risemode.com\/magneto-pro-white-argb-individual-reverse\/","name":"Magneto pro white argb individual reverse - Rise Mode - Industry","isPartOf":{"@id":"https:\/\/risemode.com\/#website"},"primaryImageOfPage":{"@id":"https:\/\/risemode.com\/magneto-pro-white-argb-individual-reverse\/#primaryimage"},"image":{"@id":"https:\/\/risemode.com\/magneto-pro-white-argb-individual-reverse\/#primaryimage"},"thumbnailUrl":"https:\/\/risemode.com\/wp-content\/uploads\/2024\/04\/rise_usa-1.svg","datePublished":"2024-10-30T14:22:08+00:00","dateModified":"2026-02-16T22:53:10+00:00","description":"Magneto pro white argb individual reverse","breadcrumb":{"@id":"https:\/\/risemode.com\/magneto-pro-white-argb-individual-reverse\/#breadcrumb"},"inLanguage":"zh-Hans","potentialAction":[{"@type":"ReadAction","target":["https:\/\/risemode.com\/magneto-pro-white-argb-individual-reverse\/"]}]},{"@type":"ImageObject","inLanguage":"zh-Hans","@id":"https:\/\/risemode.com\/magneto-pro-white-argb-individual-reverse\/#primaryimage","url":"https:\/\/risemode.com\/wp-content\/uploads\/2024\/04\/rise_usa-1.svg","contentUrl":"https:\/\/risemode.com\/wp-content\/uploads\/2024\/04\/rise_usa-1.svg"},{"@type":"BreadcrumbList","@id":"https:\/\/risemode.com\/magneto-pro-white-argb-individual-reverse\/#breadcrumb","itemListElement":[{"@type":"ListItem","position":1,"name":"In\u00edcio","item":"https:\/\/risemode.com\/"},{"@type":"ListItem","position":2,"name":"Magneto pro white argb individual reverse"}]},{"@type":"WebSite","@id":"https:\/\/risemode.com\/#website","url":"https:\/\/risemode.com\/","name":"Rise Mode - Industry","description":"Computer Parts","publisher":{"@id":"https:\/\/risemode.com\/#organization"},"potentialAction":[{"@type":"SearchAction","target":{"@type":"EntryPoint","urlTemplate":"https:\/\/risemode.com\/?s={search_term_string}"},"query-input":"required name=search_term_string"}],"inLanguage":"zh-Hans"},{"@type":"Organization","@id":"https:\/\/risemode.com\/#organization","name":"Rise Mode - Industry","url":"https:\/\/risemode.com\/","logo":{"@type":"ImageObject","inLanguage":"zh-Hans","@id":"https:\/\/risemode.com\/#\/schema\/logo\/image\/","url":"https:\/\/risemode.com\/wp-content\/uploads\/2023\/11\/LOGO-RISE-AZUL.png","contentUrl":"https:\/\/risemode.com\/wp-content\/uploads\/2023\/11\/LOGO-RISE-AZUL.png","width":2160,"height":2160,"caption":"Rise Mode - Industry"},"image":{"@id":"https:\/\/risemode.com\/#\/schema\/logo\/image\/"},"sameAs":["https:\/\/www.facebook.com\/risemode.com.br","https:\/\/x.com\/risemode","https:\/\/www.instagram.com\/rise.mode\/","https:\/\/www.youtube.com\/risemode"]}]}},"jetpack_sharing_enabled":true,"_links":{"self":[{"href":"https:\/\/risemode.com\/zh\/wp-json\/wp\/v2\/pages\/11519"}],"collection":[{"href":"https:\/\/risemode.com\/zh\/wp-json\/wp\/v2\/pages"}],"about":[{"href":"https:\/\/risemode.com\/zh\/wp-json\/wp\/v2\/types\/page"}],"author":[{"embeddable":true,"href":"https:\/\/risemode.com\/zh\/wp-json\/wp\/v2\/users\/1"}],"replies":[{"embeddable":true,"href":"https:\/\/risemode.com\/zh\/wp-json\/wp\/v2\/comments?post=11519"}],"version-history":[{"count":13,"href":"https:\/\/risemode.com\/zh\/wp-json\/wp\/v2\/pages\/11519\/revisions"}],"predecessor-version":[{"id":24033,"href":"https:\/\/risemode.com\/zh\/wp-json\/wp\/v2\/pages\/11519\/revisions\/24033"}],"wp:attachment":[{"href":"https:\/\/risemode.com\/zh\/wp-json\/wp\/v2\/media?parent=11519"}],"curies":[{"name":"wp","href":"https:\/\/api.w.org\/{rel}","templated":true}]}}