{"id":8486,"date":"2024-09-11T17:29:35","date_gmt":"2024-09-11T17:29:35","guid":{"rendered":"https:\/\/risemode.com\/?page_id=8486"},"modified":"2026-02-25T14:50:37","modified_gmt":"2026-02-25T17:50:37","slug":"ssd-1tb-gamer-line","status":"publish","type":"page","link":"https:\/\/risemode.com\/zh\/ssd-1tb-gamer-line\/","title":{"rendered":"SSD 1TB GAMER LINE"},"content":{"rendered":"<div data-elementor-type=\"wp-page\" data-elementor-id=\"8486\" class=\"elementor elementor-8486\" data-elementor-post-type=\"page\">\n\t\t\t\t\t\t\t<div class=\"elementor-element elementor-element-1eeba72c e-flex e-con-boxed e-con\" data-id=\"1eeba72c\" data-element_type=\"container\" data-settings=\"{&quot;content_width&quot;:&quot;boxed&quot;}\">\n\t\t\t\t\t<div class=\"e-con-inner\">\n\t\t\t\t<div class=\"elementor-element elementor-element-66b2d386 elementor-widget elementor-widget-video\" data-id=\"66b2d386\" data-element_type=\"widget\" data-settings=\"{&quot;youtube_url&quot;:&quot;https:\\\/\\\/youtu.be\\\/9ZIWOFoY4T8&quot;,&quot;video_type&quot;:&quot;youtube&quot;,&quot;controls&quot;:&quot;yes&quot;}\" data-widget_type=\"video.default\">\n\t\t\t\t<div class=\"elementor-widget-container\">\n\t\t\t\t\t<div class=\"elementor-wrapper elementor-open-inline\">\n\t\t\t<div class=\"elementor-video\"><\/div>\t\t<\/div>\n\t\t\t\t<\/div>\n\t\t\t\t<\/div>\n\t\t\t\t\t<\/div>\n\t\t\t\t<\/div>\n\t\t\t\t<section class=\"elementor-section elementor-top-section elementor-element elementor-element-2e407cdd elementor-section-boxed elementor-section-height-default elementor-section-height-default\" data-id=\"2e407cdd\" data-element_type=\"section\">\n\t\t\t\t\t\t<div class=\"elementor-container elementor-column-gap-default\">\n\t\t\t\t\t<div class=\"elementor-column elementor-col-100 elementor-top-column elementor-element elementor-element-6444fa95\" data-id=\"6444fa95\" data-element_type=\"column\">\n\t\t\t<div class=\"elementor-widget-wrap elementor-element-populated\">\n\t\t\t\t\t\t\t\t<div class=\"elementor-element elementor-element-2e21f13e elementor-widget elementor-widget-heading\" data-id=\"2e21f13e\" data-element_type=\"widget\" data-widget_type=\"heading.default\">\n\t\t\t\t<div class=\"elementor-widget-container\">\n\t\t\t<h2 class=\"elementor-heading-title elementor-size-xxl\">\u8d2d\u4e70<\/h2>\t\t<\/div>\n\t\t\t\t<\/div>\n\t\t\t\t\t<\/div>\n\t\t<\/div>\n\t\t\t\t\t\t\t<\/div>\n\t\t<\/section>\n\t\t<div class=\"elementor-element elementor-element-2b561896 e-con-full e-flex e-con\" data-id=\"2b561896\" data-element_type=\"container\" data-settings=\"{&quot;content_width&quot;:&quot;full&quot;}\">\n\t\t<div class=\"elementor-element elementor-element-9e1eb7d e-con-full e-flex e-con\" data-id=\"9e1eb7d\" data-element_type=\"container\" data-settings=\"{&quot;content_width&quot;:&quot;full&quot;,&quot;background_background&quot;:&quot;classic&quot;}\">\n\t\t\t\t<div class=\"elementor-element elementor-element-4dde3bd2 elementor-widget elementor-widget-image\" data-id=\"4dde3bd2\" data-element_type=\"widget\" data-widget_type=\"image.default\">\n\t\t\t\t<div class=\"elementor-widget-container\">\n\t\t\t\t\t\t\t\t\t\t\t\t\t\t\t\t<a href=\"https:\/\/www.amazon.com\/s?i=merchant-items&#038;me=A2Z190E8OU3Q34&#038;marketplaceID=ATVPDKIKX0DER&#038;qid=1682472974&#038;ref=sr_pg_2\" target=\"_blank\">\n\t\t\t\t\t\t\t<img decoding=\"async\" src=\"https:\/\/risemode.com\/wp-content\/uploads\/2024\/04\/rise_usa-1.svg\" title=\"rise_usa 1\" alt=\"rise_usa 1\" loading=\"lazy\" \/>\t\t\t\t\t\t\t\t<\/a>\n\t\t\t\t\t\t\t\t\t\t\t\t\t\t\t<\/div>\n\t\t\t\t<\/div>\n\t\t\t\t<div class=\"elementor-element elementor-element-2c21db1f elementor-widget elementor-widget-heading\" data-id=\"2c21db1f\" data-element_type=\"widget\" data-widget_type=\"heading.default\">\n\t\t\t\t<div class=\"elementor-widget-container\">\n\t\t\t<h2 class=\"elementor-heading-title elementor-size-default\"><a href=\"https:\/\/www.amazon.com\/s?i=merchant-items&#038;me=A2Z190E8OU3Q34&#038;marketplaceID=ATVPDKIKX0DER&#038;qid=1682472974&#038;ref=sr_pg_2\" target=\"_blank\">RISE USA<\/a><\/h2>\t\t<\/div>\n\t\t\t\t<\/div>\n\t\t\t\t<\/div>\n\t\t<div class=\"elementor-element elementor-element-6a0b6b98 e-con-full e-flex e-con\" data-id=\"6a0b6b98\" data-element_type=\"container\" data-settings=\"{&quot;content_width&quot;:&quot;full&quot;,&quot;background_background&quot;:&quot;classic&quot;}\">\n\t\t\t\t<div class=\"elementor-element elementor-element-5ddc79cb elementor-widget elementor-widget-image\" data-id=\"5ddc79cb\" data-element_type=\"widget\" data-widget_type=\"image.default\">\n\t\t\t\t<div class=\"elementor-widget-container\">\n\t\t\t\t\t\t\t\t\t\t\t\t\t\t\t\t<a href=\"https:\/\/www.lojarisemode.com.br\" target=\"_blank\">\n\t\t\t\t\t\t\t<img decoding=\"async\" src=\"https:\/\/risemode.com\/wp-content\/uploads\/elementor\/thumbs\/fav-logo-rise-white-quj9d0fz7f9az59v94cpbblv5hbr6ug0j2w8hhrwj8.png\" title=\"fav-logo-rise-white\" alt=\"fav-logo-rise-white\" loading=\"lazy\" \/>\t\t\t\t\t\t\t\t<\/a>\n\t\t\t\t\t\t\t\t\t\t\t\t\t\t\t<\/div>\n\t\t\t\t<\/div>\n\t\t\t\t<div class=\"elementor-element elementor-element-21739a45 elementor-widget elementor-widget-heading\" data-id=\"21739a45\" data-element_type=\"widget\" data-widget_type=\"heading.default\">\n\t\t\t\t<div class=\"elementor-widget-container\">\n\t\t\t<h2 class=\"elementor-heading-title elementor-size-default\"><a href=\"https:\/\/www.lojarisemode.com.br\" target=\"_blank\">RISE STORE<\/a><\/h2>\t\t<\/div>\n\t\t\t\t<\/div>\n\t\t\t\t<\/div>\n\t\t<div class=\"elementor-element elementor-element-586517b3 e-con-full e-flex e-con\" data-id=\"586517b3\" data-element_type=\"container\" data-settings=\"{&quot;content_width&quot;:&quot;full&quot;,&quot;background_background&quot;:&quot;classic&quot;}\">\n\t\t\t\t<div class=\"elementor-element elementor-element-5ce53603 elementor-widget elementor-widget-image\" data-id=\"5ce53603\" data-element_type=\"widget\" data-widget_type=\"image.default\">\n\t\t\t\t<div class=\"elementor-widget-container\">\n\t\t\t\t\t\t\t\t\t\t\t\t\t\t\t\t<a href=\"https:\/\/tidd.ly\/4e55nXF\" target=\"_blank\">\n\t\t\t\t\t\t\t<img decoding=\"async\" src=\"https:\/\/risemode.com\/wp-content\/uploads\/2024\/04\/kabum-1.svg\" title=\"kabum 1\" alt=\"kabum 1\" loading=\"lazy\" \/>\t\t\t\t\t\t\t\t<\/a>\n\t\t\t\t\t\t\t\t\t\t\t\t\t\t\t<\/div>\n\t\t\t\t<\/div>\n\t\t\t\t<div class=\"elementor-element elementor-element-5b373d4f elementor-widget elementor-widget-heading\" data-id=\"5b373d4f\" data-element_type=\"widget\" data-widget_type=\"heading.default\">\n\t\t\t\t<div class=\"elementor-widget-container\">\n\t\t\t<h2 class=\"elementor-heading-title elementor-size-default\"><a href=\"https:\/\/tidd.ly\/4e55nXF\" target=\"_blank\"><span translate=\"no\">Kabum<\/span><\/a><\/h2>\t\t<\/div>\n\t\t\t\t<\/div>\n\t\t\t\t<\/div>\n\t\t<div class=\"elementor-element elementor-element-1e071c23 e-con-full e-flex e-con\" data-id=\"1e071c23\" data-element_type=\"container\" data-settings=\"{&quot;content_width&quot;:&quot;full&quot;,&quot;background_background&quot;:&quot;classic&quot;}\">\n\t\t\t\t<div class=\"elementor-element elementor-element-4a2bd837 elementor-widget elementor-widget-image\" data-id=\"4a2bd837\" data-element_type=\"widget\" data-widget_type=\"image.default\">\n\t\t\t\t<div class=\"elementor-widget-container\">\n\t\t\t\t\t\t\t\t\t\t\t\t\t\t\t\t<a href=\"https:\/\/www.gigantec.com.br\/parceria-rise-mode\" target=\"_blank\">\n\t\t\t\t\t\t\t<img decoding=\"async\" src=\"https:\/\/risemode.com\/wp-content\/uploads\/elementor\/thumbs\/gigantec-logo-ripdug8w3a4uzl2domklxu7p031tbdl8bzfvrd9j78.png\" title=\"gigantec-logo\" alt=\"gigantec-logo\" loading=\"lazy\" \/>\t\t\t\t\t\t\t\t<\/a>\n\t\t\t\t\t\t\t\t\t\t\t\t\t\t\t<\/div>\n\t\t\t\t<\/div>\n\t\t\t\t<div class=\"elementor-element elementor-element-44781a9e elementor-widget elementor-widget-heading\" data-id=\"44781a9e\" data-element_type=\"widget\" data-widget_type=\"heading.default\">\n\t\t\t\t<div class=\"elementor-widget-container\">\n\t\t\t<h2 class=\"elementor-heading-title elementor-size-default\"><a href=\"https:\/\/www.gigantec.com.br\/parceria-rise-mode\" target=\"_blank\"><span translate=\"no\">GIGANTEC<\/span><\/a><\/h2>\t\t<\/div>\n\t\t\t\t<\/div>\n\t\t\t\t<\/div>\n\t\t\t\t<\/div>\n\t\t\t\t<section class=\"elementor-section elementor-top-section elementor-element elementor-element-abd6f32 elementor-section-boxed elementor-section-height-default elementor-section-height-default\" data-id=\"abd6f32\" data-element_type=\"section\">\n\t\t\t\t\t\t<div class=\"elementor-container elementor-column-gap-default\">\n\t\t\t\t\t<div class=\"elementor-column elementor-col-100 elementor-top-column elementor-element elementor-element-61a897b\" data-id=\"61a897b\" data-element_type=\"column\">\n\t\t\t<div class=\"elementor-widget-wrap elementor-element-populated\">\n\t\t\t\t\t\t\t\t<div class=\"elementor-element elementor-element-7575cd9d elementor--h-position-center elementor--v-position-middle elementor-arrows-position-inside elementor-pagination-position-inside elementor-widget elementor-widget-slides\" data-id=\"7575cd9d\" data-element_type=\"widget\" data-settings=\"{&quot;navigation&quot;:&quot;both&quot;,&quot;autoplay&quot;:&quot;yes&quot;,&quot;pause_on_hover&quot;:&quot;yes&quot;,&quot;pause_on_interaction&quot;:&quot;yes&quot;,&quot;autoplay_speed&quot;:5000,&quot;infinite&quot;:&quot;yes&quot;,&quot;transition&quot;:&quot;slide&quot;,&quot;transition_speed&quot;:500}\" data-widget_type=\"slides.default\">\n\t\t\t\t<div class=\"elementor-widget-container\">\n\t\t\t\t\t<div class=\"elementor-swiper\">\n\t\t\t<div class=\"elementor-slides-wrapper elementor-main-swiper swiper\" dir=\"ltr\" data-animation=\"fadeInUp\">\n\t\t\t\t<div class=\"swiper-wrapper elementor-slides\">\n\t\t\t\t\t\t\t\t\t\t<div class=\"elementor-repeater-item-9aeec2f swiper-slide\"><div class=\"swiper-slide-bg\" role=\"img\"><\/div><div class=\"swiper-slide-inner\" ><div class=\"swiper-slide-contents\"><\/div><\/div><\/div><div class=\"elementor-repeater-item-dbf5e4b swiper-slide\"><div class=\"swiper-slide-bg\" role=\"img\"><\/div><div class=\"swiper-slide-inner\" ><div class=\"swiper-slide-contents\"><\/div><\/div><\/div><div class=\"elementor-repeater-item-3ef7051 swiper-slide\"><div class=\"swiper-slide-bg\" role=\"img\"><\/div><div class=\"swiper-slide-inner\" ><div class=\"swiper-slide-contents\"><\/div><\/div><\/div><div class=\"elementor-repeater-item-0fb1b3c swiper-slide\"><div class=\"swiper-slide-bg\" role=\"img\"><\/div><div class=\"swiper-slide-inner\" ><div class=\"swiper-slide-contents\"><\/div><\/div><\/div>\t\t\t\t<\/div>\n\t\t\t\t\t\t\t\t\t\t\t\t\t\t\t<div class=\"swiper-pagination\"><\/div>\n\t\t\t\t\t\t\t\t\t\t\t\t\t\t\t\t<div class=\"elementor-swiper-button elementor-swiper-button-prev\" role=\"button\" tabindex=\"0\">\n\t\t\t\t\t\t\t<i aria-hidden=\"true\" class=\"eicon-chevron-left\"><\/i>\t\t\t\t\t\t\t<span class=\"elementor-screen-only\">Previous slide<\/span>\n\t\t\t\t\t\t<\/div>\n\t\t\t\t\t\t<div class=\"elementor-swiper-button elementor-swiper-button-next\" role=\"button\" tabindex=\"0\">\n\t\t\t\t\t\t\t<i aria-hidden=\"true\" class=\"eicon-chevron-right\"><\/i>\t\t\t\t\t\t\t<span class=\"elementor-screen-only\">Next slide<\/span>\n\t\t\t\t\t\t<\/div>\n\t\t\t\t\t\t\t\t\t\t\t\t<\/div>\n\t\t<\/div>\n\t\t\t\t<\/div>\n\t\t\t\t<\/div>\n\t\t\t\t\t<\/div>\n\t\t<\/div>\n\t\t\t\t\t\t\t<\/div>\n\t\t<\/section>\n\t\t\t\t<section class=\"elementor-section elementor-top-section elementor-element elementor-element-57174ece elementor-section-boxed elementor-section-height-default elementor-section-height-default\" data-id=\"57174ece\" data-element_type=\"section\">\n\t\t\t\t\t\t<div class=\"elementor-container elementor-column-gap-default\">\n\t\t\t\t\t<div class=\"elementor-column elementor-col-100 elementor-top-column elementor-element elementor-element-1305683e\" data-id=\"1305683e\" data-element_type=\"column\">\n\t\t\t<div class=\"elementor-widget-wrap elementor-element-populated\">\n\t\t\t\t\t\t\t\t<div class=\"elementor-element elementor-element-4da6aa40 elementor-widget elementor-widget-heading\" data-id=\"4da6aa40\" data-element_type=\"widget\" data-widget_type=\"heading.default\">\n\t\t\t\t<div class=\"elementor-widget-container\">\n\t\t\t<h1 class=\"elementor-heading-title elementor-size-xxl\"><span translate=\"no\">SSD 1TB Gamer line<\/span><\/h1>\t\t<\/div>\n\t\t\t\t<\/div>\n\t\t\t\t\t<\/div>\n\t\t<\/div>\n\t\t\t\t\t\t\t<\/div>\n\t\t<\/section>\n\t\t\t\t<section class=\"elementor-section elementor-top-section elementor-element elementor-element-c46080f elementor-section-boxed elementor-section-height-default elementor-section-height-default\" data-id=\"c46080f\" data-element_type=\"section\">\n\t\t\t\t\t\t<div class=\"elementor-container elementor-column-gap-default\">\n\t\t\t\t\t<div class=\"elementor-column elementor-col-100 elementor-top-column elementor-element elementor-element-577e6f5f\" data-id=\"577e6f5f\" data-element_type=\"column\">\n\t\t\t<div class=\"elementor-widget-wrap elementor-element-populated\">\n\t\t\t\t\t\t\t\t<div class=\"elementor-element elementor-element-4e6e9644 elementor-widget elementor-widget-text-editor\" data-id=\"4e6e9644\" data-element_type=\"widget\" data-widget_type=\"text-editor.default\">\n\t\t\t\t<div class=\"elementor-widget-container\">\n\t\t\t\t\t\t\t<p><span style=\"letter-spacing: 0.3px;\">Especifica\u00e7\u00f5es:<br \/><\/span><br style=\"letter-spacing: 0.3px;\" \/><span style=\"letter-spacing: 0.3px;\">Part Number: RM-SSD-1TB<br \/><\/span><span style=\"letter-spacing: 0.3px;\">Capacidade: 1TB<\/span><br style=\"letter-spacing: 0.3px;\" \/><span style=\"letter-spacing: 0.3px;\">Tipo de drive: 2,5 polegadas SATA-III, 6 Gb \/ s, 7mm<\/span><br style=\"letter-spacing: 0.3px;\" \/><span style=\"letter-spacing: 0.3px;\">Desempenho:2,5 polegadas SATA-III, 6 Gb \/ s, 7mm<\/span><br style=\"letter-spacing: 0.3px;\" \/>Leitura sequencial: at\u00e9 530MB \/ s<br \/>Escrita sequencial: at\u00e9 520MB \/ s<br style=\"letter-spacing: 0.3px;\" \/><span style=\"letter-spacing: 0.3px;\">IOPS de leitura aleat\u00f3ria em blocos de 4K: at\u00e9 40K<\/span><br style=\"letter-spacing: 0.3px;\" \/><span style=\"letter-spacing: 0.3px;\">IOPS de grava\u00e7\u00e3o aleat\u00f3ria em blocos de 4K: at\u00e9 86K<\/span><br style=\"letter-spacing: 0.3px;\" \/><span style=\"letter-spacing: 0.3px;\">Consumo de energia: T\u00edpico = 2,0 W, Inativo = 0,3 W<\/span><br style=\"letter-spacing: 0.3px;\" \/><span style=\"letter-spacing: 0.3px;\">Temperatura de opera\u00e7\u00e3o:0\u00baC \u2013 70\u00baC<\/span><br style=\"letter-spacing: 0.3px;\" \/><span style=\"letter-spacing: 0.3px;\">Mtbf:2.000.000 de horas<\/span><br style=\"letter-spacing: 0.3px;\" \/><span style=\"letter-spacing: 0.3px;\">Compat\u00edvel com:Windows 10, Windows 8, Windows 7,<\/span><br style=\"letter-spacing: 0.3px;\" \/><span style=\"letter-spacing: 0.3px;\">Windows Vista, Windows XP, Linux, Mac OS X<\/span><\/p>\t\t\t\t\t\t<\/div>\n\t\t\t\t<\/div>\n\t\t\t\t\t<\/div>\n\t\t<\/div>\n\t\t\t\t\t\t\t<\/div>\n\t\t<\/section>\n\t\t\t\t\t\t\t<\/div>","protected":false},"excerpt":{"rendered":"<p>BUY RISE USA RISE STORE Kabum GIGANTEC Previous slide Next slide SSD 1TB Gamer line Especifica\u00e7\u00f5es:Part Number: RM-SSD-1TBCapacidade: 1TBTipo de drive: 2,5 polegadas SATA-III, 6 Gb \/ s, 7mmDesempenho:2,5 polegadas SATA-III, 6 Gb \/ s, 7mmLeitura sequencial: at\u00e9 530MB \/ sEscrita sequencial: at\u00e9 520MB \/ sIOPS de leitura aleat\u00f3ria em blocos de 4K: at\u00e9 40KIOPS [&hellip;]<\/p>","protected":false},"author":1,"featured_media":0,"parent":0,"menu_order":0,"comment_status":"closed","ping_status":"closed","template":"","meta":{"footnotes":""},"yoast_head":"<!-- This site is optimized with the Yoast SEO plugin v23.2 - https:\/\/yoast.com\/wordpress\/plugins\/seo\/ -->\n<title>SSD 1TB GAMER LINE - Rise Mode - Industry<\/title>\n<meta name=\"description\" content=\"SSD 1TB GAMER LINE\" \/>\n<meta name=\"robots\" content=\"index, follow, max-snippet:-1, max-image-preview:large, max-video-preview:-1\" \/>\n<link rel=\"canonical\" href=\"https:\/\/risemode.com\/zh\/ssd-1tb-gamer-line\/\" \/>\n<meta property=\"og:locale\" content=\"zh_CN\" \/>\n<meta property=\"og:type\" content=\"article\" \/>\n<meta property=\"og:title\" content=\"SSD 1TB GAMER LINE - Rise Mode - Industry\" \/>\n<meta property=\"og:description\" content=\"SSD 1TB GAMER LINE\" \/>\n<meta property=\"og:url\" content=\"https:\/\/risemode.com\/zh\/ssd-1tb-gamer-line\/\" \/>\n<meta property=\"og:site_name\" content=\"Rise Mode - Industry\" \/>\n<meta property=\"article:publisher\" content=\"https:\/\/www.facebook.com\/risemode.com.br\" \/>\n<meta property=\"article:modified_time\" content=\"2026-02-25T17:50:37+00:00\" \/>\n<meta property=\"og:image\" content=\"https:\/\/risemode.com\/wp-content\/uploads\/2024\/04\/rise_usa-1.svg\" \/>\n<meta name=\"twitter:card\" content=\"summary_large_image\" \/>\n<meta name=\"twitter:site\" content=\"@risemode\" \/>\n<meta name=\"twitter:label1\" content=\"\u9884\u8ba1\u9605\u8bfb\u65f6\u95f4\" \/>\n\t<meta name=\"twitter:data1\" content=\"2 \u5206\" \/>\n<script type=\"application\/ld+json\" class=\"yoast-schema-graph\">{\"@context\":\"https:\/\/schema.org\",\"@graph\":[{\"@type\":\"WebPage\",\"@id\":\"https:\/\/risemode.com\/ssd-1tb-gamer-line\/\",\"url\":\"https:\/\/risemode.com\/ssd-1tb-gamer-line\/\",\"name\":\"SSD 1TB GAMER LINE - Rise Mode - Industry\",\"isPartOf\":{\"@id\":\"https:\/\/risemode.com\/#website\"},\"primaryImageOfPage\":{\"@id\":\"https:\/\/risemode.com\/ssd-1tb-gamer-line\/#primaryimage\"},\"image\":{\"@id\":\"https:\/\/risemode.com\/ssd-1tb-gamer-line\/#primaryimage\"},\"thumbnailUrl\":\"https:\/\/risemode.com\/wp-content\/uploads\/2024\/04\/rise_usa-1.svg\",\"datePublished\":\"2024-09-11T17:29:35+00:00\",\"dateModified\":\"2026-02-25T17:50:37+00:00\",\"description\":\"SSD 1TB GAMER LINE\",\"breadcrumb\":{\"@id\":\"https:\/\/risemode.com\/ssd-1tb-gamer-line\/#breadcrumb\"},\"inLanguage\":\"zh-Hans\",\"potentialAction\":[{\"@type\":\"ReadAction\",\"target\":[\"https:\/\/risemode.com\/ssd-1tb-gamer-line\/\"]}]},{\"@type\":\"ImageObject\",\"inLanguage\":\"zh-Hans\",\"@id\":\"https:\/\/risemode.com\/ssd-1tb-gamer-line\/#primaryimage\",\"url\":\"https:\/\/risemode.com\/wp-content\/uploads\/2024\/04\/rise_usa-1.svg\",\"contentUrl\":\"https:\/\/risemode.com\/wp-content\/uploads\/2024\/04\/rise_usa-1.svg\"},{\"@type\":\"BreadcrumbList\",\"@id\":\"https:\/\/risemode.com\/ssd-1tb-gamer-line\/#breadcrumb\",\"itemListElement\":[{\"@type\":\"ListItem\",\"position\":1,\"name\":\"In\u00edcio\",\"item\":\"https:\/\/risemode.com\/\"},{\"@type\":\"ListItem\",\"position\":2,\"name\":\"SSD 1TB GAMER LINE\"}]},{\"@type\":\"WebSite\",\"@id\":\"https:\/\/risemode.com\/#website\",\"url\":\"https:\/\/risemode.com\/\",\"name\":\"Rise Mode - Industry\",\"description\":\"Computer Parts\",\"publisher\":{\"@id\":\"https:\/\/risemode.com\/#organization\"},\"potentialAction\":[{\"@type\":\"SearchAction\",\"target\":{\"@type\":\"EntryPoint\",\"urlTemplate\":\"https:\/\/risemode.com\/?s={search_term_string}\"},\"query-input\":\"required name=search_term_string\"}],\"inLanguage\":\"zh-Hans\"},{\"@type\":\"Organization\",\"@id\":\"https:\/\/risemode.com\/#organization\",\"name\":\"Rise Mode - Industry\",\"url\":\"https:\/\/risemode.com\/\",\"logo\":{\"@type\":\"ImageObject\",\"inLanguage\":\"zh-Hans\",\"@id\":\"https:\/\/risemode.com\/#\/schema\/logo\/image\/\",\"url\":\"https:\/\/risemode.com\/wp-content\/uploads\/2023\/11\/LOGO-RISE-AZUL.png\",\"contentUrl\":\"https:\/\/risemode.com\/wp-content\/uploads\/2023\/11\/LOGO-RISE-AZUL.png\",\"width\":2160,\"height\":2160,\"caption\":\"Rise Mode - Industry\"},\"image\":{\"@id\":\"https:\/\/risemode.com\/#\/schema\/logo\/image\/\"},\"sameAs\":[\"https:\/\/www.facebook.com\/risemode.com.br\",\"https:\/\/x.com\/risemode\",\"https:\/\/www.instagram.com\/rise.mode\/\",\"https:\/\/www.youtube.com\/risemode\"]}]}<\/script>\n<!-- \/ Yoast SEO plugin. -->","yoast_head_json":{"title":"SSD 1TB GAMER LINE - Rise Mode - Industry","description":"SSD 1TB GAMER LINE","robots":{"index":"index","follow":"follow","max-snippet":"max-snippet:-1","max-image-preview":"max-image-preview:large","max-video-preview":"max-video-preview:-1"},"canonical":"https:\/\/risemode.com\/zh\/ssd-1tb-gamer-line\/","og_locale":"zh_CN","og_type":"article","og_title":"SSD 1TB GAMER LINE - Rise Mode - Industry","og_description":"SSD 1TB GAMER LINE","og_url":"https:\/\/risemode.com\/zh\/ssd-1tb-gamer-line\/","og_site_name":"Rise Mode - Industry","article_publisher":"https:\/\/www.facebook.com\/risemode.com.br","article_modified_time":"2026-02-25T17:50:37+00:00","og_image":[{"url":"https:\/\/risemode.com\/wp-content\/uploads\/2024\/04\/rise_usa-1.svg"}],"twitter_card":"summary_large_image","twitter_site":"@risemode","twitter_misc":{"\u9884\u8ba1\u9605\u8bfb\u65f6\u95f4":"2 \u5206"},"schema":{"@context":"https:\/\/schema.org","@graph":[{"@type":"WebPage","@id":"https:\/\/risemode.com\/ssd-1tb-gamer-line\/","url":"https:\/\/risemode.com\/ssd-1tb-gamer-line\/","name":"SSD 1TB GAMER LINE - Rise Mode - Industry","isPartOf":{"@id":"https:\/\/risemode.com\/#website"},"primaryImageOfPage":{"@id":"https:\/\/risemode.com\/ssd-1tb-gamer-line\/#primaryimage"},"image":{"@id":"https:\/\/risemode.com\/ssd-1tb-gamer-line\/#primaryimage"},"thumbnailUrl":"https:\/\/risemode.com\/wp-content\/uploads\/2024\/04\/rise_usa-1.svg","datePublished":"2024-09-11T17:29:35+00:00","dateModified":"2026-02-25T17:50:37+00:00","description":"SSD 1TB GAMER LINE","breadcrumb":{"@id":"https:\/\/risemode.com\/ssd-1tb-gamer-line\/#breadcrumb"},"inLanguage":"zh-Hans","potentialAction":[{"@type":"ReadAction","target":["https:\/\/risemode.com\/ssd-1tb-gamer-line\/"]}]},{"@type":"ImageObject","inLanguage":"zh-Hans","@id":"https:\/\/risemode.com\/ssd-1tb-gamer-line\/#primaryimage","url":"https:\/\/risemode.com\/wp-content\/uploads\/2024\/04\/rise_usa-1.svg","contentUrl":"https:\/\/risemode.com\/wp-content\/uploads\/2024\/04\/rise_usa-1.svg"},{"@type":"BreadcrumbList","@id":"https:\/\/risemode.com\/ssd-1tb-gamer-line\/#breadcrumb","itemListElement":[{"@type":"ListItem","position":1,"name":"In\u00edcio","item":"https:\/\/risemode.com\/"},{"@type":"ListItem","position":2,"name":"SSD 1TB GAMER LINE"}]},{"@type":"WebSite","@id":"https:\/\/risemode.com\/#website","url":"https:\/\/risemode.com\/","name":"Rise Mode - Industry","description":"Computer Parts","publisher":{"@id":"https:\/\/risemode.com\/#organization"},"potentialAction":[{"@type":"SearchAction","target":{"@type":"EntryPoint","urlTemplate":"https:\/\/risemode.com\/?s={search_term_string}"},"query-input":"required name=search_term_string"}],"inLanguage":"zh-Hans"},{"@type":"Organization","@id":"https:\/\/risemode.com\/#organization","name":"Rise Mode - Industry","url":"https:\/\/risemode.com\/","logo":{"@type":"ImageObject","inLanguage":"zh-Hans","@id":"https:\/\/risemode.com\/#\/schema\/logo\/image\/","url":"https:\/\/risemode.com\/wp-content\/uploads\/2023\/11\/LOGO-RISE-AZUL.png","contentUrl":"https:\/\/risemode.com\/wp-content\/uploads\/2023\/11\/LOGO-RISE-AZUL.png","width":2160,"height":2160,"caption":"Rise Mode - Industry"},"image":{"@id":"https:\/\/risemode.com\/#\/schema\/logo\/image\/"},"sameAs":["https:\/\/www.facebook.com\/risemode.com.br","https:\/\/x.com\/risemode","https:\/\/www.instagram.com\/rise.mode\/","https:\/\/www.youtube.com\/risemode"]}]}},"jetpack_sharing_enabled":true,"_links":{"self":[{"href":"https:\/\/risemode.com\/zh\/wp-json\/wp\/v2\/pages\/8486"}],"collection":[{"href":"https:\/\/risemode.com\/zh\/wp-json\/wp\/v2\/pages"}],"about":[{"href":"https:\/\/risemode.com\/zh\/wp-json\/wp\/v2\/types\/page"}],"author":[{"embeddable":true,"href":"https:\/\/risemode.com\/zh\/wp-json\/wp\/v2\/users\/1"}],"replies":[{"embeddable":true,"href":"https:\/\/risemode.com\/zh\/wp-json\/wp\/v2\/comments?post=8486"}],"version-history":[{"count":22,"href":"https:\/\/risemode.com\/zh\/wp-json\/wp\/v2\/pages\/8486\/revisions"}],"predecessor-version":[{"id":24484,"href":"https:\/\/risemode.com\/zh\/wp-json\/wp\/v2\/pages\/8486\/revisions\/24484"}],"wp:attachment":[{"href":"https:\/\/risemode.com\/zh\/wp-json\/wp\/v2\/media?parent=8486"}],"curies":[{"name":"wp","href":"https:\/\/api.w.org\/{rel}","templated":true}]}}